{"id":3296,"date":"2017-09-12T07:20:39","date_gmt":"2017-09-12T07:20:39","guid":{"rendered":"https:\/\/aceite.globecore.com\/?page_id=3296"},"modified":"2017-09-12T07:23:45","modified_gmt":"2017-09-12T07:23:45","slug":"planta-movil-purificacion-aceite-cmm-2h","status":"publish","type":"page","link":"https:\/\/aceite.globecore.com\/purificacion-de-aceite\/secado-de-aceite-por-termovacio\/planta-movil-purificacion-aceite-cmm-2h","title":{"rendered":"PLANTA M\u00d3VIL DE PURIFICACI\u00d3N DE ACEITE CMM-2H"},"content":{"rendered":"<p style=\"text-align: center\"><img loading=\"lazy\" decoding=\"async\" class=\"aligncenter wp-image-3297\" src=\"https:\/\/aceite.globecore.com\/wp-content\/uploads\/sites\/30\/2017\/09\/CMM-2H.jpg\" alt=\"\" width=\"308\" height=\"372\" srcset=\"https:\/\/aceite.globecore.com\/wp-content\/uploads\/sites\/30\/2017\/09\/CMM-2H.jpg 308w, https:\/\/aceite.globecore.com\/wp-content\/uploads\/sites\/30\/2017\/09\/CMM-2H-248x300.jpg 248w\" sizes=\"auto, (max-width: 308px) 100vw, 308px\" \/><\/p>\n<p style=\"text-align: justify\">Planta m\u00f3vil de tratamiento de aceites CMM-2H est\u00e1 dise\u00f1ada para remover impurezas mec\u00e1nicas de aceites aislantes, as\u00ed como para desgasificaci\u00f3n y secado por termovac\u00edo.<\/p>\n<p style=\"text-align: justify\">Equipo puede utilizse para calentamiento de los equipos el\u00e9ctricos rellenos de aceite, con el aceite caliente de transformador, para secado por vac\u00edo de transformador y para\u00a0 tratamiento a vac\u00edo.\u00a0 Planta m\u00f3vil se aplica en las empresas de montaje, reparaci\u00f3n y explotaci\u00f3n,que realizan tratamiento de aceite de transformador.<\/p>\n<p style=\"text-align: justify\"><strong><u>Equipo consiste de:<\/u><\/strong><\/p>\n<ol>\n<li style=\"text-align: justify\">Bastidor;<\/li>\n<li style=\"text-align: justify\">C\u00e1mara de vac\u00edo;<\/li>\n<li style=\"text-align: justify\">Calentador;<\/li>\n<li style=\"text-align: justify\">Bloque de filtros;<\/li>\n<li style=\"text-align: justify\">Atrapador;<\/li>\n<li style=\"text-align: justify\">Armario de mando;<\/li>\n<li style=\"text-align: justify\">Bomba de descarga;<\/li>\n<li style=\"text-align: justify\">Bomba de vac\u00edo;<\/li>\n<li style=\"text-align: justify\">Panel de man\u00f3metros;<\/li>\n<li style=\"text-align: justify\">Salida;<\/li>\n<li style=\"text-align: justify\">Entrada.<\/li>\n<\/ol>\n<h3 style=\"text-align: center\"><u>Par\u00e1metros t\u00e9cnicos<\/u><u>:<\/u><\/h3>\n<table>\n<tbody>\n<tr>\n<td style=\"text-align: center\" width=\"536\"><strong>Par\u00e1metro<\/strong><\/td>\n<td style=\"text-align: center\" width=\"121\"><strong>Valor<\/strong><\/td>\n<\/tr>\n<tr>\n<td style=\"text-align: left\" width=\"536\">1.\u00a0\u00a0\u00a0\u00a0 Capacidad, \u043c3\/h<\/td>\n<td style=\"text-align: center\" width=\"121\">2<\/td>\n<\/tr>\n<tr>\n<td style=\"text-align: left\" width=\"536\">2.\u00a0\u00a0\u00a0\u00a0 Par\u00e1metros de aceite despu\u00e9s de su tratamiento:<\/td>\n<td width=\"121\"><\/td>\n<\/tr>\n<tr>\n<td style=\"text-align: left\" width=\"536\">&#8211; contenido de gases en aceite, %<\/td>\n<td style=\"text-align: center\" width=\"121\">1,5<\/td>\n<\/tr>\n<tr>\n<td style=\"text-align: left\" width=\"536\">&#8211; contenido de humedad en aceite, g\/t<\/td>\n<td style=\"text-align: center\" width=\"121\">10<\/td>\n<\/tr>\n<tr>\n<td style=\"text-align: left\" width=\"536\">&#8211; clase de pureza industrial conforme a ISO 4406 &#8211;\/14\/12<\/td>\n<td style=\"text-align: center\" width=\"121\">-\/14\/12<\/td>\n<\/tr>\n<tr>\n<td style=\"text-align: left\" width=\"536\">3.\u00a0\u00a0\u00a0\u00a0 Temperatura m\u00e1xima de aceite en la salida, C.<\/td>\n<td style=\"text-align: center\" width=\"121\">90<\/td>\n<\/tr>\n<tr>\n<td style=\"text-align: left\" width=\"536\">4.\u00a0\u00a0\u00a0\u00a0 Presi\u00f3n en la salida, bar<\/td>\n<td style=\"text-align: center\" width=\"121\">2<\/td>\n<\/tr>\n<tr>\n<td style=\"text-align: left\" width=\"536\">5.\u00a0\u00a0\u00a0\u00a0 Potencia de calentador de aceite, kW<\/td>\n<td style=\"text-align: center\" width=\"121\">40<\/td>\n<\/tr>\n<tr>\n<td style=\"text-align: left\" width=\"536\">6.\u00a0\u00a0\u00a0\u00a0 Potencia m\u00e1xima consumida, kW<\/td>\n<td style=\"text-align: center\" width=\"121\">44<\/td>\n<\/tr>\n<tr>\n<td style=\"text-align: left\" width=\"536\">7.\u00a0\u00a0\u00a0\u00a0 Presi\u00f3n restante en c\u00e1mara de vac\u00edo durante desgasificaci\u00f3n, mbar<\/td>\n<td style=\"text-align: center\" width=\"121\">10<\/td>\n<\/tr>\n<tr>\n<td style=\"text-align: left\" width=\"536\">8.\u00a0\u00a0\u00a0\u00a0 Par\u00e1metros del sistema de alimentaci\u00f3n el\u00e9ctrica:<\/td>\n<td width=\"121\"><\/td>\n<\/tr>\n<tr>\n<td style=\"text-align: left\" width=\"536\">&#8211; voltaje, V<\/td>\n<td style=\"text-align: center\" width=\"121\">380<\/td>\n<\/tr>\n<tr>\n<td style=\"text-align: left\" width=\"536\">&#8211; corriente alterna AC con frecuencia, Hz<\/td>\n<td style=\"text-align: center\" width=\"121\">50<\/td>\n<\/tr>\n<tr>\n<td style=\"text-align: left\" width=\"536\">9.\u00a0\u00a0\u00a0\u00a0 Dimensiones, mm<\/td>\n<td width=\"121\"><\/td>\n<\/tr>\n<tr>\n<td style=\"text-align: left\" width=\"536\">&#8211; Largo<\/td>\n<td style=\"text-align: center\" width=\"121\">1250<\/td>\n<\/tr>\n<tr>\n<td style=\"text-align: left\" width=\"536\">&#8211; Alto, con ruedas<\/td>\n<td style=\"text-align: center\" width=\"121\">1745<\/td>\n<\/tr>\n<tr>\n<td style=\"text-align: left\" width=\"536\">&#8211; Ancho<\/td>\n<td style=\"text-align: center\" width=\"121\">1225<\/td>\n<\/tr>\n<tr>\n<td style=\"text-align: left\" width=\"536\">10. Peso, kg<\/td>\n<td style=\"text-align: center\" width=\"121\">800<\/td>\n<\/tr>\n<\/tbody>\n<\/table>\n","protected":false},"excerpt":{"rendered":"<p>Planta m\u00f3vil de tratamiento de aceites CMM-2H est\u00e1 dise\u00f1ada para remover impurezas mec\u00e1nicas de aceites aislantes, as\u00ed como para desgasificaci\u00f3n y secado por termovac\u00edo. Equipo puede utilizse para calentamiento de los equipos el\u00e9ctricos rellenos de aceite, con el aceite caliente de transformador, para secado por vac\u00edo de transformador y para\u00a0 tratamiento a vac\u00edo.\u00a0 Planta m\u00f3vil<a class=\"cg-read-more\" href=\"https:\/\/aceite.globecore.com\/purificacion-de-aceite\/secado-de-aceite-por-termovacio\/planta-movil-purificacion-aceite-cmm-2h\" target=\"_blank\">Read More <\/a><\/p>\n","protected":false},"author":7,"featured_media":0,"parent":2494,"menu_order":0,"comment_status":"closed","ping_status":"closed","template":"","meta":{"footnotes":""},"class_list":["post-3296","page","type-page","status-publish","hentry"],"acf":[],"language":"en","_links":{"self":[{"href":"https:\/\/aceite.globecore.com\/en\/wp-json\/wp\/v2\/pages\/3296","targetHints":{"allow":["GET"]}}],"collection":[{"href":"https:\/\/aceite.globecore.com\/en\/wp-json\/wp\/v2\/pages"}],"about":[{"href":"https:\/\/aceite.globecore.com\/en\/wp-json\/wp\/v2\/types\/page"}],"author":[{"embeddable":true,"href":"https:\/\/aceite.globecore.com\/en\/wp-json\/wp\/v2\/users\/7"}],"replies":[{"embeddable":true,"href":"https:\/\/aceite.globecore.com\/en\/wp-json\/wp\/v2\/comments?post=3296"}],"version-history":[{"count":0,"href":"https:\/\/aceite.globecore.com\/en\/wp-json\/wp\/v2\/pages\/3296\/revisions"}],"up":[{"embeddable":true,"href":"https:\/\/aceite.globecore.com\/en\/wp-json\/wp\/v2\/pages\/2494"}],"wp:attachment":[{"href":"https:\/\/aceite.globecore.com\/en\/wp-json\/wp\/v2\/media?parent=3296"}],"curies":[{"name":"wp","href":"https:\/\/api.w.org\/{rel}","templated":true}]}}