{"id":3294,"date":"2017-09-12T06:49:24","date_gmt":"2017-09-12T06:49:24","guid":{"rendered":"https:\/\/aceite.globecore.com\/?page_id=3294"},"modified":"2020-04-14T10:28:24","modified_gmt":"2020-04-14T10:28:24","slug":"maquina-movil-tratamiento-aceite-globecore-cmm-100-a","status":"publish","type":"page","link":"https:\/\/aceite.globecore.com\/purificacion-de-aceite\/desgasificacion-de-aceite\/maquina-movil-tratamiento-aceite-globecore-cmm-100-a","title":{"rendered":"M\u00e1quina m\u00f3vil de tratamiento de aceite GlobeCore CMM 10,0 A"},"content":{"rendered":"<p style=\"text-align: center;\">\n<p style=\"text-align: justify;\">CMM-10.0 A\u00a0 est\u00e1 dise\u00f1ada para el tratamiento por vac\u00edo de transformadores, para removida de las part\u00edculas s\u00f3lidas, humedad y gases de los aceites diel\u00e9ctricos aislantes con la viscosidad hasta 70 cSt con 50\u00b0\u0421.<\/p>\n<p style=\"text-align: justify;\">La unidad est\u00e1 fabricada para la instalaci\u00f3n, mantenimiento y operaciones del equipamiento de alto voltaje, relleno de aceite (transformadores de potencia, interruptores de alto voltaje y etc.).<\/p>\n<p>La capacidad productiva de la unidad CMM-10.0 A es 10 000 l\/hora en modo de tratamiento por termovac\u00edo y 15 000 l\/hora en modo de calentamiento y filtraci\u00f3n, permitiendo procesar hasta 360 000 litros de aceite de transformadores por d\u00eda y proveer:<\/p>\n<ul>\n<li><strong>Removida de la humedad<\/strong> desde 100 ppm hasta to 10 ppm y desde 50 ppm hasta 5 ppm durante un solo ciclo y hasta 3 ppm despu\u00e9s de 3 pasadas (m\u00e9todo ASTM D-1533).<\/li>\n<li><strong>Reducci\u00f3n del contenido de gases <\/strong>desde completa saturaci\u00f3n con aire (desde 10% hasta 12% de vol\u00famen) hasta m\u00e9nos que 0.1% (ASTM D-2945) en una sola pasada.<\/li>\n<li><strong>Removida de las part\u00edculas s\u00f3lidas<\/strong> hasta 5,0 micr\u00f3n<\/li>\n<li><strong>Mejora de riguid\u00e9z diel\u00e9ctrica <\/strong>hasta 70 kV.<\/li>\n<\/ul>\n<h3 style=\"text-align: center;\">Par\u00e1metros t\u00e9cnicos<\/h3>\n<table width=\"693\">\n<tbody>\n<tr>\n<td colspan=\"4\" width=\"593\">\n<p style=\"text-align: center;\"><strong>Par\u00e1metro<\/strong><\/p>\n<\/td>\n<td width=\"101\">\n<p style=\"text-align: center;\"><strong>Valor<\/strong><\/p>\n<\/td>\n<\/tr>\n<tr>\n<td colspan=\"5\" width=\"693\">\n<p style=\"text-align: center;\">Capacidad, m<sup>3<\/sup>\/hora<\/p>\n<\/td>\n<\/tr>\n<tr>\n<td colspan=\"3\" rowspan=\"2\" width=\"67\"><strong><u>\u00a0<\/u><\/strong><\/td>\n<td width=\"525\">\n<p style=\"text-align: left;\">&#8211; en modos de desgasificaci\u00f3n, secado y filtraci\u00f3n<\/p>\n<\/td>\n<td width=\"101\">\n<p style=\"text-align: center;\"><strong><em>10<\/em><\/strong><\/p>\n<\/td>\n<\/tr>\n<tr>\n<td width=\"525\">\n<p style=\"text-align: left;\">&#8211; en modos de calentamiento y filtraci\u00f3n<\/p>\n<\/td>\n<td width=\"101\">\n<p style=\"text-align: center;\"><strong><em>15<\/em><\/strong><\/p>\n<\/td>\n<\/tr>\n<tr>\n<td colspan=\"5\" width=\"693\">\n<p style=\"text-align: center;\"><em>*<\/em> Par\u00e1metros del aceite tratado:<\/p>\n<\/td>\n<\/tr>\n<tr>\n<td colspan=\"2\" rowspan=\"3\" width=\"61\"><\/td>\n<td colspan=\"2\" width=\"532\">\n<p style=\"text-align: left;\">&#8211; contenido m\u00e1ximo de gases, % del vol\u00famen<\/p>\n<\/td>\n<td width=\"101\">\n<p style=\"text-align: center;\"><strong><em>0,1<\/em><\/strong><\/p>\n<\/td>\n<\/tr>\n<tr>\n<td colspan=\"2\" width=\"532\">\n<p style=\"text-align: left;\">&#8211; contenido de humedad, ppm<\/p>\n<\/td>\n<td width=\"101\">\n<p style=\"text-align: center;\"><strong><em>5<\/em><\/strong><\/p>\n<\/td>\n<\/tr>\n<tr>\n<td colspan=\"2\" width=\"532\">\n<p style=\"text-align: left;\">&#8211; clase de pureza industrial ISO 4406<\/p>\n<\/td>\n<td width=\"101\">\n<p style=\"text-align: center;\"><strong><em>-\/12\/16<\/em><\/strong><\/p>\n<\/td>\n<\/tr>\n<tr>\n<td colspan=\"4\" width=\"593\">Temperatura max.de aceite en la salida (en modo de calentamiento), \u00ba\u0421<\/td>\n<td width=\"101\">\n<p style=\"text-align: center;\"><strong><em>90<\/em><\/strong><\/p>\n<\/td>\n<\/tr>\n<tr>\n<td colspan=\"4\" width=\"593\">\n<p style=\"text-align: left;\">Presi\u00f3n en la salida, MPa<\/p>\n<\/td>\n<td width=\"101\">\n<p style=\"text-align: center;\"><strong><em>0,2<\/em><\/strong><\/p>\n<\/td>\n<\/tr>\n<tr>\n<td colspan=\"4\" width=\"593\">\n<p style=\"text-align: left;\">Potencia de calentador de aceite, kW<\/p>\n<\/td>\n<td width=\"101\">\n<p style=\"text-align: center;\"><strong><em>1<\/em><\/strong><strong><em>50<\/em><\/strong><\/p>\n<\/td>\n<\/tr>\n<tr>\n<td colspan=\"4\" width=\"593\">\n<p style=\"text-align: left;\">Potencia consumida, kW<\/p>\n<\/td>\n<td width=\"101\">\n<p style=\"text-align: center;\"><strong><em>18<\/em><\/strong><strong><em>5<\/em><\/strong><\/p>\n<\/td>\n<\/tr>\n<tr>\n<td colspan=\"4\" width=\"593\">\n<p style=\"text-align: left;\">Succi\u00f3n de aire al sistema de vac\u00edo durante 1 hora de control de hermeticidad, mbar<\/p>\n<\/td>\n<td width=\"101\">\n<p style=\"text-align: center;\"><strong><em>267<\/em><\/strong><\/p>\n<\/td>\n<\/tr>\n<tr>\n<td colspan=\"5\" width=\"693\">\n<p style=\"text-align: center;\">Par\u00e1metros del sistema de alimentaci\u00f3n el\u00e9ctrica<\/p>\n<\/td>\n<\/tr>\n<tr>\n<td rowspan=\"2\" width=\"47\"><\/td>\n<td colspan=\"3\" width=\"545\">\n<p style=\"text-align: left;\">&#8211; voltaje, V<\/p>\n<\/td>\n<td width=\"101\">\n<p style=\"text-align: center;\"><strong><em>380<\/em><\/strong><\/p>\n<\/td>\n<\/tr>\n<tr>\n<td colspan=\"3\" width=\"545\">\n<p style=\"text-align: left;\">&#8211; frecuencia de AC, Hz<\/p>\n<\/td>\n<td width=\"101\">\n<p style=\"text-align: center;\"><strong><em>50<\/em><\/strong><\/p>\n<\/td>\n<\/tr>\n<tr>\n<td colspan=\"5\" width=\"693\">\n<p style=\"text-align: center;\">Dimensiones, mm<\/p>\n<\/td>\n<\/tr>\n<tr>\n<td rowspan=\"3\" width=\"47\"><\/td>\n<td colspan=\"3\" width=\"545\">\n<p style=\"text-align: left;\">&#8211; largo<\/p>\n<\/td>\n<td width=\"101\">\n<p style=\"text-align: center;\"><strong><em>2795<\/em><\/strong><\/p>\n<\/td>\n<\/tr>\n<tr>\n<td colspan=\"3\" width=\"545\">\n<p style=\"text-align: left;\">&#8211; alto<\/p>\n<\/td>\n<td width=\"101\">\n<p style=\"text-align: center;\"><strong><em>1<\/em><\/strong><strong><em>8<\/em><\/strong><strong><em>0<\/em><\/strong><strong><em>5<\/em><\/strong><\/p>\n<\/td>\n<\/tr>\n<tr>\n<td colspan=\"3\" width=\"545\">\n<p style=\"text-align: left;\">&#8211; ancho<\/p>\n<\/td>\n<td width=\"101\">\n<p style=\"text-align: center;\"><strong><em>1<\/em><\/strong><strong><em>6<\/em><\/strong><strong><em>00<\/em><\/strong><\/p>\n<\/td>\n<\/tr>\n<tr>\n<td colspan=\"4\" width=\"593\">\n<p style=\"text-align: left;\">Peso max, kg<\/p>\n<\/td>\n<td width=\"101\">\n<p style=\"text-align: center;\"><strong><em>2<\/em><\/strong><strong><em>400<\/em><\/strong><\/p>\n<\/td>\n<\/tr>\n<tr>\n<td width=\"47\"><\/td>\n<td width=\"13\"><\/td>\n<td width=\"7\"><\/td>\n<td width=\"525\"><\/td>\n<td width=\"101\"><\/td>\n<\/tr>\n<\/tbody>\n<\/table>\n<p><strong><em>* Nota &#8211; <\/em><\/strong><em>\u00a0<\/em>se obtienen si par\u00e1metros iniciales de aceite son:<\/p>\n<ul>\n<li>contenido de gases \u2013\u00a0 m\u00e9nos a 10.5%;<\/li>\n<li>contenido de humedad \u2013 bajo 0,01% (100 ppm);<\/li>\n<li>temperatura \u2013 m\u00e1s de 0 \u00ba\u0421.<\/li>\n<\/ul>\n<p><strong>Dise\u00f1o de la unidad<\/strong><\/p>\n<p>La unidad est\u00e1 montada en rama y viene provista con las puertas con cerraduras y contienen lo siguiente:<\/p>\n<ol>\n<li>rama;<\/li>\n<li>bomba centr\u00edfuga de aceite en la entrada;<\/li>\n<li>bomba centr\u00edfuga de aceite en la salida;<\/li>\n<li>bomba booster de alto vac\u00edo;<\/li>\n<li>bomba de pre-vac\u00edo;<\/li>\n<li>armario el\u00e9ctrico de mando;<\/li>\n<li>c\u00e1mara de vac\u00edo;<\/li>\n<li>calentadora de aceite;<\/li>\n<li>filtros;<\/li>\n<li>atrapadora de aceite;<\/li>\n<li>tuber\u00edas;<\/li>\n<li>panel de control;<\/li>\n<li>salida de aceite;<\/li>\n<li>entrada de aceite<\/li>\n<\/ol>\n<h2 style=\"text-align: center;\"><strong>Principio de operaci\u00f3n<\/strong><\/h2>\n<p>La unidad opera en los siguientes modos:<\/p>\n<p><strong>Desgasificaci\u00f3n de aceite <\/strong>Este modo permite realizar filtraci\u00f3n, secado y desgasificaci\u00f3n de aceite.<\/p>\n<p><strong>Calentamiento de Transformador<\/strong>\u00a0 Este modo permite realizar calentamiento y filtraci\u00f3n de aceite, as\u00ed como calentamiento y filtraci\u00f3n de los devanados del transformador.<\/p>\n<p><strong>Evacuaci\u00f3n por \u00a0vac\u00edo de Transformador.<\/strong> En este modo se forma el vac\u00edo en transfromador con las bombas \u00a0de la m\u00e1quina.<\/p>\n","protected":false},"excerpt":{"rendered":"<p>CMM-10.0 A\u00a0 est\u00e1 dise\u00f1ada para el tratamiento por vac\u00edo de transformadores, para removida de las part\u00edculas s\u00f3lidas, humedad y gases de los aceites diel\u00e9ctricos aislantes con la viscosidad hasta 70 cSt con 50\u00b0\u0421. La unidad est\u00e1 fabricada para la instalaci\u00f3n, mantenimiento y operaciones del equipamiento de alto voltaje, relleno de aceite (transformadores de potencia, interruptores<a class=\"cg-read-more\" href=\"https:\/\/aceite.globecore.com\/purificacion-de-aceite\/desgasificacion-de-aceite\/maquina-movil-tratamiento-aceite-globecore-cmm-100-a\" target=\"_blank\">Read More <\/a><\/p>\n","protected":false},"author":7,"featured_media":3555,"parent":2465,"menu_order":0,"comment_status":"closed","ping_status":"closed","template":"page-templates\/page-single-products.php","meta":{"footnotes":""},"class_list":["post-3294","page","type-page","status-publish","has-post-thumbnail","hentry"],"acf":[],"language":"en","_links":{"self":[{"href":"https:\/\/aceite.globecore.com\/en\/wp-json\/wp\/v2\/pages\/3294","targetHints":{"allow":["GET"]}}],"collection":[{"href":"https:\/\/aceite.globecore.com\/en\/wp-json\/wp\/v2\/pages"}],"about":[{"href":"https:\/\/aceite.globecore.com\/en\/wp-json\/wp\/v2\/types\/page"}],"author":[{"embeddable":true,"href":"https:\/\/aceite.globecore.com\/en\/wp-json\/wp\/v2\/users\/7"}],"replies":[{"embeddable":true,"href":"https:\/\/aceite.globecore.com\/en\/wp-json\/wp\/v2\/comments?post=3294"}],"version-history":[{"count":0,"href":"https:\/\/aceite.globecore.com\/en\/wp-json\/wp\/v2\/pages\/3294\/revisions"}],"up":[{"embeddable":true,"href":"https:\/\/aceite.globecore.com\/en\/wp-json\/wp\/v2\/pages\/2465"}],"wp:featuredmedia":[{"embeddable":true,"href":"https:\/\/aceite.globecore.com\/en\/wp-json\/wp\/v2\/media\/3555"}],"wp:attachment":[{"href":"https:\/\/aceite.globecore.com\/en\/wp-json\/wp\/v2\/media?parent=3294"}],"curies":[{"name":"wp","href":"https:\/\/api.w.org\/{rel}","templated":true}]}}