{"id":3289,"date":"2017-09-12T06:31:07","date_gmt":"2017-09-12T06:31:07","guid":{"rendered":"https:\/\/aceite.globecore.com\/?page_id=3289"},"modified":"2018-05-04T11:43:06","modified_gmt":"2018-05-04T11:43:06","slug":"maquina-tratamiento-aceites-dielectricos-cmm-capacidad-4-000-lhora","status":"publish","type":"page","link":"https:\/\/aceite.globecore.com\/purificacion-de-aceite\/desgasificacion-de-aceite\/maquina-tratamiento-aceites-dielectricos-cmm-capacidad-4-000-lhora","title":{"rendered":"M\u00e1quina de tratamiento de aceites diel\u00e9ctricos \u0421\u041c\u041c Capacidad 4 000 l\/hora"},"content":{"rendered":"<p style=\"text-align: center;\"><img loading=\"lazy\" decoding=\"async\" class=\"size-full wp-image-3290 aligncenter\" src=\"https:\/\/aceite.globecore.com\/wp-content\/uploads\/sites\/30\/2017\/09\/CMM-4.jpg\" alt=\"\" width=\"646\" height=\"429\" srcset=\"https:\/\/aceite.globecore.com\/wp-content\/uploads\/sites\/30\/2017\/09\/CMM-4.jpg 646w, https:\/\/aceite.globecore.com\/wp-content\/uploads\/sites\/30\/2017\/09\/CMM-4-300x199.jpg 300w, https:\/\/aceite.globecore.com\/wp-content\/uploads\/sites\/30\/2017\/09\/CMM-4-272x182.jpg 272w\" sizes=\"auto, (max-width: 646px) 100vw, 646px\" \/><\/p>\n<ul>\n<li>Completamente automatizada<\/li>\n<li>Controlador industrial Mitsubishi \u03b12<\/li>\n<li>Sistema de vac\u00edo de dos etapas<\/li>\n<li>Sensor de humedad en el aceite en la entrada y en la salida<\/li>\n<li>Control intelectual de calentamiento<\/li>\n<li>Desgasificaci\u00f3n de aceite en \u201con-line\u201d transformadores<\/li>\n<\/ul>\n<h2 style=\"text-align: center;\">Aplicaci\u00f3n de la M\u00e1quina<\/h2>\n<p style=\"text-align: justify;\"><strong>Planta <\/strong><strong>\u0421\u041c\u041c<\/strong> est\u00e1 dise\u00f1ada para realizar desgasificaci\u00f3n, secado, filtraci\u00f3n de las part\u00edculas mec\u00e1nicas y calentamiento del aceite de transformador, vertido en los transformadores de potencia bajo tensi\u00f3n hasta <strong><em>1150 kV<\/em><\/strong> incluso.<\/p>\n<p style=\"text-align: justify;\">Planta puede utilizarse para calentamiento con el aceite caliente de los aparatos el\u00e9ctricos llenados con aceite,\u00a0 para secado y desgasificaci\u00f3n del aceite nuevo y usado, para calentamiento y filtraci\u00f3n, secado bajo vac\u00edo de aislamientos de transformador y para desgasificaci\u00f3n por vac\u00edo de tercer equipo.<\/p>\n<p style=\"text-align: justify;\">Planta se usa en las actividades de montajes, mantenimiento y explotaci\u00f3n el\u00e9ctricas y en el tratamiento de aceite.<\/p>\n<p style=\"text-align: justify;\">Planta no se aplica en \u00e1reas de trabajos explosibles, t\u00f3xicos y\/u otros, con interacci\u00f3n con los materiales lubricantes.<\/p>\n<p style=\"text-align: justify;\">Al aplicar la Planta en \u00e1reas cerradas es necesario proveer extracci\u00f3n de los gases descargados afuera por medio de tuber\u00edas.<\/p>\n<h2 style=\"text-align: center;\">Modos de trabajo de la M\u00e1quina<\/h2>\n<p style=\"text-align: justify;\"><strong>Modo de secado y desgasificaci\u00f3n <\/strong>s eaplica para eliminaci\u00f3n de la humedad y de los gases. \u00c9ste modo se aplica para el tratamiento de los aceites nuvos y usados.<\/p>\n<p style=\"text-align: justify;\"><strong>Modo de calentamiento y filtraci\u00f3n <\/strong>es necesario para calentamiento y filtraci\u00f3n de los volumenes grandes de aceite o en lavado del equipamiento con el aceite caliente.<\/p>\n<p style=\"text-align: justify;\"><strong>Modo de mando manual <\/strong>est\u00e1 previsto para la posibilidad de revisi\u00f3n de las bombas y para los ajustes de la Planta.\u00a0 \u00a0Adem\u00e1s, en el modo manual se puede realizar el funcionamiento apropiado del equipo.<\/p>\n<p style=\"text-align: justify;\"><strong>Modo de desgasificaci\u00f3n por vac\u00edo de tercer equipo.<\/strong><\/p>\n<p><strong>Especificaciones t\u00e9cnicas<\/strong><\/p>\n<h3 style=\"text-align: center;\">Par\u00e1metros del aceite tratado:<\/h3>\n<p>Planta puede realizar el tratamiento de los aceites minerales del transformador con las siguientes propiedades:<\/p>\n<table>\n<tbody>\n<tr>\n<td style=\"text-align: center;\" width=\"510\">Contenido de humedad en aceite, ppm, no mas<\/td>\n<td style=\"text-align: center;\" width=\"132\"><strong>100<\/strong><\/td>\n<\/tr>\n<tr>\n<td style=\"text-align: center;\" width=\"510\">Contenido de gases %, no mas<\/td>\n<td style=\"text-align: center;\" width=\"132\"><strong>10<\/strong><strong>.<\/strong><strong>5<\/strong><\/td>\n<\/tr>\n<tr>\n<td style=\"text-align: center;\" width=\"510\">\u00a0Clase de pureza industrial conforme a ISO 4406, no menos<\/td>\n<td style=\"text-align: center;\" width=\"132\"><strong>14<\/strong><\/td>\n<\/tr>\n<tr>\n<td style=\"text-align: center;\" width=\"510\">Densidad con 20\u00b0\u0421, kg\/m<sup>3<\/sup><\/td>\n<td style=\"text-align: center;\" width=\"132\"><strong>800\u2026950<\/strong><\/td>\n<\/tr>\n<tr>\n<td style=\"text-align: center;\" width=\"510\">Viscosidad cinem\u00e0tica, mm<sup>2<\/sup>\/s, con 50 \u00b0\u0421<\/td>\n<td style=\"text-align: center;\" width=\"132\"><strong>2\u202612<\/strong><\/td>\n<\/tr>\n<\/tbody>\n<\/table>\n<h3>Par\u00e1metros del aceite procesado:<\/h3>\n<table>\n<tbody>\n<tr>\n<td width=\"460\"><\/td>\n<td colspan=\"2\" width=\"182\"><\/td>\n<\/tr>\n<tr>\n<td style=\"text-align: center;\" colspan=\"2\" width=\"510\">Contenido de humedad en aceite, ppm, no m\u00e1s<\/td>\n<td style=\"text-align: center;\" width=\"132\"><strong>10<\/strong><\/td>\n<\/tr>\n<tr>\n<td style=\"text-align: center;\" colspan=\"2\" width=\"510\">Clase de pureza industrial conforme a ISO 4406<\/td>\n<td style=\"text-align: center;\" width=\"132\"><strong>8-9<\/strong><\/td>\n<\/tr>\n<tr>\n<td style=\"text-align: center;\" colspan=\"2\" width=\"510\">Fineza de filtraci\u00f3n, micr\u00f3n<\/td>\n<td style=\"text-align: center;\" width=\"132\"><strong>5*<\/strong><\/td>\n<\/tr>\n<tr>\n<td style=\"text-align: center;\" colspan=\"2\" width=\"510\">Contenido de gases %, no m\u00e1s<\/td>\n<td style=\"text-align: center;\" width=\"132\"><strong>0<\/strong><strong>.<\/strong><strong>1<\/strong><\/td>\n<\/tr>\n<tr>\n<td style=\"text-align: center;\" colspan=\"2\" width=\"510\">Tensi\u00f3n desruptiva, kV, no menos<\/td>\n<td style=\"text-align: center;\" width=\"132\"><strong>70<\/strong><\/td>\n<\/tr>\n<tr>\n<td style=\"text-align: center;\" colspan=\"2\" width=\"510\">Contenido de particulas mec\u00e1nicas, g\/t, no m\u00e1s<\/td>\n<td style=\"text-align: center;\" width=\"132\"><strong>8<\/strong><\/td>\n<\/tr>\n<tr>\n<td width=\"460\"><\/td>\n<td width=\"50\"><\/td>\n<td width=\"132\"><\/td>\n<\/tr>\n<\/tbody>\n<\/table>\n<h3 style=\"text-align: center;\"><strong>\u00a0<\/strong>Par\u00e1metros de la M\u00e1quina<\/h3>\n<table width=\"642\">\n<tbody>\n<tr>\n<td style=\"text-align: center;\" colspan=\"2\" width=\"510\">Capacidad, l\/hora<\/td>\n<td style=\"text-align: center;\" width=\"132\"><strong><em>4\u00a0000<\/em><\/strong><\/td>\n<\/tr>\n<tr>\n<td style=\"text-align: center;\" colspan=\"2\" width=\"510\">Banda de regulaci\u00f3n de capacidad, l\/hora<\/td>\n<td style=\"text-align: center;\" width=\"132\"><strong><em>500-4 000<\/em><\/strong><\/td>\n<\/tr>\n<tr>\n<td style=\"text-align: center;\" colspan=\"2\" width=\"510\">Temperatura de aceite en la c\u00e1mara de vac\u00edo<\/td>\n<td style=\"text-align: center;\" width=\"132\"><strong><em>85<\/em><\/strong><\/td>\n<\/tr>\n<tr>\n<td style=\"text-align: center;\" colspan=\"2\" width=\"510\">Capacidad del sistema de vac\u00edo, m<sup>3<\/sup>\/hora<\/td>\n<td style=\"text-align: center;\" width=\"132\"><strong><em>275<\/em><\/strong><\/td>\n<\/tr>\n<tr>\n<td style=\"text-align: center;\" colspan=\"2\" width=\"510\">Presi\u00f3n del sistema de vac\u00edo, mbar<\/td>\n<td style=\"text-align: center;\" width=\"132\"><strong><em>\u22643<\/em><\/strong><\/td>\n<\/tr>\n<tr>\n<td style=\"text-align: center;\" colspan=\"2\" width=\"510\">Altura de subida de aceite, no menos, m<\/td>\n<td style=\"text-align: center;\" width=\"132\"><strong><em>9<\/em><\/strong><\/td>\n<\/tr>\n<tr>\n<td style=\"text-align: center;\" colspan=\"2\" width=\"510\">Altura de aspiraci\u00f3n de aceite, con densidad 8 g\/cm<sup>3<\/sup>, no menos<\/td>\n<td style=\"text-align: center;\" width=\"132\"><strong><em>9<\/em><\/strong><\/td>\n<\/tr>\n<tr>\n<td style=\"text-align: center;\" colspan=\"2\" width=\"510\">Potencia de calentador de aceite, kW<\/td>\n<td style=\"text-align: center;\" width=\"132\"><strong><em>50<\/em><\/strong><\/td>\n<\/tr>\n<tr>\n<td style=\"text-align: center;\" colspan=\"2\" width=\"510\">Potencia espec\u00ecfica del superficie de calentador de aceite, W\/cm<sup>2<\/sup>, no m\u00e1s<\/td>\n<td style=\"text-align: center;\" width=\"132\"><strong><em>1<\/em><\/strong><strong><em>.<\/em><\/strong><strong><em>15<\/em><\/strong><\/td>\n<\/tr>\n<tr>\n<td style=\"text-align: center;\" colspan=\"2\" width=\"510\">Potencia consumida, kW, no m\u00e1s<\/td>\n<td style=\"text-align: center;\" width=\"132\"><strong><em>62<\/em><\/strong><\/td>\n<\/tr>\n<tr>\n<td style=\"text-align: center;\" colspan=\"3\" width=\"642\">Par\u00e1metros del sistema de alimentaci\u00f3n el\u00e9ctrica<\/td>\n<\/tr>\n<tr>\n<td rowspan=\"2\" width=\"85\"><\/td>\n<td style=\"text-align: left;\" width=\"425\">&#8211; voltaje, V<\/td>\n<td style=\"text-align: center;\" width=\"132\"><strong><em>380<\/em><\/strong><\/td>\n<\/tr>\n<tr>\n<td style=\"text-align: left;\" width=\"425\">&#8211; frecuencia de AC, Hz<\/td>\n<td style=\"text-align: center;\" width=\"132\"><strong><em>50<\/em><\/strong><\/td>\n<\/tr>\n<tr>\n<td style=\"text-align: center;\" colspan=\"3\" width=\"642\">Dimensiones, mm<\/td>\n<\/tr>\n<tr>\n<td rowspan=\"3\" width=\"85\"><\/td>\n<td style=\"text-align: left;\" width=\"425\">&#8211; largo<\/td>\n<td style=\"text-align: center;\" width=\"132\"><strong>3550<\/strong><\/td>\n<\/tr>\n<tr>\n<td style=\"text-align: left;\" width=\"425\">&#8211; ancho<\/td>\n<td style=\"text-align: center;\" width=\"132\"><strong>2050<\/strong><\/td>\n<\/tr>\n<tr>\n<td style=\"text-align: left;\" width=\"425\">&#8211; alto<\/td>\n<td style=\"text-align: center;\" width=\"132\"><strong>1850<\/strong><\/td>\n<\/tr>\n<tr>\n<td style=\"text-align: center;\" colspan=\"2\" width=\"510\">\u00a0Peso, kg<\/td>\n<td style=\"text-align: center;\" width=\"132\"><strong>15<\/strong><strong>00<\/strong><\/td>\n<\/tr>\n<\/tbody>\n<\/table>\n<h2 style=\"text-align: center;\">Automatizaci\u00f3n absoluta de funcionamiento de la M\u00e1quina<\/h2>\n<p style=\"text-align: justify;\">Automatizaci\u00f3n est\u00e1 ejecutada en base de <strong>PLC VIPA<\/strong>.<\/p>\n<p style=\"text-align: justify;\">El software est\u00e1 desarrollado por los ingenieros de <strong><em>GlobeCore<\/em>.<\/strong> El software se actualiza f\u00e1cilmente por medio de un ordenador o con una unidad de almacenamiento USB.<\/p>\n<p style=\"text-align: center;\"><img loading=\"lazy\" decoding=\"async\" class=\"size-full wp-image-3292 aligncenter\" src=\"https:\/\/aceite.globecore.com\/wp-content\/uploads\/sites\/30\/2017\/09\/TSS.jpg\" alt=\"\" width=\"752\" height=\"453\" srcset=\"https:\/\/aceite.globecore.com\/wp-content\/uploads\/sites\/30\/2017\/09\/TSS.jpg 752w, https:\/\/aceite.globecore.com\/wp-content\/uploads\/sites\/30\/2017\/09\/TSS-300x181.jpg 300w\" sizes=\"auto, (max-width: 752px) 100vw, 752px\" \/><\/p>\n<p><iframe loading=\"lazy\" title=\"Desgasificaci\u00f3n de Aceite de Transformador en Plataformas de Perforaci\u00f3n y en Parques E\u00f3licos\" width=\"604\" height=\"340\" src=\"https:\/\/www.youtube.com\/embed\/ilarqOmyCCc?feature=oembed\" frameborder=\"0\" allow=\"accelerometer; autoplay; clipboard-write; encrypted-media; gyroscope; picture-in-picture; web-share\" referrerpolicy=\"strict-origin-when-cross-origin\" allowfullscreen><\/iframe><\/p>\n","protected":false},"excerpt":{"rendered":"<p>Completamente automatizada Controlador industrial Mitsubishi \u03b12 Sistema de vac\u00edo de dos etapas Sensor de humedad en el aceite en la entrada y en la salida Control intelectual de calentamiento Desgasificaci\u00f3n de aceite en \u201con-line\u201d transformadores Aplicaci\u00f3n de la M\u00e1quina Planta \u0421\u041c\u041c est\u00e1 dise\u00f1ada para realizar desgasificaci\u00f3n, secado, filtraci\u00f3n de las part\u00edculas mec\u00e1nicas y calentamiento del<a class=\"cg-read-more\" href=\"https:\/\/aceite.globecore.com\/purificacion-de-aceite\/desgasificacion-de-aceite\/maquina-tratamiento-aceites-dielectricos-cmm-capacidad-4-000-lhora\" target=\"_blank\">Read More <\/a><\/p>\n","protected":false},"author":7,"featured_media":0,"parent":2465,"menu_order":0,"comment_status":"closed","ping_status":"closed","template":"page-templates\/page-single-products.php","meta":{"footnotes":""},"class_list":["post-3289","page","type-page","status-publish","hentry"],"acf":[],"language":"en","_links":{"self":[{"href":"https:\/\/aceite.globecore.com\/en\/wp-json\/wp\/v2\/pages\/3289","targetHints":{"allow":["GET"]}}],"collection":[{"href":"https:\/\/aceite.globecore.com\/en\/wp-json\/wp\/v2\/pages"}],"about":[{"href":"https:\/\/aceite.globecore.com\/en\/wp-json\/wp\/v2\/types\/page"}],"author":[{"embeddable":true,"href":"https:\/\/aceite.globecore.com\/en\/wp-json\/wp\/v2\/users\/7"}],"replies":[{"embeddable":true,"href":"https:\/\/aceite.globecore.com\/en\/wp-json\/wp\/v2\/comments?post=3289"}],"version-history":[{"count":0,"href":"https:\/\/aceite.globecore.com\/en\/wp-json\/wp\/v2\/pages\/3289\/revisions"}],"up":[{"embeddable":true,"href":"https:\/\/aceite.globecore.com\/en\/wp-json\/wp\/v2\/pages\/2465"}],"wp:attachment":[{"href":"https:\/\/aceite.globecore.com\/en\/wp-json\/wp\/v2\/media?parent=3289"}],"curies":[{"name":"wp","href":"https:\/\/api.w.org\/{rel}","templated":true}]}}