{"id":3285,"date":"2017-09-12T05:43:22","date_gmt":"2017-09-12T05:43:22","guid":{"rendered":"https:\/\/aceite.globecore.com\/?page_id=3285"},"modified":"2020-10-06T12:40:43","modified_gmt":"2020-10-06T12:40:43","slug":"planta-regeneracion-aceite-sistema-reactivacion-tierra-fuller-cmm-r121000","status":"publish","type":"page","link":"https:\/\/aceite.globecore.com\/purificacion-de-aceite\/regeneracion-de-aceite\/planta-regeneracion-aceite-sistema-reactivacion-tierra-fuller-cmm-r121000","title":{"rendered":"Planta de regeneraci\u00f3n de aceite con el sistema de reactivaci\u00f3n de Tierra Fuller \u0421\u041c\u041c-R12\/1000"},"content":{"rendered":"<p style=\"text-align: center;\"><img loading=\"lazy\" decoding=\"async\" class=\"alignnone size-medium wp-image-3559\" src=\"http:\/\/aceite.globecore.com\/wp-content\/uploads\/sites\/30\/2020\/04\/12\u0420-300x245.jpg\" alt=\"\" width=\"300\" height=\"245\" srcset=\"https:\/\/aceite.globecore.com\/wp-content\/uploads\/sites\/30\/2020\/04\/12\u0420-300x245.jpg 300w, https:\/\/aceite.globecore.com\/wp-content\/uploads\/sites\/30\/2020\/04\/12\u0420-1024x836.jpg 1024w, https:\/\/aceite.globecore.com\/wp-content\/uploads\/sites\/30\/2020\/04\/12\u0420-768x627.jpg 768w, https:\/\/aceite.globecore.com\/wp-content\/uploads\/sites\/30\/2020\/04\/12\u0420.jpg 1225w\" sizes=\"auto, (max-width: 300px) 100vw, 300px\" \/><\/p>\n<ul>\n<li>incrementa tensi\u00f3n disruptiva<\/li>\n<li>restaura composici\u00f3n qu\u00ecmica de aceite<\/li>\n<li>refina color de aceite<\/li>\n<li>incrementa estabilidad a la oxidaci\u00f3n<\/li>\n<li>disminuye la capacidad de disolver los gases<\/li>\n<li>reactiva Tierra Fuller hasta 300 veces sin reemplazarla<\/li>\n<li>f\u00e1cil en operaci\u00f3n y en servicio<\/li>\n<li>opera simultaneamente las unidades de secado y de desgasificaci\u00f3n<\/li>\n<li>realiza tratamiento de transformadores on-line<\/li>\n<li>realiza tratamiento de aceite de transformador<\/li>\n<\/ul>\n<h2 style=\"text-align: center;\">\u00a0Aplicaciones<\/h2>\n<p style=\"text-align: justify;\">Muchos de los sistemas el\u00e9ctricos industriales contienen los aceites diel\u00e9ctricos. Para extender la vida de servicio del equipamiento con el aceite se requiere que los diel\u00e9ctricos est\u00e9n preparados y periodicamente tratados. \u00a0Secado caliente al vac\u00edo y desgasificaci\u00f3n de los diel\u00e9ctricos son los m\u00e9todos para tal tratamiento. \u00a0\u00a0\u00c9sta tecnolog\u00eda en combinaci\u00f3n con filtraci\u00f3n permite extender significativamente el tiempo de servicio\u00a0 del equipamiento con el contenido de aceite.<\/p>\n<p style=\"text-align: justify;\">T\u00e9rmino largo de uso de los aceites\u00a0 causa la degradaci\u00f3n t\u00e9rmica y qu\u00edmica de los aceites. \u00a0Los productos de tal degradaci\u00f3n son los elementos qu\u00edmicos adversos, cu\u00e1les afectan las propiedades diel\u00e9ctricas\u00a0 del aceite, as\u00ed como la operaci\u00f3n del equipamiento el\u00e9ctrico. \u00c9ste problema se resuelve por medio de la regeneraci\u00f3n peri\u00f3dica de aceite.<\/p>\n<p style=\"text-align: justify;\">La planta se usa durante la instalaci\u00f3n, mantenimiento y operaci\u00f3n del equipamiento de alto voltaje con el contenido de aceite (transformadores de potencia, equipamiento de conmutaci\u00f3n, etc.).<\/p>\n<p style=\"text-align: justify;\">La planta est\u00e1 dise\u00f1ada para el procesamiento de los aceites aislantes diel\u00e9ctricos y para el mantenimiento de los transformadores.<\/p>\n<p style=\"text-align: justify;\">El proceso de tratamiento del aceite diel\u00e9ctrico incluye lo siguiente:<\/p>\n<ul>\n<li style=\"text-align: justify;\"><strong>Removida de los gases disueltos en el aceite.<\/strong><\/li>\n<li style=\"text-align: justify;\"><strong>Removida de agua libre y disuelta. <\/strong><\/li>\n<li style=\"text-align: justify;\"><strong>Removida de las particulas s\u00f3lidas.<\/strong><\/li>\n<li style=\"text-align: justify;\"><strong>Removida de los productos de decomposici\u00f3n del aceite.<\/strong><\/li>\n<li style=\"text-align: justify;\">Mantenimiento de los transfrormadores incluye:<\/li>\n<li style=\"text-align: justify;\"><strong>Tratamiento por vac\u00edo del transfrormador.<\/strong><\/li>\n<li style=\"text-align: justify;\"><strong>Calentamiento con el aceite caliente del transformador y de la parte activa de los devanados.<\/strong><\/li>\n<li style=\"text-align: justify;\"><strong>Removida de lodos de los devanados.<\/strong><\/li>\n<\/ul>\n<p style=\"text-align: center;\"><img loading=\"lazy\" decoding=\"async\" class=\"size-full wp-image-3287 aligncenter\" src=\"https:\/\/aceite.globecore.com\/wp-content\/uploads\/sites\/30\/2017\/09\/Ecuador.jpg\" alt=\"\" width=\"697\" height=\"390\" srcset=\"https:\/\/aceite.globecore.com\/wp-content\/uploads\/sites\/30\/2017\/09\/Ecuador.jpg 697w, https:\/\/aceite.globecore.com\/wp-content\/uploads\/sites\/30\/2017\/09\/Ecuador-300x168.jpg 300w\" sizes=\"auto, (max-width: 697px) 100vw, 697px\" \/><\/p>\n<h3 style=\"text-align: center;\">Caracter\u00edsticas t\u00e9cnicas<\/h3>\n<table>\n<tbody>\n<tr>\n<td width=\"395\">\n<p style=\"text-align: center;\"><strong>Par\u00e1metro<\/strong><\/p>\n<\/td>\n<td width=\"113\">\n<p style=\"text-align: center;\"><strong>Unidad de medida<\/strong><\/p>\n<\/td>\n<td width=\"149\">\n<p style=\"text-align: center;\"><strong>Valor<\/strong><\/p>\n<\/td>\n<\/tr>\n<tr>\n<td width=\"395\">\n<p style=\"text-align: left;\"><strong>Secci\u00f3n de desgasificaci\u00f3n de aceite<\/strong><\/p>\n<p style=\"text-align: left;\">Capacidad max.<\/p>\n<\/td>\n<td width=\"113\">\n<p style=\"text-align: center;\">l\/hora<\/p>\n<\/td>\n<td width=\"149\">\n<p style=\"text-align: center;\">1 000<\/p>\n<\/td>\n<\/tr>\n<tr>\n<td width=\"395\">\n<p style=\"text-align: left;\">Temperatura de aceite, max.<\/p>\n<\/td>\n<td width=\"113\">\n<p style=\"text-align: center;\"><sup>\u043e<\/sup>\u0421<\/p>\n<\/td>\n<td width=\"149\">\n<p style=\"text-align: center;\">90<\/p>\n<\/td>\n<\/tr>\n<tr>\n<td width=\"395\">\n<p style=\"text-align: left;\">Presi\u00f3n en la salida<\/p>\n<\/td>\n<td width=\"113\">\n<p style=\"text-align: center;\">bar<\/p>\n<\/td>\n<td width=\"149\">2,5<\/td>\n<\/tr>\n<tr>\n<td width=\"395\">\n<p style=\"text-align: left;\">Potencia del calentador de aceite<\/p>\n<\/td>\n<td width=\"113\">\n<p style=\"text-align: center;\">kW<\/p>\n<\/td>\n<td width=\"149\">\n<p style=\"text-align: center;\">75<\/p>\n<\/td>\n<\/tr>\n<tr>\n<td width=\"395\">\n<p style=\"text-align: left;\">Tasa nominal de aspiraci\u00f3n del sistema de vac\u00edo<\/p>\n<\/td>\n<td width=\"113\">\n<p style=\"text-align: center;\">m3\/hour<\/p>\n<\/td>\n<td width=\"149\">\n<p style=\"text-align: center;\">280<\/p>\n<\/td>\n<\/tr>\n<tr>\n<td width=\"395\">\n<p style=\"text-align: left;\"><strong>Secci\u00f3n de regeneraci\u00f3n de aceite<\/strong><\/p>\n<p style=\"text-align: left;\">Cantidad (peso) de Tierra Fuller<\/p>\n<\/td>\n<td width=\"113\">\n<p style=\"text-align: center;\">kg<\/p>\n<\/td>\n<td width=\"149\">\n<p style=\"text-align: center;\">1800<\/p>\n<\/td>\n<\/tr>\n<tr>\n<td width=\"395\">\n<p style=\"text-align: left;\">Consumo de energ\u00eda el\u00e9ctrica, max.<\/p>\n<\/td>\n<td width=\"113\">\n<p style=\"text-align: center;\">kW<\/p>\n<\/td>\n<td width=\"149\">\n<p style=\"text-align: center;\">95<\/p>\n<\/td>\n<\/tr>\n<tr>\n<td colspan=\"3\" width=\"657\">\n<p style=\"text-align: center;\">Par\u00e1metros de la energ\u00eda el\u00e9ctrica<\/p>\n<\/td>\n<\/tr>\n<tr>\n<td width=\"395\">\n<p style=\"text-align: left;\">N\u00famero de fases<\/p>\n<\/td>\n<td width=\"113\"><\/td>\n<td width=\"149\">\n<p style=\"text-align: center;\">3p+1N+PE<\/p>\n<\/td>\n<\/tr>\n<tr>\n<td width=\"395\">\n<p style=\"text-align: left;\">Voltaje<\/p>\n<\/td>\n<td width=\"113\">\n<p style=\"text-align: center;\">V<\/p>\n<\/td>\n<td width=\"149\">\n<p style=\"text-align: center;\">Seg\u00fan cliente<\/p>\n<\/td>\n<\/tr>\n<tr>\n<td width=\"395\">\n<p style=\"text-align: left;\">Frecuencia\u00a0 de la corriente alterna AC<\/p>\n<\/td>\n<td width=\"113\">\n<p style=\"text-align: center;\">Hz<\/p>\n<\/td>\n<td width=\"149\">\n<p style=\"text-align: center;\">60<\/p>\n<\/td>\n<\/tr>\n<tr>\n<td colspan=\"3\" width=\"657\">\n<p style=\"text-align: center;\">Medidas de acoplamiento<\/p>\n<\/td>\n<\/tr>\n<tr>\n<td width=\"395\">\n<p style=\"text-align: left;\">Entrada de aceite<\/p>\n<\/td>\n<td width=\"113\">\n<p style=\"text-align: center;\">DN<\/p>\n<\/td>\n<td width=\"149\">\n<p style=\"text-align: center;\">25\/Camlock<\/p>\n<\/td>\n<\/tr>\n<tr>\n<td width=\"395\">\n<p style=\"text-align: left;\">Salida de aceite<\/p>\n<\/td>\n<td width=\"113\">\n<p style=\"text-align: center;\">DN<\/p>\n<\/td>\n<td width=\"149\">\n<p style=\"text-align: center;\">25\/Camlock<\/p>\n<\/td>\n<\/tr>\n<tr>\n<td width=\"395\">\n<p style=\"text-align: left;\">Entrada del sistema de vac\u00edo de transfromador<\/p>\n<\/td>\n<td width=\"113\">\n<p style=\"text-align: center;\">DN<\/p>\n<\/td>\n<td width=\"149\">\n<p style=\"text-align: center;\">Flange DN80<\/p>\n<\/td>\n<\/tr>\n<tr>\n<td width=\"395\">\n<p style=\"text-align: left;\">Escape de las bombas de vac\u00edo<\/p>\n<\/td>\n<td width=\"113\">\n<p style=\"text-align: center;\">DN<\/p>\n<\/td>\n<td width=\"149\">\n<p style=\"text-align: center;\">50<\/p>\n<\/td>\n<\/tr>\n<tr>\n<td width=\"395\">\n<p style=\"text-align: left;\">Escape del bloque de reactivaci\u00f3n<\/p>\n<\/td>\n<td width=\"113\">\n<p style=\"text-align: center;\">DN<\/p>\n<\/td>\n<td width=\"149\">\n<p style=\"text-align: center;\">50<\/p>\n<\/td>\n<\/tr>\n<tr>\n<td colspan=\"3\" width=\"657\">\n<p style=\"text-align: center;\">Especificaciones de los elementos de filtrado<\/p>\n<\/td>\n<\/tr>\n<tr>\n<td width=\"395\">\n<p style=\"text-align: left;\">Filro de depuraci\u00f3n basta (de malla)<\/p>\n<\/td>\n<td width=\"113\">\n<p style=\"text-align: center;\">hm<\/p>\n<\/td>\n<td width=\"149\">\n<p style=\"text-align: center;\">100<\/p>\n<\/td>\n<\/tr>\n<tr>\n<td width=\"395\">\n<p style=\"text-align: left;\">Filtro previo con elemento filtrante<\/p>\n<\/td>\n<td width=\"113\">\n<p style=\"text-align: center;\">hm<\/p>\n<\/td>\n<td width=\"149\">\n<p style=\"text-align: center;\">25<\/p>\n<\/td>\n<\/tr>\n<tr>\n<td width=\"395\">\n<p style=\"text-align: left;\">Filtro del bloque de regeneraci\u00f3n con elemento filtrante<\/p>\n<\/td>\n<td width=\"113\">\n<p style=\"text-align: center;\">hm<\/p>\n<\/td>\n<td width=\"149\">\n<p style=\"text-align: center;\">0,3\u04452<\/p>\n<\/td>\n<\/tr>\n<tr>\n<td width=\"395\">\n<p style=\"text-align: left;\">Filtro fino con elemento filtrante<\/p>\n<\/td>\n<td width=\"113\">\n<p style=\"text-align: center;\">hm<\/p>\n<p>&nbsp;<\/td>\n<td width=\"149\">\n<p style=\"text-align: center;\">1<\/p>\n<\/td>\n<\/tr>\n<tr>\n<td colspan=\"3\" width=\"657\">\n<p style=\"text-align: center;\">Dimensiones\/sin remolque<\/p>\n<\/td>\n<\/tr>\n<tr>\n<td width=\"395\">\n<p style=\"text-align: left;\">Largo<\/p>\n<\/td>\n<td width=\"113\">\n<p style=\"text-align: center;\">mm<\/p>\n<\/td>\n<td width=\"149\">\n<p style=\"text-align: center;\">11500<\/p>\n<\/td>\n<\/tr>\n<tr>\n<td width=\"395\">\n<p style=\"text-align: left;\">Ancho<\/p>\n<\/td>\n<td width=\"113\">\n<p style=\"text-align: center;\">mm<\/p>\n<\/td>\n<td width=\"149\">\n<p style=\"text-align: center;\">2090<\/p>\n<\/td>\n<\/tr>\n<tr>\n<td width=\"395\">\n<p style=\"text-align: left;\">Alto<\/p>\n<\/td>\n<td width=\"113\">\n<p style=\"text-align: center;\">mm<\/p>\n<\/td>\n<td width=\"149\">\n<p style=\"text-align: center;\">2110<\/p>\n<\/td>\n<\/tr>\n<tr>\n<td width=\"395\">\n<p style=\"text-align: left;\">Peso<\/p>\n<\/td>\n<td width=\"113\">\n<p style=\"text-align: center;\">kg<\/p>\n<\/td>\n<td width=\"149\">\n<p style=\"text-align: center;\">15000<\/p>\n<\/td>\n<\/tr>\n<\/tbody>\n<\/table>\n<h3 style=\"text-align: center;\"><strong>\u00a0<\/strong>Caracter\u00edsticas de aceite nuevo despu\u00e9s de procesarlo<\/h3>\n<table width=\"656\">\n<tbody>\n<tr>\n<td width=\"394\">\n<p style=\"text-align: center;\"><strong>Parametro<\/strong><\/p>\n<\/td>\n<td width=\"113\">\n<p style=\"text-align: center;\"><strong>Unidad de medida<\/strong><\/p>\n<\/td>\n<td width=\"148\">\n<p style=\"text-align: center;\"><strong>Valor<\/strong><\/p>\n<\/td>\n<\/tr>\n<tr>\n<td colspan=\"3\" width=\"656\">\n<p style=\"text-align: center;\">Despu\u00e9s de 1 ciclo de desgasificaci\u00f3n t\u00e9rmica en vac\u00edo<\/p>\n<\/td>\n<\/tr>\n<tr>\n<td width=\"394\">\n<p style=\"text-align: left;\">Contenido de humedad<\/p>\n<\/td>\n<td width=\"113\">\n<p style=\"text-align: center;\">ppm<\/p>\n<\/td>\n<td width=\"148\">\n<p style=\"text-align: center;\">5<\/p>\n<\/td>\n<\/tr>\n<tr>\n<td width=\"394\">\n<p style=\"text-align: left;\">Contenido volum\u00e9trico de gases<\/p>\n<\/td>\n<td width=\"113\">\n<p style=\"text-align: center;\">Vol %<\/p>\n<\/td>\n<td width=\"148\">\n<p style=\"text-align: center;\">0.1<\/p>\n<\/td>\n<\/tr>\n<tr>\n<td colspan=\"3\" width=\"656\">\n<p style=\"text-align: center;\">Despu\u00e9s de 3 ciclos de la desgasificaci\u00f3n t\u00e9rmica en vac\u00edo<\/p>\n<\/td>\n<\/tr>\n<tr>\n<td width=\"394\">\n<p style=\"text-align: left;\">Contenido de humedad<\/p>\n<\/td>\n<td width=\"113\">\n<p style=\"text-align: center;\">ppm<\/p>\n<\/td>\n<td width=\"148\">\n<p style=\"text-align: center;\">3<\/p>\n<\/td>\n<\/tr>\n<tr>\n<td width=\"394\">\n<p style=\"text-align: left;\">Contenido volum\u00e9trico de gases<\/p>\n<\/td>\n<td width=\"113\">\n<p style=\"text-align: center;\">Vol %<\/p>\n<\/td>\n<td width=\"148\">\n<p style=\"text-align: center;\">0.05<\/p>\n<\/td>\n<\/tr>\n<\/tbody>\n<\/table>\n<h3 style=\"text-align: center;\">Caracter\u00edsticas de aceite usado despu\u00e9s de regeneraci\u00f3n<\/h3>\n<table width=\"655\">\n<tbody>\n<tr>\n<td width=\"403\">\n<p style=\"text-align: center;\"><strong>Par\u00e1metro<\/strong><\/p>\n<\/td>\n<td width=\"102\">\n<p style=\"text-align: center;\"><strong>Unidad de medida<\/strong><\/p>\n<\/td>\n<td width=\"149\">\n<p style=\"text-align: center;\"><strong>Valor<\/strong><\/p>\n<\/td>\n<\/tr>\n<tr>\n<td colspan=\"3\" width=\"655\">\n<p style=\"text-align: center;\">Un ciclo de desgasificaci\u00f3n t\u00e9rmica en vac\u00edo<\/p>\n<\/td>\n<\/tr>\n<tr>\n<td width=\"403\">\n<p style=\"text-align: left;\">Contenido de humedad<\/p>\n<\/td>\n<td width=\"102\">\n<p style=\"text-align: center;\">ppm<\/p>\n<\/td>\n<td width=\"149\">\n<p style=\"text-align: center;\">5<\/p>\n<\/td>\n<\/tr>\n<tr>\n<td width=\"403\">\n<p style=\"text-align: left;\">Contenido volum\u00e9trico de gases<\/p>\n<\/td>\n<td width=\"102\">\n<p style=\"text-align: center;\">Vol %<\/p>\n<\/td>\n<td width=\"149\">\n<p style=\"text-align: center;\">0.1<\/p>\n<\/td>\n<\/tr>\n<tr>\n<td width=\"403\">\n<p style=\"text-align: left;\">N\u00famero \u00e1cido, conforme a IEC 296; ASTM D-664<\/p>\n<\/td>\n<td width=\"102\">\n<p style=\"text-align: center;\">mg\u041a\u041e\u041d\/g<\/p>\n<\/td>\n<td width=\"149\">\n<p style=\"text-align: center;\">0.01<\/p>\n<\/td>\n<\/tr>\n<tr>\n<td width=\"403\">\n<p style=\"text-align: left;\">Azufre corrosivo confrome a\u00a0 ISO 5662; ASTM D-1275<\/p>\n<\/td>\n<td width=\"102\"><\/td>\n<td width=\"149\">\n<p style=\"text-align: center;\">&#8211;<\/p>\n<\/td>\n<\/tr>\n<tr>\n<td width=\"403\">\n<p style=\"text-align: left;\">Fuerza diel\u00e9ctrica, conforme a IEC 156; ASTM D-1816<\/p>\n<\/td>\n<td width=\"102\">\n<p style=\"text-align: center;\">kV<\/p>\n<\/td>\n<td width=\"149\">\n<p style=\"text-align: center;\">70<\/p>\n<\/td>\n<\/tr>\n<tr>\n<td width=\"403\">\n<p style=\"text-align: left;\">Tensi\u00f3n entre fases, en 25\u00ba\u0421 conforme a ISO 6295; ASTM D-2285<\/p>\n<\/td>\n<td width=\"102\">\n<p style=\"text-align: center;\">N\/m<\/p>\n<\/td>\n<td width=\"149\">\n<p style=\"text-align: center;\">45<\/p>\n<\/td>\n<\/tr>\n<tr>\n<td width=\"403\">\n<p style=\"text-align: left;\">Tangente delta a los 90\u00ba\u0421 conforme a IEC 247; ASTM D-924<\/p>\n<\/td>\n<td width=\"102\"><\/td>\n<td width=\"149\">\n<p style=\"text-align: center;\">0,001<\/p>\n<\/td>\n<\/tr>\n<\/tbody>\n<\/table>\n<p style=\"text-align: justify;\">\u00a0\u00a1Atenci\u00f3n!\u00a0\u00a0 Las caracter\u00edsticas del aceite pueden variar dependiendo del estado inicial del aceite.<\/p>\n<p style=\"text-align: justify;\">El circuito hidr\u00e1ulico est\u00e1 presentado por seguientes bloques:<\/p>\n<ul>\n<li style=\"text-align: justify;\">Bloque de desgasificaci\u00f3n<\/li>\n<li style=\"text-align: justify;\">Bloque de regeneraci\u00f3n<\/li>\n<li style=\"text-align: justify;\">Bloque de control neum\u00e1tico<\/li>\n<li style=\"text-align: justify;\">Sistema de Seguridad de Transfromador (Transformer security System) \u2013 TSS<\/li>\n<\/ul>\n<h3 style=\"text-align: center;\">Bloque de desgasificaci\u00f3n<\/h3>\n<p style=\"text-align: justify;\">Bloque de desgasificaci\u00f3n es el conjunto de equipos dise\u00f1ados para filtraci\u00f3n de aceite y eliminaci\u00f3n de los gases disueltos y agua. Tratamineto de aceite recalentado se realiza bajo alto vac\u00edo.<\/p>\n<h3 style=\"text-align: center;\">Bloque de regeneraci\u00f3n<\/h3>\n<p style=\"text-align: justify;\">Bloque de regeneraci\u00f3n es un conjunto de equipos dese\u00f1ados para restaurar las propiedades de aceite del transformador usando adsorbente. El bloque est\u00e1 equipado con el sistema de reactivaci\u00f3n m\u00faltiple del material adsorbente.<\/p>\n<h3 style=\"text-align: center;\">Bloque de distribuci\u00f3n neum\u00e1tica<\/h3>\n<p>Bloque de distribuci\u00f3n neum\u00e1tica est\u00e1 dise\u00f1ado para proveer el aire al accionamiento neum\u00e0tico\u00a0 de los equipos de bombas. Aplicaci\u00f3n o removida del aire comprimido se se\u00f1ala en PLC.<\/p>\n<h3 style=\"text-align: center;\">Sistema de Seguridad de Transfromador \u2013 TSS<\/h3>\n<p style=\"text-align: justify;\">Debido a <strong>\u00a0Transformer Security System (TSS), PLC <\/strong>monitorea el estado de nivel de aceite en transformador.\u00a0 El cambio dr\u00e1stico de nivel puede causar aver\u00eda del equipo o rotura de las mangueras. Al llegar el valor del par\u00e1metro mayor al valor tolerable, la M\u00e1quina se apagar\u00e1, generando el se\u00f1al de sonido y cerrarr\u00e1 la entrada y salida del transformador. <strong>TSS <\/strong>est\u00e1 equipada con el dispositivo de descarga de aire. De esa manera se evita aparici\u00f3n del aire en el transformador.\u00a0 Todos estos momentos son muy importantes en el proceso de secado de transformador energizado y en tratamiento de aceite en el transformador energizado.<\/p>\n<p><iframe loading=\"lazy\" title=\"Maqu\u00edna de regeneraci\u00f3n de aceite CMM-12R de GlobeCore\" width=\"604\" height=\"340\" src=\"https:\/\/www.youtube.com\/embed\/T2uiTZcPBmc?feature=oembed\" frameborder=\"0\" allow=\"accelerometer; autoplay; clipboard-write; encrypted-media; gyroscope; picture-in-picture; web-share\" referrerpolicy=\"strict-origin-when-cross-origin\" allowfullscreen><\/iframe><\/p>\n","protected":false},"excerpt":{"rendered":"<p>incrementa tensi\u00f3n disruptiva restaura composici\u00f3n qu\u00ecmica de aceite refina color de aceite incrementa estabilidad a la oxidaci\u00f3n disminuye la capacidad de disolver los gases reactiva Tierra Fuller hasta 300 veces sin reemplazarla f\u00e1cil en operaci\u00f3n y en servicio opera simultaneamente las unidades de secado y de desgasificaci\u00f3n realiza tratamiento de transformadores on-line realiza tratamiento de<a class=\"cg-read-more\" href=\"https:\/\/aceite.globecore.com\/purificacion-de-aceite\/regeneracion-de-aceite\/planta-regeneracion-aceite-sistema-reactivacion-tierra-fuller-cmm-r121000\" target=\"_blank\">Read More <\/a><\/p>\n","protected":false},"author":7,"featured_media":0,"parent":2446,"menu_order":0,"comment_status":"closed","ping_status":"closed","template":"page-templates\/page-single-products.php","meta":{"footnotes":""},"class_list":["post-3285","page","type-page","status-publish","hentry"],"acf":[],"language":"en","_links":{"self":[{"href":"https:\/\/aceite.globecore.com\/en\/wp-json\/wp\/v2\/pages\/3285","targetHints":{"allow":["GET"]}}],"collection":[{"href":"https:\/\/aceite.globecore.com\/en\/wp-json\/wp\/v2\/pages"}],"about":[{"href":"https:\/\/aceite.globecore.com\/en\/wp-json\/wp\/v2\/types\/page"}],"author":[{"embeddable":true,"href":"https:\/\/aceite.globecore.com\/en\/wp-json\/wp\/v2\/users\/7"}],"replies":[{"embeddable":true,"href":"https:\/\/aceite.globecore.com\/en\/wp-json\/wp\/v2\/comments?post=3285"}],"version-history":[{"count":0,"href":"https:\/\/aceite.globecore.com\/en\/wp-json\/wp\/v2\/pages\/3285\/revisions"}],"up":[{"embeddable":true,"href":"https:\/\/aceite.globecore.com\/en\/wp-json\/wp\/v2\/pages\/2446"}],"wp:attachment":[{"href":"https:\/\/aceite.globecore.com\/en\/wp-json\/wp\/v2\/media?parent=3285"}],"curies":[{"name":"wp","href":"https:\/\/api.w.org\/{rel}","templated":true}]}}