{"id":3129,"date":"2016-10-10T12:48:51","date_gmt":"2016-10-10T12:48:51","guid":{"rendered":"http:\/\/aceite.globecore.com\/?page_id=3129"},"modified":"2020-04-14T10:34:03","modified_gmt":"2020-04-14T10:34:03","slug":"filtracion-secado-termovacio","status":"publish","type":"page","link":"https:\/\/aceite.globecore.com\/purificacion-de-aceite\/filtracion-trasiego-aceite\/filtracion-secado-termovacio","title":{"rendered":""},"content":{"rendered":"<div id=\"pl-3129\" class=\"panel-layout\">\n<div id=\"pg-3129-0\" class=\"panel-grid panel-no-style\" data-style=\"{&quot;background_display&quot;:&quot;tile&quot;}\">\n<div id=\"pgc-3129-0-0\" class=\"panel-grid-cell\" data-weight=\"1\">\n<div id=\"panel-3129-0-0-0\" class=\"so-panel widget widget_sow-editor panel-first-child\" data-index=\"0\" data-style=\"{&quot;background_display&quot;:&quot;tile&quot;}\">\n<div class=\"so-widget-sow-editor so-widget-sow-editor-base\">\n<div class=\"siteorigin-widget-tinymce textwidget\">\n<h2><strong>Filtraci\u00f3n y secado por termovac\u00edo<\/strong><\/h2>\n<\/div>\n<\/div>\n<\/div>\n<div id=\"panel-3129-0-0-1\" class=\"so-panel widget widget_sow-editor\" data-index=\"1\" data-style=\"{&quot;background_display&quot;:&quot;tile&quot;}\">\n<div class=\"so-widget-sow-editor so-widget-sow-editor-base\">\n<h3 class=\"widget-title\">M\u00e1quinas de secado de aceite por termovac\u00edo GlobeCore CMM<\/h3>\n<div class=\"siteorigin-widget-tinymce textwidget\">\n<table>\n<tbody>\n<tr>\n<td colspan=\"2\" rowspan=\"2\" width=\"315\">Par\u00e1metro<\/td>\n<td colspan=\"10\" width=\"633\">Valor<\/td>\n<\/tr>\n<tr>\n<td width=\"72\">\u0421\u041c\u041c-0.16<\/td>\n<td width=\"72\">\u0421\u041c\u041c-0.6<\/td>\n<td width=\"68\">\u0421\u041c\u041c-1<\/td>\n<td width=\"67\">\u0421\u041c\u041c-2.2<\/td>\n<td width=\"67\">\u0421\u041c\u041c-4<\/td>\n<td width=\"66\">CMM-2.2D<\/td>\n<td colspan=\"2\" width=\"76\">CMM-2.2D (en remolque)<\/td>\n<td width=\"66\">\u0421\u041c\u041c-4D<\/td>\n<td width=\"80\">\u0421\u041c\u041c-4D<\/p>\n<p>(en remolque)<\/td>\n<\/tr>\n<tr>\n<td colspan=\"2\" width=\"315\">Capacidad, m<sup>3<\/sup>\/h<\/td>\n<td width=\"72\">0.16<\/td>\n<td width=\"72\">0.6<\/td>\n<td width=\"68\">1.0<\/td>\n<td width=\"67\">2.2<\/td>\n<td width=\"67\">4<\/td>\n<td width=\"66\">2.2<\/td>\n<td colspan=\"2\" width=\"76\">2.2<\/td>\n<td width=\"66\">4<\/td>\n<td width=\"80\">4<\/td>\n<\/tr>\n<tr>\n<td rowspan=\"3\" width=\"155\">Propiedades de aceite procesado <sup>1)<\/sup><\/td>\n<td width=\"160\">&#8211; contenido de humedad, ppm, no m\u00e1s de<\/td>\n<td colspan=\"10\" width=\"633\">10<\/td>\n<\/tr>\n<tr>\n<td width=\"160\">&#8211; fineza de filtraci\u00f3n, micron<\/td>\n<td colspan=\"10\" width=\"633\">5<\/td>\n<\/tr>\n<tr>\n<td width=\"160\">&#8211; clase de pureza industrial conforme a ISO 4406<\/td>\n<td colspan=\"10\" width=\"633\">-\/14\/12<\/td>\n<\/tr>\n<tr>\n<td colspan=\"2\" width=\"315\">Potencia de calentador de aceite, kW<\/td>\n<td width=\"72\">4.8<\/td>\n<td width=\"72\">15<\/td>\n<td width=\"68\">18<\/td>\n<td width=\"67\">36<\/td>\n<td width=\"67\">55<\/td>\n<td colspan=\"2\" width=\"75\">30<\/td>\n<td width=\"66\">30<\/td>\n<td width=\"66\">50<\/td>\n<td width=\"80\">50<\/td>\n<\/tr>\n<tr>\n<td colspan=\"2\" width=\"315\">Potencia consumida, kW<\/td>\n<td width=\"72\">5.8<\/td>\n<td width=\"72\">22<\/td>\n<td width=\"68\">22<\/td>\n<td width=\"67\">42<\/td>\n<td width=\"67\">65<\/td>\n<td colspan=\"2\" width=\"75\">36<\/td>\n<td width=\"66\">36<\/td>\n<td width=\"66\">58<\/td>\n<td width=\"80\">58<\/td>\n<\/tr>\n<tr>\n<td colspan=\"2\" width=\"315\">Par\u00e1metros de sistema de alimentaci\u00f3n el\u00e9ctrica<\/td>\n<td width=\"72\"><\/td>\n<td colspan=\"9\" width=\"561\">Seg\u00fan cliente<\/td>\n<\/tr>\n<tr>\n<td rowspan=\"3\" width=\"155\">Dimensiones exteriores, mm<\/td>\n<td width=\"160\">&#8211; largo<\/td>\n<td width=\"72\">980<\/td>\n<td width=\"72\">1300<\/td>\n<td width=\"68\">1300<\/td>\n<td width=\"67\">1550<\/td>\n<td width=\"67\">1650<\/td>\n<td colspan=\"2\" width=\"75\">1650<\/td>\n<td width=\"66\">3500<\/td>\n<td width=\"66\">1650<\/td>\n<td width=\"80\">3500<\/td>\n<\/tr>\n<tr>\n<td width=\"160\">&#8211; ancho<\/td>\n<td width=\"72\">650<\/td>\n<td width=\"72\">700<\/td>\n<td width=\"68\">1750<\/td>\n<td width=\"67\">1000<\/td>\n<td width=\"67\">1600<\/td>\n<td colspan=\"2\" width=\"75\">1250<\/td>\n<td width=\"66\">1850<\/td>\n<td width=\"66\">1250<\/td>\n<td width=\"80\">1850<\/td>\n<\/tr>\n<tr>\n<td width=\"160\">&#8211; alto<\/td>\n<td width=\"72\">1550<\/td>\n<td width=\"72\">1600<\/td>\n<td width=\"68\">800<\/td>\n<td width=\"67\">1850<\/td>\n<td width=\"67\">1250<\/td>\n<td colspan=\"2\" width=\"75\">1600<\/td>\n<td width=\"66\">2100<\/td>\n<td width=\"66\">1600<\/td>\n<td width=\"80\">2100<\/td>\n<\/tr>\n<tr>\n<td colspan=\"2\" width=\"315\">Peso, kg<\/td>\n<td width=\"72\">220<\/td>\n<td width=\"72\">330<\/td>\n<td width=\"68\">540<\/td>\n<td width=\"67\">720<\/td>\n<td width=\"67\">920<\/td>\n<td colspan=\"2\" width=\"75\">700<\/td>\n<td width=\"66\">1100<\/td>\n<td width=\"66\">800<\/td>\n<td width=\"80\">1200<\/td>\n<\/tr>\n<tr>\n<td width=\"116\"><\/td>\n<td width=\"100\"><\/td>\n<td width=\"56\"><\/td>\n<td width=\"56\"><\/td>\n<td width=\"55\"><\/td>\n<td width=\"54\"><\/td>\n<td width=\"54\"><\/td>\n<td width=\"54\"><\/td>\n<td width=\"8\"><\/td>\n<td width=\"65\"><\/td>\n<td width=\"54\"><\/td>\n<td width=\"74\"><\/td>\n<\/tr>\n<\/tbody>\n<\/table>\n<p>Nota:<br \/>\n<sup>1)<\/sup> Se obtienen si \u00a0las propiedades iniciales de aceite son:<br \/>\n&#8211; contenido de gas: no m\u00e1s de 10.5%<br \/>\n&#8211; contenido de humedad: no m\u00e1s de 0.005% (50 ppm)<br \/>\n&#8211; temperatura: no menos de 0\u00ba\u0421<br \/>\n&#8211; con calentamiento de aceite en la m\u00e1quina hasta 55\u00b15\u00ba\u0421 durante 30 min.<br \/>\n<em>&#8211; <\/em>\u00a0clase de pureza industrial conforme a ISO 4406: -\/18\/16<\/p>\n<\/div>\n<\/div>\n<\/div>\n<div id=\"panel-3129-0-0-2\" class=\"so-panel widget widget_sow-editor panel-last-child\" data-index=\"2\" data-style=\"{&quot;background_display&quot;:&quot;tile&quot;}\">\n<div class=\"so-widget-sow-editor so-widget-sow-editor-base\">\n<h3 class=\"widget-title\">M\u00e1quina de secado de aceite por termovac\u00edo GlobeCore CMM-0.6<\/h3>\n<div class=\"siteorigin-widget-tinymce textwidget\">\n<p><img loading=\"lazy\" decoding=\"async\" class=\"alignnone wp-image-3564 size-medium\" src=\"http:\/\/aceite.globecore.com\/wp-content\/uploads\/sites\/30\/2020\/04\/\u0421\u041c\u041c-06-151x300.jpg\" alt=\"\" width=\"151\" height=\"300\" srcset=\"https:\/\/aceite.globecore.com\/wp-content\/uploads\/sites\/30\/2020\/04\/\u0421\u041c\u041c-06-151x300.jpg 151w, https:\/\/aceite.globecore.com\/wp-content\/uploads\/sites\/30\/2020\/04\/\u0421\u041c\u041c-06.jpg 502w\" sizes=\"auto, (max-width: 151px) 100vw, 151px\" \/><\/p>\n<p>Las m\u00e1quinas CMM sirven para eliminar agua y part\u00edculas s\u00f3lidas de aceite aislante y lubricante.<\/p>\n<p>Las m\u00e1quinas CMM se aplican durante montaje y reparaci\u00f3n de transformadores de potencia y para lavado y llenado de sistemas hidr\u00e1ulicos.<\/p>\n<p>Las m\u00e1quinas CMM son aptas para la purificaci\u00f3n de aceite de transformador, de turbina, hidr\u00e1ulico e industrial.<\/p>\n<p>Las m\u00e1quinas CMM tienen dise\u00f1o simple que garantiza f\u00e1cil explotaci\u00f3n y mantenimiento.<\/p>\n<p>Junto con alta seguridad de funcionamiento las m\u00e1quinas son compactas y garantizan alto nivel de movilidad.<\/p>\n<\/div>\n<\/div>\n<\/div>\n<\/div>\n<\/div>\n<div id=\"pg-3129-1\" class=\"panel-grid panel-no-style\" data-style=\"{&quot;background_display&quot;:&quot;tile&quot;}\">\n<div id=\"pgc-3129-1-0\" class=\"panel-grid-cell\" data-weight=\"1\">\n<div id=\"panel-3129-1-0-0\" class=\"so-panel widget widget_sow-editor panel-first-child\" data-index=\"3\" data-style=\"{&quot;background_display&quot;:&quot;tile&quot;}\">\n<div class=\"so-widget-sow-editor so-widget-sow-editor-base\">\n<h3 class=\"widget-title\">M\u00e1quina de secado de aceite por termovac\u00edo GlobeCore CMM-4<\/h3>\n<div class=\"siteorigin-widget-tinymce textwidget\">\n<p><img loading=\"lazy\" decoding=\"async\" class=\"alignnone wp-image-3565 size-medium\" src=\"http:\/\/aceite.globecore.com\/wp-content\/uploads\/sites\/30\/2020\/04\/\u0423\u0412\u041c-47-300x261.jpg\" alt=\"\" width=\"300\" height=\"261\" srcset=\"https:\/\/aceite.globecore.com\/wp-content\/uploads\/sites\/30\/2020\/04\/\u0423\u0412\u041c-47-300x261.jpg 300w, https:\/\/aceite.globecore.com\/wp-content\/uploads\/sites\/30\/2020\/04\/\u0423\u0412\u041c-47-1024x891.jpg 1024w, https:\/\/aceite.globecore.com\/wp-content\/uploads\/sites\/30\/2020\/04\/\u0423\u0412\u041c-47-768x668.jpg 768w, https:\/\/aceite.globecore.com\/wp-content\/uploads\/sites\/30\/2020\/04\/\u0423\u0412\u041c-47.jpg 1149w\" sizes=\"auto, (max-width: 300px) 100vw, 300px\" \/><\/p>\n<p>Las m\u00e1quinas CMM de GlobeCore pueden estar equipadas con una gran cantidad de opciones extra:<\/p>\n<ul>\n<li>sistema de vac\u00edo adicional para secado de transformadores<\/li>\n<li>sensor de humedad de aceite tanto en la salida como en la entrada<\/li>\n<li>control y monitoreo remoto de proceso<\/li>\n<li>montaje dentro de contenedor aislado t\u00e9rmicamente<\/li>\n<li>montaje dentro de contenedor met\u00e1lico<\/li>\n<li>versi\u00f3n a prueba de explosi\u00f3n<\/li>\n<li>versi\u00f3n para plataformas petroleras mar\u00edtimas<\/li>\n<li>montaje sobre ruedas<\/li>\n<\/ul>\n<p>\u00b7\u00a0 \u00a0\u00a0\u00a0\u00a0\u00a0\u00a0\u00a0\u00a0\u00a0\u00a0montaje sobre remolque o semirremolque<\/p>\n<\/div>\n<\/div>\n<\/div>\n<div id=\"panel-3129-1-0-1\" class=\"so-panel widget widget_sow-editor panel-last-child\" data-index=\"4\" data-style=\"{&quot;background_display&quot;:&quot;tile&quot;}\">\n<div class=\"so-widget-sow-editor so-widget-sow-editor-base\">\n<div class=\"siteorigin-widget-tinymce textwidget\">\n<h2><strong>Filtraci\u00f3n y trasiego de aceite<\/strong><\/h2>\n<\/div>\n<\/div>\n<\/div>\n<\/div>\n<\/div>\n<div id=\"pg-3129-2\" class=\"panel-grid panel-no-style\">\n<div id=\"pgc-3129-2-0\" class=\"panel-grid-cell\" data-weight=\"1\">\n<div id=\"panel-3129-2-0-0\" class=\"so-panel widget widget_sow-editor panel-first-child panel-last-child\" data-index=\"5\" data-style=\"{&quot;background_display&quot;:&quot;tile&quot;}\">\n<div class=\"so-widget-sow-editor so-widget-sow-editor-base\">\n<h3 class=\"widget-title\">M\u00e1quina de secado y filtraci\u00f3n de aceite GlobeCore CFU-0.8F<\/h3>\n<div class=\"siteorigin-widget-tinymce textwidget\"><img loading=\"lazy\" decoding=\"async\" class=\"alignnone wp-image-3566 size-medium\" src=\"http:\/\/aceite.globecore.com\/wp-content\/uploads\/sites\/30\/2020\/04\/\u0426\u0424\u0423-177x300.jpg\" alt=\"\" width=\"177\" height=\"300\" srcset=\"https:\/\/aceite.globecore.com\/wp-content\/uploads\/sites\/30\/2020\/04\/\u0426\u0424\u0423-177x300.jpg 177w, https:\/\/aceite.globecore.com\/wp-content\/uploads\/sites\/30\/2020\/04\/\u0426\u0424\u0423.jpg 591w\" sizes=\"auto, (max-width: 177px) 100vw, 177px\" \/>Las m\u00e1quinas CMM-F y CFU-F sirven para eliminar agua y part\u00edculas s\u00f3lidas de aceite aislante y lubricante.<\/p>\n<p>La especialidad de estas m\u00e1quinas est\u00e1 en el uso de los filtros coagulantes que pueden estar repetidamente regenerados. Cuando aceite pasa por el filtro, el agua se acumula en la superficie del \u00faltimo y llega al colector especial.<\/p>\n<p>Campos principales de aplicaci\u00f3n:<\/p>\n<p>&#8211; liberaci\u00f3n de aceite diel\u00e9ctrico de agua, \u00e1cidos y \u00e1lcalis hidrosolubles, part\u00edculas s\u00f3lidas y carb\u00f3n<\/p>\n<p>&#8211; \u00a0liberaci\u00f3n de aceite de turbina de agua, \u00e1cidos y \u00e1lcalis hidrosolubles y part\u00edculas s\u00f3lidas<\/p>\n<p>&#8211; \u00a0liberaci\u00f3n de aceite industrial de agua, \u00e1cidos y \u00e1lcalis hidrosolubles y part\u00edculas s\u00f3lidas<\/p>\n<p>&#8211; \u00a0liberaci\u00f3n de combustible diesel de agua, part\u00edculas s\u00f3lidas y biocontaminantes<\/p>\n<table width=\"100%\">\n<tbody>\n<tr>\n<td colspan=\"3\" rowspan=\"2\" width=\"62%\">Par\u00e1metro<\/td>\n<td colspan=\"3\" width=\"37%\">Valor<\/td>\n<\/tr>\n<tr>\n<td width=\"12%\">CFU-0.8F<\/td>\n<td width=\"12%\">CFU-0.5F<\/td>\n<td width=\"12%\">\u0421\u041c\u041c-4F<\/td>\n<\/tr>\n<tr>\n<td colspan=\"3\" width=\"62%\">Capacidad, m<sup>3<\/sup>\/h<\/td>\n<td width=\"12%\">0.8<\/td>\n<td width=\"12%\">0.5<\/td>\n<td width=\"12%\">4<\/td>\n<\/tr>\n<tr>\n<td colspan=\"3\" width=\"62%\">Temperatura de aceite en tratamiento, <sup>0<\/sup>\u0421<\/td>\n<td width=\"12%\">20\u202650<\/td>\n<td width=\"12%\">20\u202650<\/td>\n<td width=\"12%\">30\u202650<\/td>\n<\/tr>\n<tr>\n<td rowspan=\"3\" width=\"26%\">Propiedades de aceite procesado<sup>1)<\/sup><\/td>\n<td colspan=\"2\" width=\"36%\">&#8211; eliminaci\u00f3n de agua, %<\/td>\n<td colspan=\"3\" width=\"37%\">92\u202698<\/td>\n<\/tr>\n<tr>\n<td colspan=\"2\" width=\"36%\">&#8211; eliminaci\u00f3n de part\u00edculas s\u00f3lidas, %<\/td>\n<td colspan=\"3\" width=\"37%\">93\u202697<\/td>\n<\/tr>\n<tr>\n<td colspan=\"2\" width=\"36%\">&#8211; fineza de filtraci\u00f3n<\/td>\n<td colspan=\"3\" width=\"37%\">5<\/td>\n<\/tr>\n<tr>\n<td colspan=\"3\" width=\"62%\">Potencia consumida, kW<\/td>\n<td width=\"12%\">0.75<\/td>\n<td width=\"12%\">0.75<\/td>\n<td width=\"12%\">3<\/td>\n<\/tr>\n<tr>\n<td colspan=\"3\" width=\"62%\">Presi\u00f3n de aceite en la salida, bar<\/td>\n<td colspan=\"3\" width=\"37%\">0.3<\/td>\n<\/tr>\n<tr>\n<td colspan=\"3\" width=\"62%\">Par\u00e1metros de sistema de alimentaci\u00f3n el\u00e9ctrica<\/td>\n<td colspan=\"3\" width=\"37%\">Seg\u00fan cliente<\/td>\n<\/tr>\n<tr>\n<td colspan=\"2\" rowspan=\"3\" width=\"27%\">Dimensiones exteriores, mm<\/td>\n<td width=\"35%\">largo<\/td>\n<td width=\"12%\">580<\/td>\n<td width=\"12%\">640<\/td>\n<td width=\"12%\">2000<\/td>\n<\/tr>\n<tr>\n<td width=\"35%\">ancho<\/td>\n<td width=\"12%\">480<\/td>\n<td width=\"12%\">640<\/td>\n<td width=\"12%\">800<\/td>\n<\/tr>\n<tr>\n<td width=\"35%\">alto<\/td>\n<td width=\"12%\">1350<\/td>\n<td width=\"12%\">1370<\/td>\n<td width=\"12%\">1500<\/td>\n<\/tr>\n<tr>\n<td colspan=\"3\" width=\"62%\">Peso, kg<\/td>\n<td width=\"12%\">60<\/td>\n<td width=\"12%\">100<\/td>\n<td width=\"12%\">500<\/td>\n<\/tr>\n<tr>\n<td width=\"194\"><\/td>\n<td width=\"9\"><\/td>\n<td width=\"265\"><\/td>\n<td width=\"93\"><\/td>\n<td width=\"93\"><\/td>\n<td width=\"93\"><\/td>\n<\/tr>\n<\/tbody>\n<\/table>\n<p><em>\u00a0 <\/em><\/p>\n<p>Nota:<br \/>\n<sup>1)<\/sup> Se obtienen a si las propiedades iniciales de aceite son:<br \/>\n&#8211; contenido de humedad: no m\u00e1s de 0.005% (50 ppm)<br \/>\n&#8211; temperatura: no menos de 0\u00ba\u0421<br \/>\n<em>&#8211; <\/em>\u00a0clase de pureza industrial conforme a ISO 4406: -\/18\/16<\/p>\n<\/div>\n<\/div>\n<\/div>\n<\/div>\n<\/div>\n<div id=\"pg-3129-3\" class=\"panel-grid panel-no-style\">\n<div id=\"pgc-3129-3-0\" class=\"panel-grid-cell\" data-weight=\"1\">\n<div id=\"panel-3129-3-0-0\" class=\"so-panel widget widget_sow-editor panel-first-child panel-last-child\" data-index=\"6\" data-style=\"{&quot;background_display&quot;:&quot;tile&quot;}\">\n<div class=\"so-widget-sow-editor so-widget-sow-editor-base\">\n<h3 class=\"widget-title\">M\u00e1quinas de filtraci\u00f3n de aceite GlobeCore CFU-4<\/h3>\n<div class=\"siteorigin-widget-tinymce textwidget\"><img loading=\"lazy\" decoding=\"async\" class=\"alignnone wp-image-3567 size-medium\" src=\"http:\/\/aceite.globecore.com\/wp-content\/uploads\/sites\/30\/2020\/04\/\u0426\u0424\u0423-4-196x300.jpg\" alt=\"\" width=\"196\" height=\"300\" srcset=\"https:\/\/aceite.globecore.com\/wp-content\/uploads\/sites\/30\/2020\/04\/\u0426\u0424\u0423-4-196x300.jpg 196w, https:\/\/aceite.globecore.com\/wp-content\/uploads\/sites\/30\/2020\/04\/\u0426\u0424\u0423-4.jpg 652w\" sizes=\"auto, (max-width: 196px) 100vw, 196px\" \/><\/p>\n<table width=\"100%\">\n<tbody>\n<tr>\n<td colspan=\"2\" rowspan=\"2\" width=\"50%\"><strong>Par\u00e1metro<\/strong><\/td>\n<td colspan=\"3\" width=\"49%\"><strong>Valor<\/strong><\/td>\n<\/tr>\n<tr>\n<td width=\"15%\">CFU-2.2<\/td>\n<td width=\"17%\">CFU-4<\/td>\n<td width=\"16%\">CFU-6<\/td>\n<\/tr>\n<tr>\n<td colspan=\"2\" width=\"50%\">Capacidad, m<sup>3<\/sup>\/h<\/td>\n<td width=\"15%\">2.2<\/td>\n<td width=\"17%\">4<\/td>\n<td width=\"16%\">6<\/td>\n<\/tr>\n<tr>\n<td colspan=\"2\" width=\"50%\">Fineza de filtraci\u00f3n, micron<sup>1)<\/sup><\/td>\n<td width=\"15%\">5<sup>1)<\/sup><\/td>\n<td width=\"17%\">25<sup>1)<\/sup><\/td>\n<td width=\"16%\">20<sup>1)<\/sup><\/td>\n<\/tr>\n<tr>\n<td colspan=\"2\" width=\"50%\">Clase de pureza industrial conforme a ISO 4406 <sup>1)<\/sup><\/td>\n<td colspan=\"3\" width=\"49%\">-\/14\/12<sup>2<\/sup><sup>)<\/sup><\/td>\n<\/tr>\n<tr>\n<td colspan=\"2\" width=\"50%\">Potencia consumida, kW<\/td>\n<td width=\"15%\">2.2<\/td>\n<td width=\"17%\">3<\/td>\n<td width=\"16%\">3<\/td>\n<\/tr>\n<tr>\n<td colspan=\"2\" width=\"50%\">Presi\u00f3n de aceite en la salida, bar<\/td>\n<td width=\"15%\">2.5<\/td>\n<td width=\"17%\">3<\/td>\n<td width=\"16%\">3<\/td>\n<\/tr>\n<tr>\n<td colspan=\"2\" width=\"50%\">Par\u00e1metros de sistema de alimentaci\u00f3n el\u00e9ctrica<\/td>\n<td colspan=\"3\" width=\"49%\">Seg\u00fan cliente<\/td>\n<\/tr>\n<tr>\n<td rowspan=\"3\" width=\"22%\">Dimensiones exteriores, mm<\/td>\n<td width=\"27%\">largo<\/td>\n<td width=\"15%\">600<\/td>\n<td width=\"17%\">580<\/td>\n<td width=\"16%\">670<\/td>\n<\/tr>\n<tr>\n<td width=\"27%\">ancho<\/td>\n<td width=\"15%\">600<\/td>\n<td width=\"17%\">560<\/td>\n<td width=\"16%\">625<\/td>\n<\/tr>\n<tr>\n<td width=\"27%\">alto<\/td>\n<td width=\"15%\">1100<\/td>\n<td width=\"17%\">1115<\/td>\n<td width=\"16%\">995<\/td>\n<\/tr>\n<tr>\n<td colspan=\"2\" width=\"50%\">Peso, kg<\/td>\n<td width=\"15%\">100<\/td>\n<td width=\"17%\">70<\/td>\n<td width=\"16%\">135<\/td>\n<\/tr>\n<\/tbody>\n<\/table>\n<p><em>\u00a0<\/em><\/p>\n<p>Nota:<br \/>\n<sup>1)<\/sup> Puede ser modificada seg\u00fan la petici\u00f3n del cliente.<br \/>\n<sup>2<\/sup><sup>)<\/sup> Se obtienen si las propiedades iniciales de aceite son:<br \/>\n&#8211; temperatura: no menos de 0\u00ba\u0421<br \/>\n<em>&#8211; <\/em>clase de pureza industrial conforme a ISO 4406: -\/18\/16<\/p>\n<\/div>\n<\/div>\n<\/div>\n<\/div>\n<\/div>\n<\/div>\n","protected":false},"excerpt":{"rendered":"<p>Filtraci\u00f3n y secado por termovac\u00edo M\u00e1quinas de secado de aceite por termovac\u00edo GlobeCore CMM Par\u00e1metro Valor \u0421\u041c\u041c-0.16 \u0421\u041c\u041c-0.6 \u0421\u041c\u041c-1 \u0421\u041c\u041c-2.2 \u0421\u041c\u041c-4 CMM-2.2D CMM-2.2D (en remolque) \u0421\u041c\u041c-4D \u0421\u041c\u041c-4D (en remolque) Capacidad, m3\/h 0.16 0.6 1.0 2.2 4 2.2 2.2 4 4 Propiedades de aceite procesado 1) &#8211; contenido de humedad, ppm, no m\u00e1s de 10 &#8211;<a class=\"cg-read-more\" href=\"https:\/\/aceite.globecore.com\/purificacion-de-aceite\/filtracion-trasiego-aceite\/filtracion-secado-termovacio\" target=\"_blank\">Read More <\/a><\/p>\n","protected":false},"author":24,"featured_media":0,"parent":3101,"menu_order":0,"comment_status":"closed","ping_status":"closed","template":"page-templates\/page-single-products.php","meta":{"footnotes":""},"class_list":["post-3129","page","type-page","status-publish","hentry"],"acf":[],"language":"en","_links":{"self":[{"href":"https:\/\/aceite.globecore.com\/en\/wp-json\/wp\/v2\/pages\/3129","targetHints":{"allow":["GET"]}}],"collection":[{"href":"https:\/\/aceite.globecore.com\/en\/wp-json\/wp\/v2\/pages"}],"about":[{"href":"https:\/\/aceite.globecore.com\/en\/wp-json\/wp\/v2\/types\/page"}],"author":[{"embeddable":true,"href":"https:\/\/aceite.globecore.com\/en\/wp-json\/wp\/v2\/users\/24"}],"replies":[{"embeddable":true,"href":"https:\/\/aceite.globecore.com\/en\/wp-json\/wp\/v2\/comments?post=3129"}],"version-history":[{"count":0,"href":"https:\/\/aceite.globecore.com\/en\/wp-json\/wp\/v2\/pages\/3129\/revisions"}],"up":[{"embeddable":true,"href":"https:\/\/aceite.globecore.com\/en\/wp-json\/wp\/v2\/pages\/3101"}],"wp:attachment":[{"href":"https:\/\/aceite.globecore.com\/en\/wp-json\/wp\/v2\/media?parent=3129"}],"curies":[{"name":"wp","href":"https:\/\/api.w.org\/{rel}","templated":true}]}}