{"id":3064,"date":"2016-10-07T09:38:56","date_gmt":"2016-10-07T09:38:56","guid":{"rendered":"http:\/\/aceite.globecore.com\/?page_id=3064"},"modified":"2018-05-04T11:42:06","modified_gmt":"2018-05-04T11:42:06","slug":"globecore-uvr-45016-regeneracion-aceites-industriales-en-base-mineral","status":"publish","type":"page","link":"https:\/\/aceite.globecore.com\/purificacion-de-aceite\/regeneracion-de-aceite\/globecore-uvr-45016-regeneracion-aceites-industriales-en-base-mineral","title":{"rendered":"GlobeCore UVR-450\/16 de regeneraci\u00f3n de aceites industriales base mineral"},"content":{"rendered":"<div id=\"pl-3064\"  class=\"panel-layout\" >\n<div id=\"pg-3064-0\"  class=\"panel-grid panel-no-style\" >\n<div id=\"pgc-3064-0-0\"  class=\"panel-grid-cell\"  data-weight=\"1\" >\n<div id=\"panel-3064-0-0-0\" class=\"so-panel widget widget_sow-editor panel-first-child panel-last-child\" data-index=\"0\" data-style=\"{&quot;background_display&quot;:&quot;tile&quot;}\" >\n<div class=\"so-widget-sow-editor so-widget-sow-editor-base\">\n<div class=\"siteorigin-widget-tinymce textwidget\">\n<p>\u00a0<img loading=\"lazy\" decoding=\"async\" class=\"alignnone size-full wp-image-3079\" src=\"http:\/\/aceite.globecore.com\/wp-content\/uploads\/sites\/30\/2016\/10\/2-\u0423\u0412\u0420\u041a-450-16-280\u043b-\u0432-\u0440\u043e\u043b\u0435\u0442\u043d\u043e\u043c-\u043a\u043e\u043d\u0442.\u0438\u0437\u043c-\u0440\u0430\u0437\u043c\u0435\u0440\u043e\u0432\u044e.jpg\" alt=\"2-%d1%83%d0%b2%d1%80%d0%ba-450-16-280%d0%bb-%d0%b2-%d1%80%d0%be%d0%bb%d0%b5%d1%82%d0%bd%d0%be%d0%bc-%d0%ba%d0%be%d0%bd%d1%82-%d0%b8%d0%b7%d0%bc-%d1%80%d0%b0%d0%b7%d0%bc%d0%b5%d1%80%d0%be%d0%b2%d1%8e\" width=\"1938\" height=\"2713\" srcset=\"https:\/\/aceite.globecore.com\/wp-content\/uploads\/sites\/30\/2016\/10\/2-\u0423\u0412\u0420\u041a-450-16-280\u043b-\u0432-\u0440\u043e\u043b\u0435\u0442\u043d\u043e\u043c-\u043a\u043e\u043d\u0442.\u0438\u0437\u043c-\u0440\u0430\u0437\u043c\u0435\u0440\u043e\u0432\u044e.jpg 1938w, https:\/\/aceite.globecore.com\/wp-content\/uploads\/sites\/30\/2016\/10\/2-\u0423\u0412\u0420\u041a-450-16-280\u043b-\u0432-\u0440\u043e\u043b\u0435\u0442\u043d\u043e\u043c-\u043a\u043e\u043d\u0442.\u0438\u0437\u043c-\u0440\u0430\u0437\u043c\u0435\u0440\u043e\u0432\u044e-214x300.jpg 214w, https:\/\/aceite.globecore.com\/wp-content\/uploads\/sites\/30\/2016\/10\/2-\u0423\u0412\u0420\u041a-450-16-280\u043b-\u0432-\u0440\u043e\u043b\u0435\u0442\u043d\u043e\u043c-\u043a\u043e\u043d\u0442.\u0438\u0437\u043c-\u0440\u0430\u0437\u043c\u0435\u0440\u043e\u0432\u044e-768x1075.jpg 768w, https:\/\/aceite.globecore.com\/wp-content\/uploads\/sites\/30\/2016\/10\/2-\u0423\u0412\u0420\u041a-450-16-280\u043b-\u0432-\u0440\u043e\u043b\u0435\u0442\u043d\u043e\u043c-\u043a\u043e\u043d\u0442.\u0438\u0437\u043c-\u0440\u0430\u0437\u043c\u0435\u0440\u043e\u0432\u044e-731x1024.jpg 731w\" sizes=\"auto, (max-width: 1938px) 100vw, 1938px\" \/><\/p>\n<p style=\"text-align: left\">Las m\u00e1quinas de regeneraci\u00f3n <span style=\"color: #0000ff\"><strong>UVR<\/strong><\/span> operan exitosamente con aceites de transformador, aceites de turbina, aceites industriales, combustibles diesel y aceites combustibles en decenas de las\u00a0 empresas en todas partes del mundo.<\/p>\n<p style=\"text-align: left\">La m\u00e1quina se aplica en las empresas de cualquier rubro, no requiere colocaci\u00f3n especial, se transporta f\u00e1cilmente y es silenciosa.<\/p>\n<p style=\"text-align: left\">En las m\u00e1quinas UVR se aplica el sorbente especial cual une en s\u00ed un costo econ\u00f3mico y altas propiedades de sorci\u00f3n cuales permiten despu\u00e9s de regeneraci\u00f3n obtener el producto con caracter\u00edsticas que superan las del producto nuevo.<\/p>\n<p style=\"text-align: left\"><span style=\"color: #00ccff\">Nota<\/span>: Con \u00e9ste sistema se puede regenerar el aceite industrial solamente desp\u00faes de remover el agua, fluidos, oxiacidos, carbenos y asf\u00e1ltenos.\u00a0<\/p>\n<p><iframe loading=\"lazy\" title=\"Regeneraci\u00f3n de aceites minerales aislantes con UVR-450\/16 de GlobeCore\" width=\"604\" height=\"340\" src=\"https:\/\/www.youtube.com\/embed\/GiyvyDqUzfk?feature=oembed\" frameborder=\"0\" allow=\"accelerometer; autoplay; clipboard-write; encrypted-media; gyroscope; picture-in-picture; web-share\" referrerpolicy=\"strict-origin-when-cross-origin\" allowfullscreen><\/iframe><\/p>\n<\/div>\n<\/div>\n<\/div>\n<\/div>\n<\/div>\n<\/div>\n","protected":false},"excerpt":{"rendered":"<p>\u00a0 Las m\u00e1quinas de regeneraci\u00f3n UVR operan exitosamente con aceites de transformador, aceites de turbina, aceites industriales, combustibles diesel y aceites combustibles en decenas de las\u00a0 empresas en todas partes del mundo. La m\u00e1quina se aplica en las empresas de cualquier rubro, no requiere colocaci\u00f3n especial, se transporta f\u00e1cilmente y es silenciosa. En las m\u00e1quinas<a class=\"cg-read-more\" href=\"https:\/\/aceite.globecore.com\/purificacion-de-aceite\/regeneracion-de-aceite\/globecore-uvr-45016-regeneracion-aceites-industriales-en-base-mineral\" target=\"_blank\">Read More <\/a><\/p>\n","protected":false},"author":24,"featured_media":0,"parent":2446,"menu_order":0,"comment_status":"closed","ping_status":"closed","template":"page-templates\/page-single-products.php","meta":{"footnotes":""},"class_list":["post-3064","page","type-page","status-publish","hentry"],"acf":[],"language":"en","_links":{"self":[{"href":"https:\/\/aceite.globecore.com\/en\/wp-json\/wp\/v2\/pages\/3064","targetHints":{"allow":["GET"]}}],"collection":[{"href":"https:\/\/aceite.globecore.com\/en\/wp-json\/wp\/v2\/pages"}],"about":[{"href":"https:\/\/aceite.globecore.com\/en\/wp-json\/wp\/v2\/types\/page"}],"author":[{"embeddable":true,"href":"https:\/\/aceite.globecore.com\/en\/wp-json\/wp\/v2\/users\/24"}],"replies":[{"embeddable":true,"href":"https:\/\/aceite.globecore.com\/en\/wp-json\/wp\/v2\/comments?post=3064"}],"version-history":[{"count":0,"href":"https:\/\/aceite.globecore.com\/en\/wp-json\/wp\/v2\/pages\/3064\/revisions"}],"up":[{"embeddable":true,"href":"https:\/\/aceite.globecore.com\/en\/wp-json\/wp\/v2\/pages\/2446"}],"wp:attachment":[{"href":"https:\/\/aceite.globecore.com\/en\/wp-json\/wp\/v2\/media?parent=3064"}],"curies":[{"name":"wp","href":"https:\/\/api.w.org\/{rel}","templated":true}]}}