{"id":3062,"date":"2016-10-07T09:37:54","date_gmt":"2016-10-07T09:37:54","guid":{"rendered":"http:\/\/aceite.globecore.com\/?page_id=3062"},"modified":"2018-05-04T11:41:45","modified_gmt":"2018-05-04T11:41:45","slug":"globecore-uvr-4506-regeneracion-aceites-industriales-en-base-mineral","status":"publish","type":"page","link":"https:\/\/aceite.globecore.com\/purificacion-de-aceite\/regeneracion-de-aceite\/globecore-uvr-4506-regeneracion-aceites-industriales-en-base-mineral","title":{"rendered":"GlobeCore UVR-450\/6 de regeneraci\u00f3n de aceites industriales base mineral"},"content":{"rendered":"<div id=\"pl-3062\"  class=\"panel-layout\" >\n<div id=\"pg-3062-0\"  class=\"panel-grid panel-no-style\"  data-style=\"{&quot;background_display&quot;:&quot;tile&quot;}\" >\n<div id=\"pgc-3062-0-0\"  class=\"panel-grid-cell\"  data-weight=\"1\" >\n<div id=\"panel-3062-0-0-0\" class=\"so-panel widget widget_sow-editor panel-first-child panel-last-child\" data-index=\"0\" data-style=\"{&quot;background_display&quot;:&quot;tile&quot;}\" >\n<div class=\"so-widget-sow-editor so-widget-sow-editor-base\">\n<div class=\"siteorigin-widget-tinymce textwidget\">\n<p style=\"text-align: left\"><img loading=\"lazy\" decoding=\"async\" class=\"alignnone size-full wp-image-3060\" src=\"http:\/\/aceite.globecore.com\/wp-content\/uploads\/sites\/30\/2016\/04\/UVR-450-6COLUMNS.jpg\" alt=\"uvr-450-6columns\" width=\"800\" height=\"529\" \/><\/p>\n<p style=\"text-align: left\">La m\u00e1quina <em><strong><span style=\"color: #3366ff\">UVR<\/span><\/strong><\/em> purifica y clarifica combustibles diesel y aceite combustibles oscuros, elimina el azufre y compuestos sulfh\u00eddricos, facilmente libera condensado de gas de alquitr\u00e1n y contaminaciones, elimina el olor de hidr\u00f3geno sulfurado y otros arom\u00e1ticos. Los combustibles despu\u00e9s de purificaci\u00f3n corresponden a las normas de calidad y a alto grado de pureza.<\/p>\n<p style=\"text-align: left\">Los productos de petr\u00f3leo despu\u00e9s de procesos de regeneraci\u00f3n, purificaci\u00f3n y clarificaci\u00f3n mantienen su estabilidad y no se oscurecen.<\/p>\n<p style=\"text-align: left\"><span style=\"color: #00ccff\">Nota<\/span>: Con \u00e9ste sistema se puede regenerar el aceite industrial solamente desp\u00faes de remover el agua, fluidos, oxiacidos, carbenos y asf\u00e1ltenos.<\/p>\n<p><iframe loading=\"lazy\" title=\"Regeneraci\u00f3n de aceites minerales aislantes con UVR-450\/16 de GlobeCore\" width=\"604\" height=\"340\" src=\"https:\/\/www.youtube.com\/embed\/GiyvyDqUzfk?feature=oembed\" frameborder=\"0\" allow=\"accelerometer; autoplay; clipboard-write; encrypted-media; gyroscope; picture-in-picture; web-share\" referrerpolicy=\"strict-origin-when-cross-origin\" allowfullscreen><\/iframe><\/p>\n<\/div>\n<\/div>\n<\/div>\n<\/div>\n<\/div>\n<\/div>\n","protected":false},"excerpt":{"rendered":"<p>La m\u00e1quina UVR purifica y clarifica combustibles diesel y aceite combustibles oscuros, elimina el azufre y compuestos sulfh\u00eddricos, facilmente libera condensado de gas de alquitr\u00e1n y contaminaciones, elimina el olor de hidr\u00f3geno sulfurado y otros arom\u00e1ticos. Los combustibles despu\u00e9s de purificaci\u00f3n corresponden a las normas de calidad y a alto grado de pureza. Los productos<a class=\"cg-read-more\" href=\"https:\/\/aceite.globecore.com\/purificacion-de-aceite\/regeneracion-de-aceite\/globecore-uvr-4506-regeneracion-aceites-industriales-en-base-mineral\" target=\"_blank\">Read More <\/a><\/p>\n","protected":false},"author":24,"featured_media":0,"parent":2446,"menu_order":0,"comment_status":"closed","ping_status":"closed","template":"page-templates\/page-single-products.php","meta":{"footnotes":""},"class_list":["post-3062","page","type-page","status-publish","hentry"],"acf":[],"language":"en","_links":{"self":[{"href":"https:\/\/aceite.globecore.com\/en\/wp-json\/wp\/v2\/pages\/3062","targetHints":{"allow":["GET"]}}],"collection":[{"href":"https:\/\/aceite.globecore.com\/en\/wp-json\/wp\/v2\/pages"}],"about":[{"href":"https:\/\/aceite.globecore.com\/en\/wp-json\/wp\/v2\/types\/page"}],"author":[{"embeddable":true,"href":"https:\/\/aceite.globecore.com\/en\/wp-json\/wp\/v2\/users\/24"}],"replies":[{"embeddable":true,"href":"https:\/\/aceite.globecore.com\/en\/wp-json\/wp\/v2\/comments?post=3062"}],"version-history":[{"count":0,"href":"https:\/\/aceite.globecore.com\/en\/wp-json\/wp\/v2\/pages\/3062\/revisions"}],"up":[{"embeddable":true,"href":"https:\/\/aceite.globecore.com\/en\/wp-json\/wp\/v2\/pages\/2446"}],"wp:attachment":[{"href":"https:\/\/aceite.globecore.com\/en\/wp-json\/wp\/v2\/media?parent=3062"}],"curies":[{"name":"wp","href":"https:\/\/api.w.org\/{rel}","templated":true}]}}