{"id":2829,"date":"2016-07-25T07:26:23","date_gmt":"2016-07-25T07:26:23","guid":{"rendered":"http:\/\/aceite.globecore.com\/?page_id=2829"},"modified":"2021-05-19T11:04:19","modified_gmt":"2021-05-19T11:04:19","slug":"videos","status":"publish","type":"page","link":"https:\/\/aceite.globecore.com\/videos","title":{"rendered":"V\u00eddeos"},"content":{"rendered":"<p class=\"title style-scope ytd-video-primary-info-renderer\"><strong>Clean Marine \u2013 purificaci\u00f3n de aceite de tarnsformadores en plataformas de perforaci\u00f3n<\/strong><\/p>\n<p><iframe loading=\"lazy\" title=\"Purificaci\u00f3n de Aceite de Transformador con Clean Marine de GlobeCore en plataformas de perforaci\u00f3n\" width=\"604\" height=\"340\" src=\"https:\/\/www.youtube.com\/embed\/NhC7hXmyYas?feature=oembed\" frameborder=\"0\" allow=\"accelerometer; autoplay; clipboard-write; encrypted-media; gyroscope; picture-in-picture; web-share\" referrerpolicy=\"strict-origin-when-cross-origin\" allowfullscreen><\/iframe><\/p>\n<p class=\"title style-scope ytd-video-primary-info-renderer\"><strong>El aceite de transformador es recuperable<\/strong><\/p>\n<p><iframe loading=\"lazy\" title=\"Mantenimiento de transformador\" width=\"604\" height=\"340\" src=\"https:\/\/www.youtube.com\/embed\/_pjGhFtLkWQ?feature=oembed\" frameborder=\"0\" allow=\"accelerometer; autoplay; clipboard-write; encrypted-media; gyroscope; picture-in-picture; web-share\" referrerpolicy=\"strict-origin-when-cross-origin\" allowfullscreen><\/iframe><\/p>\n<p class=\"title style-scope ytd-video-primary-info-renderer\"><strong>Molino coloidal para la industria alimentaria<\/strong><\/p>\n<p><iframe loading=\"lazy\" title=\"Molino coloidal para la industria alimentaria CLM 1.3 de GlobeCore\" width=\"604\" height=\"340\" src=\"https:\/\/www.youtube.com\/embed\/RYQJzb5kFbw?feature=oembed\" frameborder=\"0\" allow=\"accelerometer; autoplay; clipboard-write; encrypted-media; gyroscope; picture-in-picture; web-share\" referrerpolicy=\"strict-origin-when-cross-origin\" allowfullscreen><\/iframe><\/p>\n<p class=\"title style-scope ytd-video-primary-info-renderer\"><strong>Secado de transformador con vac\u00edo. Unidad GlobeCore Iney<\/strong><\/p>\n<p><iframe loading=\"lazy\" title=\"Secado de transformador al vac\u00edo con INEY de GlobeCore\" width=\"604\" height=\"340\" src=\"https:\/\/www.youtube.com\/embed\/7jDWxSngquU?feature=oembed\" frameborder=\"0\" allow=\"accelerometer; autoplay; clipboard-write; encrypted-media; gyroscope; picture-in-picture; web-share\" referrerpolicy=\"strict-origin-when-cross-origin\" allowfullscreen><\/iframe><\/p>\n<p class=\"title style-scope ytd-video-primary-info-renderer\"><strong>Plantas de regeneraci\u00f3n de aceite de transformadores con Tierra Fuller<\/strong><\/p>\n<p><iframe loading=\"lazy\" title=\"Plantas de regeneraci\u00f3n de aceite de transformadores con Tierra Fuller\" width=\"604\" height=\"453\" src=\"https:\/\/www.youtube.com\/embed\/fg80cFdmc0Y?feature=oembed\" frameborder=\"0\" allow=\"accelerometer; autoplay; clipboard-write; encrypted-media; gyroscope; picture-in-picture; web-share\" referrerpolicy=\"strict-origin-when-cross-origin\" allowfullscreen><\/iframe><\/p>\n<p class=\"title style-scope ytd-video-primary-info-renderer\"><strong>Cambio de aceite en el reductor del generador e\u00f3lico. Planta de cambio de aceite SMM-G<\/strong><\/p>\n<p><iframe loading=\"lazy\" title=\"Cambio de aceite en las turbinas e\u00f3licas con CMM-G de GlobeCore\" width=\"604\" height=\"340\" src=\"https:\/\/www.youtube.com\/embed\/HiUcJpzUN3k?feature=oembed\" frameborder=\"0\" allow=\"accelerometer; autoplay; clipboard-write; encrypted-media; gyroscope; picture-in-picture; web-share\" referrerpolicy=\"strict-origin-when-cross-origin\" allowfullscreen><\/iframe><\/p>\n<p class=\"title style-scope ytd-video-primary-info-renderer\"><strong>Protecci\u00f3n contra la humedad del aislamiento. Unidad Mojave Heat<\/strong><\/p>\n<p><iframe loading=\"lazy\" title=\"Protecci\u00f3n contra la humedad de aislamiento de transformador con MOJAVE HEAT de GlobeCore\" width=\"604\" height=\"340\" src=\"https:\/\/www.youtube.com\/embed\/rzKIG73EOog?feature=oembed\" frameborder=\"0\" allow=\"accelerometer; autoplay; clipboard-write; encrypted-media; gyroscope; picture-in-picture; web-share\" referrerpolicy=\"strict-origin-when-cross-origin\" allowfullscreen><\/iframe><\/p>\n<p class=\"title style-scope ytd-video-primary-info-renderer\"><strong>\u0421omisionado de la m\u00e1quina \u0421\u041c\u041c-12R. La ciudad Quito, Ecuador<\/strong><\/p>\n<p><iframe loading=\"lazy\" title=\"Maqu\u00edna de regeneraci\u00f3n de aceite CMM-12R de GlobeCore\" width=\"604\" height=\"340\" src=\"https:\/\/www.youtube.com\/embed\/T2uiTZcPBmc?feature=oembed\" frameborder=\"0\" allow=\"accelerometer; autoplay; clipboard-write; encrypted-media; gyroscope; picture-in-picture; web-share\" referrerpolicy=\"strict-origin-when-cross-origin\" allowfullscreen><\/iframe><\/p>\n<h1 class=\"title style-scope ytd-video-primary-info-renderer\"><\/h1>\n<p>&nbsp;<\/p>\n","protected":false},"excerpt":{"rendered":"<p>Clean Marine \u2013 purificaci\u00f3n de aceite de tarnsformadores en plataformas de perforaci\u00f3n El aceite de transformador es recuperable Molino coloidal para la industria alimentaria Secado de transformador con vac\u00edo. Unidad GlobeCore Iney Plantas de regeneraci\u00f3n de aceite de transformadores con Tierra Fuller Cambio de aceite en el reductor del generador e\u00f3lico. Planta de cambio de<a class=\"cg-read-more\" href=\"https:\/\/aceite.globecore.com\/videos\" target=\"_blank\">Read More <\/a><\/p>\n","protected":false},"author":24,"featured_media":0,"parent":0,"menu_order":0,"comment_status":"closed","ping_status":"closed","template":"","meta":{"footnotes":""},"class_list":["post-2829","page","type-page","status-publish","hentry"],"acf":[],"language":"en","_links":{"self":[{"href":"https:\/\/aceite.globecore.com\/en\/wp-json\/wp\/v2\/pages\/2829","targetHints":{"allow":["GET"]}}],"collection":[{"href":"https:\/\/aceite.globecore.com\/en\/wp-json\/wp\/v2\/pages"}],"about":[{"href":"https:\/\/aceite.globecore.com\/en\/wp-json\/wp\/v2\/types\/page"}],"author":[{"embeddable":true,"href":"https:\/\/aceite.globecore.com\/en\/wp-json\/wp\/v2\/users\/24"}],"replies":[{"embeddable":true,"href":"https:\/\/aceite.globecore.com\/en\/wp-json\/wp\/v2\/comments?post=2829"}],"version-history":[{"count":0,"href":"https:\/\/aceite.globecore.com\/en\/wp-json\/wp\/v2\/pages\/2829\/revisions"}],"wp:attachment":[{"href":"https:\/\/aceite.globecore.com\/en\/wp-json\/wp\/v2\/media?parent=2829"}],"curies":[{"name":"wp","href":"https:\/\/api.w.org\/{rel}","templated":true}]}}