{"id":2617,"date":"2016-04-28T14:42:09","date_gmt":"2016-04-28T14:42:09","guid":{"rendered":"http:\/\/aceite.globecore.com\/purificacion-de-aceite\/molinos-magneticos-avs.html"},"modified":"2020-04-14T10:43:21","modified_gmt":"2020-04-14T10:43:21","slug":"molinos-magneticos-avs","status":"publish","type":"page","link":"https:\/\/aceite.globecore.com\/purificacion-de-aceite\/molinos-magneticos-avs","title":{"rendered":"Molinos magneticos AVS"},"content":{"rendered":"<h3 class=\"widget-title\">AVS 100<\/h3>\n<p>&nbsp;<\/p>\n<h3 class=\"widget-title\">Aplicaci\u00f3n de los aparatos de campo electromagn\u00e9tico turbulento, AVS<\/h3>\n<p>Apar\u00e1tos electromagn\u00e9ticos con los elementos electromagn\u00e9ticos activos pueden aplicarse eficazmente en \u00a0diferentes sectores: construcci\u00f3n, industria de construcci\u00f3n de maquinas, ingenier\u00eca qu\u00ecmica; en ramas agropecuarias, industria alimentaria, industrias extractivas, as\u00ed como en medicina (farmacolog\u00eca), en particular, \u00a0para:<\/p>\n<p>&#8211; obtener suspensi\u00f3nes y emulsi\u00f3nes extremadamente finas de muchos componentes (ej.: salsas, pastas, mayonesas, ketcup,crema de man\u00ed, entre otras);<\/p>\n<p>-acelerar los procesos de obtenci\u00f3n de las mezclas de dispersi\u00f3n fina;<\/p>\n<p>&#8211; para la producci\u00f3n de los materiales de construcci\u00f3n (ej.: micromolienda de cemento portland 400 para optimizar las mezclas de construcci\u00f3n, molienda de los residuos salinos de aluminio a polvos para producci\u00f3n de hormig\u00f3n celular, como opci\u00f3n, producci\u00f3n de mezclas para extremadamente fuertes ladrillos silicocalcareos, etc.);<\/p>\n<p>&nbsp;<\/p>\n<h3 class=\"widget-title\">AVS 150<\/h3>\n<p>&nbsp;<\/p>\n<p><img loading=\"lazy\" decoding=\"async\" class=\"alignnone size-medium wp-image-3579\" src=\"http:\/\/aceite.globecore.com\/wp-content\/uploads\/sites\/30\/2020\/04\/\u0410\u0412\u0421-150-249x300.jpg\" alt=\"\" width=\"249\" height=\"300\" srcset=\"https:\/\/aceite.globecore.com\/wp-content\/uploads\/sites\/30\/2020\/04\/\u0410\u0412\u0421-150-249x300.jpg 249w, https:\/\/aceite.globecore.com\/wp-content\/uploads\/sites\/30\/2020\/04\/\u0410\u0412\u0421-150-768x926.jpg 768w, https:\/\/aceite.globecore.com\/wp-content\/uploads\/sites\/30\/2020\/04\/\u0410\u0412\u0421-150.jpg 829w\" sizes=\"auto, (max-width: 249px) 100vw, 249px\" \/><\/p>\n<p>&#8211; activar los materiales tanto secos como en estado de dispersi\u00f3n acuosa;<\/p>\n<p>&#8211; en los procesos de producci\u00f3n de goma (ej.: aplicaci\u00f3n de AVS para la preparaci\u00f3n de suspensions en el procesamiento de l\u00e1tex lo acelera significativamente y mejora la calidad del producto final, as\u00ed llegando a obtener la goma con los parametros de calidad mejorados en resistencia, alargamiento relative, elasticidad. Activaci\u00f3n de kaol\u00ecn en el aparato de flujo turbulento permita incrementar la durabilidad de los agentes reticulantes); \u00a0<strong><em>\u00a0<\/em><\/strong><\/p>\n<p><em>&#8211; <\/em>estimulaci\u00f3n de las semillas antes de su germinaci\u00f3n y su desinfecci\u00f3n;<\/p>\n<p><em>&#8211; <\/em>eliminar\u00a0 completamente de las aguas residuales industriales tales elementos como fenol, formaldehido, metales pesados, ars\u00e9nico, compuestos cianurados;<\/p>\n<p><em>&#8211; <\/em>desparasitaci\u00f3n completa de los deyecci\u00f3nes de ganado;<\/p>\n<p>-acelelrar los procesos de termotratamiento;<\/p>\n<p><em>&#8211;<\/em>incrementar estabilidad microbiol\u00f3gica de los alimentos y activar fermentaci\u00f3n de levadura en art\u00ecculos de harina.<\/p>\n<p><em>&#8211;<\/em>subir calidad de art\u00ecculos semifabricados y de productos terminados de carne y pescado;<\/p>\n<p>&#8211; intensificar los procesos de extracci<em>\u00f3n, inclusive en la preparaci\u00f3n de los caldos, en la ebolaraci\u00f3n de las bebidas de bayas (jugos) y de la pectina, etc. <\/em><\/p>\n<p><em>&#8211; obtener suspensiones y emulsiones de seguridad microbiol\u00f3gica elevada en la industria alimentaria sin utilizar los estabilizadores, as\u00ed como para elevar la cantidad en la salida de los productos terminados.<\/em><\/p>\n<p><img loading=\"lazy\" decoding=\"async\" class=\"alignnone size-medium wp-image-2632\" src=\"http:\/\/aceite.globecore.com\/wp-content\/uploads\/sites\/30\/2016\/04\/Esquema-AVS-10-300x193.jpg\" alt=\"Esquema AVS 10\" width=\"300\" height=\"193\" srcset=\"https:\/\/aceite.globecore.com\/wp-content\/uploads\/sites\/30\/2016\/04\/Esquema-AVS-10-300x193.jpg 300w, https:\/\/aceite.globecore.com\/wp-content\/uploads\/sites\/30\/2016\/04\/Esquema-AVS-10.jpg 680w\" sizes=\"auto, (max-width: 300px) 100vw, 300px\" \/><\/p>\n<h3 class=\"widget-title\">Esquema de parato de campo electromagn\u00e9tico AVS-100<\/h3>\n<p><em>Los aparatos son herm\u00e9ticos, no tienen\u00a0 compactadores din\u00e1micos y tienen el dispositivo electromagn\u00e9tico con el sistema de enfriamiento, c\u00e0mara de trabajo y panel de mando. <\/em><\/p>\n<p><em>Aparato de campo electromagn\u00e9tico AVS-100. Di\u00e0metro interior de mandrinado del inductor es 100mm, di\u00e1mentro de la c\u00e1mara de trabajo es 90<\/em><em>\u043c\u043c<\/em><em>.<\/em><\/p>\n<p><em>1<\/em><em> \u2013 cuerpo de inductor; 2 \u2013 inductor de campo electromagn\u00e9tico; 3 \u2013 c\u00e1mara de trabajo; 4-armario de control.<\/em><\/p>\n<p><img loading=\"lazy\" decoding=\"async\" class=\"alignnone size-medium wp-image-2636\" src=\"http:\/\/aceite.globecore.com\/wp-content\/uploads\/sites\/30\/2016\/04\/Esquema-AVS-150-300x169.jpg\" alt=\"Esquema AVS 150\" width=\"300\" height=\"169\" srcset=\"https:\/\/aceite.globecore.com\/wp-content\/uploads\/sites\/30\/2016\/04\/Esquema-AVS-150-300x169.jpg 300w, https:\/\/aceite.globecore.com\/wp-content\/uploads\/sites\/30\/2016\/04\/Esquema-AVS-150.jpg 680w\" sizes=\"auto, (max-width: 300px) 100vw, 300px\" \/><\/p>\n<h3 class=\"widget-title\">Esquema de aparato de campo electromagn\u00e9tico AVS-150<\/h3>\n<p><em>Aparato de campo electromagn\u00e9tico AVS-150. Di\u00e0metro interior de mandrinado del inductor es150mm., di\u00e1mentro de la c\u00e1mara de trabajo 136mm.<\/em><\/p>\n<p><em>1<\/em><em> \u2013 cuerpo de inductor; 2 \u2013 inductor de campo electromagn\u00e9tico; 3 \u2013 c\u00e1mara de trabajo; 4- armario de control.<\/em><\/p>\n<p><em>En el aparato AVS-150 el bloque de mando del sistema se ubica separadamente\u00a0 del aparato.<\/em><\/p>\n<h3 class=\"widget-title\">Propiedades t\u00e9cnicas de los aparatos de campo electromagn\u00e9tico con flujo turbulento<\/h3>\n<p>Los APARATOS son seguros en su operaci\u00f3n y pueden ser instalados facilmente en el \u00e1rea de producci\u00f3n sin la fundaci\u00f3n especial. Con cierta ubicaci\u00f3n de los aparatos (montados en serie o en paralelo) se puede lograr qualquiera productividad de la linea continua de producci\u00f3n.<\/p>\n<p>Intensificaci\u00f3n de los procesos en \u0410VS se logra gracias a mezclado intensivo y dispersi\u00f3n de los componentes, por medio de tratamiento ac\u00fastico\u00a0 y electromagn\u00e9t\u00ecco, presi\u00f3n alta local y de electr\u00f3lisis.<\/p>\n<table>\n<tbody>\n<tr>\n<td rowspan=\"2\" width=\"36%\"><em>Propiedades de aparato<\/em><\/td>\n<td colspan=\"2\" width=\"63%\"><em>Tipo de aparato<\/em><\/td>\n<\/tr>\n<tr>\n<td width=\"32%\"><em>AVS<\/em><em>-100<\/em><\/td>\n<td width=\"30%\"><em>AVS<\/em><em>-150<\/em><\/td>\n<\/tr>\n<tr>\n<td width=\"36%\"><em>Capacidad m\u00e1xima, m<sup>3<\/sup>\/hora\u2013 en purificaci\u00f3n de aguas residuales<\/em><\/td>\n<td width=\"32%\"><em>12<\/em><\/td>\n<td width=\"30%\"><em>30<\/em><\/td>\n<\/tr>\n<tr>\n<td width=\"36%\"><em>\u2013 <\/em><em>al obtener suspensi\u00f3n<\/em><\/td>\n<td width=\"32%\"><em>5<\/em><\/td>\n<td width=\"30%\"><em>15<\/em><\/td>\n<\/tr>\n<tr>\n<td width=\"36%\"><em>Presi\u00f3n de trabajo, bar, no m\u00e1s:<\/em><\/td>\n<td colspan=\"2\" width=\"63%\"><em>2,5<\/em><\/td>\n<\/tr>\n<tr>\n<td width=\"36%\"><em>Di\u00e1metro de zona de servicio, mm<\/em><\/td>\n<td width=\"32%\"><em>90<\/em><\/td>\n<td width=\"30%\"><em>136<\/em><\/td>\n<\/tr>\n<tr>\n<td width=\"36%\"><em>Inducci\u00f3n magn\u00e9tica en zona de servicio, <\/em><em>\u0422<\/em><\/td>\n<td width=\"32%\"><em>0,15<\/em><\/td>\n<td width=\"30%\"><em>0,15<\/em><\/td>\n<\/tr>\n<tr>\n<td width=\"36%\"><em>A<\/em><em>limentaci\u00f3n el\u00e9ctrica<\/em><\/td>\n<td colspan=\"2\" width=\"63%\"><em>desde el sistema de corriente alterna<\/em><\/td>\n<\/tr>\n<tr>\n<td width=\"36%\"><em>Frecuencia<\/em><em>, <\/em><em>Hz<\/em><\/td>\n<td width=\"32%\"><em>50<\/em><\/td>\n<td width=\"30%\"><em>50<\/em><\/td>\n<\/tr>\n<tr>\n<td width=\"36%\"><em>Tensi\u00f3n<\/em><em>, <\/em><em>V<\/em><\/td>\n<td width=\"32%\"><em>380<\/em><\/td>\n<td width=\"30%\"><em>380<\/em><\/td>\n<\/tr>\n<tr>\n<td width=\"36%\"><em>Velocidad de rotaci\u00f3n del campo electromagn\u00e9tico en la c\u00e1mara de trabajo, rot\/min<\/em><\/td>\n<td width=\"32%\"><em>3\u00a0000<\/em><\/td>\n<td width=\"30%\"><em>3\u00a0000<\/em><\/td>\n<\/tr>\n<tr>\n<td width=\"36%\"><em>Potencia consumida<\/em><em>, <\/em><em>kilovatio-horas<\/em><\/td>\n<td width=\"32%\"><em>4,5<\/em><\/td>\n<td width=\"30%\"><em>9,5<\/em><\/td>\n<\/tr>\n<tr>\n<td width=\"36%\"><em>Dimensiones del aparato<\/em><em>, <\/em><em>mm<\/em><\/td>\n<td width=\"32%\"><em>1200\u00d7900\u00d71610<\/em><\/td>\n<td width=\"30%\"><em>8<\/em><em>00\u00d7<\/em><em>9<\/em><em>00\u00d71<\/em><em>15<\/em><em>0<\/em><\/td>\n<\/tr>\n<tr>\n<td width=\"36%\">&#8211;\u00a0\u00a0\u00a0\u00a0\u00a0\u00a0\u00a0\u00a0\u00a0 <em>del bloque del mando<\/em><\/td>\n<td width=\"32%\"><em>\u2013<\/em><\/td>\n<td width=\"30%\"><em>81<\/em><em>0\u00d710<\/em><em>0<\/em><em>0\u00d71\u00a0<\/em><em>85<\/em><em>0<\/em><\/td>\n<\/tr>\n<tr>\n<td width=\"36%\"><em>Peso de aparato AVS 100 (o de aparato 150+bloque de mando), kg<\/em><\/td>\n<td width=\"32%\"><em>520<\/em><\/td>\n<td width=\"30%\"><em>430+5<\/em><em>50<\/em><\/td>\n<\/tr>\n<\/tbody>\n<\/table>\n<p>&nbsp;<\/p>\n<p><img loading=\"lazy\" decoding=\"async\" class=\"alignnone size-medium wp-image-2639\" src=\"http:\/\/aceite.globecore.com\/wp-content\/uploads\/sites\/30\/2016\/04\/Esquema-de-funcion-de-aparato-300x169.jpg\" alt=\"Esquema de funcion de aparato\" width=\"300\" height=\"169\" srcset=\"https:\/\/aceite.globecore.com\/wp-content\/uploads\/sites\/30\/2016\/04\/Esquema-de-funcion-de-aparato-300x169.jpg 300w, https:\/\/aceite.globecore.com\/wp-content\/uploads\/sites\/30\/2016\/04\/Esquema-de-funcion-de-aparato.jpg 680w\" sizes=\"auto, (max-width: 300px) 100vw, 300px\" \/><\/p>\n<p><em>Esquema de aparato electromagn\u00e9tico con flujo turbulento:<\/em><\/p>\n<p><em>1 \u2013 casquillo de protecci\u00f3n; 2 \u2013 inductor de campo electromagn\u00e9tico giratorio;<\/em><\/p>\n<p><em>3 \u2013 cuerpo de inductor; 4 \u2013 c\u00e1mara de trabajo de material amagnetico;<\/em><\/p>\n<p><em>5 \u2013 elementos ferromagn\u00e9ticos<\/em><\/p>\n<h3 class=\"widget-title\">Modo de funcionar y dispositivo AVS 150<\/h3>\n<p>En base de funcionamiento de aparato est\u00e1 el principio de conversi\u00f3n de energ\u00eda de campo electromagn\u00e9tico en otros tipos de energ\u00eda. Aparato est\u00e1 presentado por c\u00e1mara de trabajo\u00a0 (tuber\u00eda) con el di\u00e1metro 90\u2013136\u00a0mm, cu\u00e1l est\u00e1 ubicada en el inductor de campo electromagn\u00e9tico giratorio. En el \u00e1rea de funcionamiento de tuber\u00eda se ubican\u00a0 los elementos ferromagn\u00e9ticos\u00a0 cil\u00ecndricos con el di\u00e1metro 0,5\u20135\u00a0mm y con 5\u201360\u00a0mm de largo en la cantidad desde varias decenas hasta unas cuantas centenas (0,05\u20135\u00a0kg) dependiendo de volumen de zona de servicio de aparato.<\/p>\n<p>De esa manera, \u00a0los componentes principales de los aparatos\u00a0 electromagn\u00e9ticos con flujo turbulento son: inductor\u00a0 de campo electromagn\u00e9tico giratorio con el sistema de enfriamiento, cu\u00e1l se conecta al sistema trif\u00e0sico industrial de corriente alterna con la tensi\u00f3n380\/220\u00a0V, la frecuencia 50\u00a0Hz, as\u00ed como con la c\u00e1mara de trabajo con los elementos ferromagn\u00e9ticos.<\/p>\n<p>Bajo la funci\u00f3n del campo electromagn\u00e9tico giratorio los elementos ferromagn\u00e9ticos se mueven en la zona de elaboraci\u00f3n y crean el llamado \u201cflujo turbulento&#8221;.<\/p>\n<p>La c\u00e1mara puede elaborarse con varios dise\u00f1os dependiendo de los procesos requeridos para procesar en la c\u00e1mara.<\/p>\n<p>Para los procesos de fase l\u00edquida, los coladores se instalan en los lados de casquillo o solamente en la salida. Si se procesan los materiales fibrosos. en este caso se montan los coladores tipo junta de laberinto.\u00a0 Estos dispositivos mantienen las particulas ferromagn\u00e9ticas\u00a0 en la zona de trabajo.<\/p>\n<p>El consumo de energ\u00eda por la c\u00e1mara se define por su dise\u00f1o, material y grosor de las paredes y no depende\u00a0 de la fuerza de campo magnetico. \u00a0Para reducir el consumo de energ\u00eda nosotros\u00a0 fabricamos la c\u00e1mara de los materiales amagneticos (acero inoxidable).<\/p>\n","protected":false},"excerpt":{"rendered":"<p>AVS 100 &nbsp; Aplicaci\u00f3n de los aparatos de campo electromagn\u00e9tico turbulento, AVS Apar\u00e1tos electromagn\u00e9ticos con los elementos electromagn\u00e9ticos activos pueden aplicarse eficazmente en \u00a0diferentes sectores: construcci\u00f3n, industria de construcci\u00f3n de maquinas, ingenier\u00eca qu\u00ecmica; en ramas agropecuarias, industria alimentaria, industrias extractivas, as\u00ed como en medicina (farmacolog\u00eca), en particular, \u00a0para: &#8211; obtener suspensi\u00f3nes y emulsi\u00f3nes extremadamente finas<a class=\"cg-read-more\" href=\"https:\/\/aceite.globecore.com\/purificacion-de-aceite\/molinos-magneticos-avs\" target=\"_blank\">Read More <\/a><\/p>\n","protected":false},"author":7,"featured_media":3578,"parent":11,"menu_order":11,"comment_status":"closed","ping_status":"closed","template":"","meta":{"footnotes":""},"class_list":["post-2617","page","type-page","status-publish","has-post-thumbnail","hentry"],"acf":[],"language":"en","_links":{"self":[{"href":"https:\/\/aceite.globecore.com\/en\/wp-json\/wp\/v2\/pages\/2617","targetHints":{"allow":["GET"]}}],"collection":[{"href":"https:\/\/aceite.globecore.com\/en\/wp-json\/wp\/v2\/pages"}],"about":[{"href":"https:\/\/aceite.globecore.com\/en\/wp-json\/wp\/v2\/types\/page"}],"author":[{"embeddable":true,"href":"https:\/\/aceite.globecore.com\/en\/wp-json\/wp\/v2\/users\/7"}],"replies":[{"embeddable":true,"href":"https:\/\/aceite.globecore.com\/en\/wp-json\/wp\/v2\/comments?post=2617"}],"version-history":[{"count":0,"href":"https:\/\/aceite.globecore.com\/en\/wp-json\/wp\/v2\/pages\/2617\/revisions"}],"up":[{"embeddable":true,"href":"https:\/\/aceite.globecore.com\/en\/wp-json\/wp\/v2\/pages\/11"}],"wp:featuredmedia":[{"embeddable":true,"href":"https:\/\/aceite.globecore.com\/en\/wp-json\/wp\/v2\/media\/3578"}],"wp:attachment":[{"href":"https:\/\/aceite.globecore.com\/en\/wp-json\/wp\/v2\/media?parent=2617"}],"curies":[{"name":"wp","href":"https:\/\/api.w.org\/{rel}","templated":true}]}}