{"id":2612,"date":"2016-04-28T11:21:47","date_gmt":"2016-04-28T11:21:47","guid":{"rendered":"http:\/\/aceite.globecore.com\/purificacion-de-aceite\/secado-de-embobinado-de-transformador-a-bajas-temperaturas.html"},"modified":"2020-04-14T10:44:16","modified_gmt":"2020-04-14T10:44:16","slug":"secado-de-embobinado-de-transformador-a-bajas-temperaturas","status":"publish","type":"page","link":"https:\/\/aceite.globecore.com\/purificacion-de-aceite\/secado-de-embobinado-de-transformador-a-bajas-temperaturas","title":{"rendered":"Secado de embobinado de transformador a bajas temperaturas"},"content":{"rendered":"<h3 class=\"widget-title\">UVV<\/h3>\n<p>&nbsp;<\/p>\n<h3 class=\"widget-title\">M\u00e1quinas de enfriamiento por vac\u00edo UVV<\/h3>\n<p>Las m\u00e1quinas de enfriamiento por vac\u00edo sirven para aplicaci\u00f3n de vac\u00edo y pre-secado de aislamiento s\u00f3lido de transformadores de potencia.<\/p>\n<p>Debido a dise\u00f1o exclusivo estas m\u00e1quinas alcanzan temperatura hasta -70\u00b0\u0421. Con esta temperatura el agua acumulada en el embobinado de transformador se condensa en la m\u00e1quina, lo que permite incrementar el nivel de alto vac\u00edo en el transformador y reducir la presi\u00f3n parcial de agua, mejorando as\u00ed la eficiencia de secado de embobinado de transformador.<\/p>\n<p>Estas m\u00e1quinas tambi\u00e9n permiten definir precisamente el momento cuando el embobinando y el tanque de transformador est\u00e1n suficientemente secados.<\/p>\n<table>\n<tbody>\n<tr>\n<td colspan=\"2\" rowspan=\"2\" width=\"439\">Par\u00e1metro<\/td>\n<td colspan=\"3\" width=\"180\">Valor<\/td>\n<\/tr>\n<tr>\n<td width=\"62\">UVV<\/td>\n<td width=\"67\">UVV-1<\/td>\n<td width=\"52\">UH-70<\/td>\n<\/tr>\n<tr>\n<td colspan=\"2\" width=\"439\">Velocidad de evacuaci\u00f3n<\/td>\n<td colspan=\"3\" width=\"180\">2000<\/td>\n<\/tr>\n<tr>\n<td colspan=\"2\" width=\"439\">Temperatura de la superficie de condensaci\u00f3n de vapores de agua, \u00b0\u0421<\/td>\n<td colspan=\"3\" width=\"180\">\u201370<\/td>\n<\/tr>\n<tr>\n<td colspan=\"2\" width=\"439\">Contenido de humedad en el aislamiento s\u00f3lido despu\u00e9s de tratamiento, %<\/td>\n<td colspan=\"3\" width=\"180\">1.0<\/td>\n<\/tr>\n<tr>\n<td colspan=\"2\" width=\"439\">Potencia de producci\u00f3n de frio (a \u201370\u00b0\u0421), W<\/td>\n<td colspan=\"3\" width=\"180\">600<\/td>\n<\/tr>\n<tr>\n<td colspan=\"2\" width=\"439\">Tama\u00f1o de la superficie de condensaci\u00f3n, m<sup>2<\/sup><\/td>\n<td colspan=\"3\" width=\"180\">6.1<\/td>\n<\/tr>\n<tr>\n<td colspan=\"2\" width=\"439\">Potencia consumida por el sistema de deshielo, kW<\/td>\n<td colspan=\"3\" width=\"180\">2.1<\/td>\n<\/tr>\n<tr>\n<td colspan=\"2\" width=\"439\">Potencia consumida, kW<\/td>\n<td width=\"62\">21<\/td>\n<td width=\"67\">21<\/td>\n<td width=\"52\">3,5<\/td>\n<\/tr>\n<tr>\n<td colspan=\"2\" width=\"439\">\u00a0Par\u00e1metros de sistema de alimentaci\u00f3n el\u00e9ctrica<\/td>\n<td colspan=\"3\" width=\"180\">Seg\u00fan cliente<\/td>\n<\/tr>\n<tr>\n<td rowspan=\"3\">Dimensiones exteriores, mm<\/td>\n<td width=\"266\">largo<\/td>\n<td width=\"62\">1700<\/td>\n<td width=\"67\">1700<\/td>\n<td width=\"52\">1550<\/td>\n<\/tr>\n<tr>\n<td width=\"266\">ancho<\/td>\n<td width=\"62\">1600<\/td>\n<td width=\"67\">1600<\/td>\n<td width=\"52\">1350<\/td>\n<\/tr>\n<tr>\n<td width=\"266\">\u00a0alto<\/td>\n<td width=\"62\">1950<\/td>\n<td width=\"67\">1950<\/td>\n<td width=\"52\">1850<\/td>\n<\/tr>\n<tr>\n<td colspan=\"2\" width=\"439\">Peso, kg<\/td>\n<td width=\"62\">2100<\/td>\n<td width=\"67\">1900<\/td>\n<td width=\"52\">650<\/td>\n<\/tr>\n<\/tbody>\n<\/table>\n<p>&nbsp;<\/p>\n","protected":false},"excerpt":{"rendered":"<p>UVV &nbsp; M\u00e1quinas de enfriamiento por vac\u00edo UVV Las m\u00e1quinas de enfriamiento por vac\u00edo sirven para aplicaci\u00f3n de vac\u00edo y pre-secado de aislamiento s\u00f3lido de transformadores de potencia. Debido a dise\u00f1o exclusivo estas m\u00e1quinas alcanzan temperatura hasta -70\u00b0\u0421. Con esta temperatura el agua acumulada en el embobinado de transformador se condensa en la m\u00e1quina, lo<a class=\"cg-read-more\" href=\"https:\/\/aceite.globecore.com\/purificacion-de-aceite\/secado-de-embobinado-de-transformador-a-bajas-temperaturas\" target=\"_blank\">Read More <\/a><\/p>\n","protected":false},"author":7,"featured_media":3573,"parent":11,"menu_order":10,"comment_status":"closed","ping_status":"closed","template":"","meta":{"footnotes":""},"class_list":["post-2612","page","type-page","status-publish","has-post-thumbnail","hentry"],"acf":[],"language":"en","_links":{"self":[{"href":"https:\/\/aceite.globecore.com\/en\/wp-json\/wp\/v2\/pages\/2612","targetHints":{"allow":["GET"]}}],"collection":[{"href":"https:\/\/aceite.globecore.com\/en\/wp-json\/wp\/v2\/pages"}],"about":[{"href":"https:\/\/aceite.globecore.com\/en\/wp-json\/wp\/v2\/types\/page"}],"author":[{"embeddable":true,"href":"https:\/\/aceite.globecore.com\/en\/wp-json\/wp\/v2\/users\/7"}],"replies":[{"embeddable":true,"href":"https:\/\/aceite.globecore.com\/en\/wp-json\/wp\/v2\/comments?post=2612"}],"version-history":[{"count":0,"href":"https:\/\/aceite.globecore.com\/en\/wp-json\/wp\/v2\/pages\/2612\/revisions"}],"up":[{"embeddable":true,"href":"https:\/\/aceite.globecore.com\/en\/wp-json\/wp\/v2\/pages\/11"}],"wp:featuredmedia":[{"embeddable":true,"href":"https:\/\/aceite.globecore.com\/en\/wp-json\/wp\/v2\/media\/3573"}],"wp:attachment":[{"href":"https:\/\/aceite.globecore.com\/en\/wp-json\/wp\/v2\/media?parent=2612"}],"curies":[{"name":"wp","href":"https:\/\/api.w.org\/{rel}","templated":true}]}}