{"id":2605,"date":"2016-04-28T10:57:27","date_gmt":"2016-04-28T10:57:27","guid":{"rendered":"http:\/\/aceite.globecore.com\/purificacion-de-aceite\/secado-de-aire.html"},"modified":"2020-04-14T10:44:53","modified_gmt":"2020-04-14T10:44:53","slug":"secado-de-aire","status":"publish","type":"page","link":"https:\/\/aceite.globecore.com\/purificacion-de-aceite\/secado-de-aire","title":{"rendered":"Secado de aire"},"content":{"rendered":"<div id=\"pl-2605\" class=\"panel-layout\">\n<div id=\"pg-2605-0\" class=\"panel-grid panel-no-style\">\n<div id=\"pgc-2605-0-0\" class=\"panel-grid-cell\">\n<div id=\"panel-2605-0-0-0\" class=\"so-panel widget widget_sow-editor panel-first-child panel-last-child\">\n<div class=\"so-widget-sow-editor so-widget-sow-editor-base\">\n<h3 class=\"widget-title\">UOV (control autom\u00e1tico)<\/h3>\n<div class=\"siteorigin-widget-tinymce textwidget\">\n<p><img loading=\"lazy\" decoding=\"async\" class=\"alignnone wp-image-3572 size-medium\" src=\"http:\/\/aceite.globecore.com\/wp-content\/uploads\/sites\/30\/2020\/04\/\u0421\u0443\u0445\u043e\u0432\u0435\u0438\u0306-204x300.jpg\" alt=\"\" width=\"204\" height=\"300\" srcset=\"https:\/\/aceite.globecore.com\/wp-content\/uploads\/sites\/30\/2020\/04\/\u0421\u0443\u0445\u043e\u0432\u0435\u0438\u0306-204x300.jpg 204w, https:\/\/aceite.globecore.com\/wp-content\/uploads\/sites\/30\/2020\/04\/\u0421\u0443\u0445\u043e\u0432\u0435\u0438\u0306.jpg 681w\" sizes=\"auto, (max-width: 204px) 100vw, 204px\" \/><\/p>\n<\/div>\n<\/div>\n<\/div>\n<\/div>\n<div id=\"pgc-2605-0-1\" class=\"panel-grid-cell\">\n<div id=\"panel-2605-0-1-0\" class=\"so-panel widget widget_sow-editor panel-first-child panel-last-child\">\n<div class=\"so-widget-sow-editor so-widget-sow-editor-base\">\n<h3 class=\"widget-title\">M\u00e1quinas de secado de aire UOV<\/h3>\n<div class=\"siteorigin-widget-tinymce textwidget\">\n<p>.entry-content td, .comment-content td {<br \/>\nvertical-align: middle !important;<br \/>\n}<br \/>\n.entry-content table, .comment-content table {<br \/>\nmargin-bottom: 30px !important;<br \/>\n}<\/p>\n<p>Los sistemas UOV sirven para el soplado de los tanques de transformadores de potencia con aire seco y caliente para prevenir la humectaci\u00f3n de embobinado durante reparaci\u00f3n o montaje de los transformadores.<\/p>\n<p>El principio de funcionamiento de la m\u00e1quina est\u00e1 basado en el secado de aire atmosf\u00e9rico dentro de dos tanques de adsorci\u00f3n independientes llenados con la zeolita sint\u00e9tica, la purificaci\u00f3n de aire secado se realiza con el filtro de part\u00edculas.<\/p>\n<p>La m\u00e1quina puede reactivar el sorbente repetidamente por lo cual los costos de mantenimiento y recarga no se contraen.<\/p>\n<table>\n<tbody>\n<tr>\n<td colspan=\"2\" rowspan=\"2\" width=\"410\">Par\u00e1metro<\/td>\n<td colspan=\"3\" width=\"176\">Valor<\/td>\n<\/tr>\n<tr>\n<td colspan=\"2\" width=\"94\">UOV-0.7<\/td>\n<td width=\"82\">UOV -4<\/td>\n<\/tr>\n<tr>\n<td colspan=\"2\" width=\"410\">\u00a0Capacidad (entrega de aire seco), m<sup>3<\/sup>\/min<\/td>\n<td colspan=\"2\" width=\"94\">1.7<\/td>\n<td width=\"82\">2.5<\/td>\n<\/tr>\n<tr>\n<td colspan=\"2\" width=\"410\">\u00a0Punto de roc\u00edo de aire seco, \u00b0\u0421<\/td>\n<td colspan=\"2\" width=\"94\">\u201350<\/td>\n<td width=\"82\">\u201350<\/td>\n<\/tr>\n<tr>\n<td colspan=\"2\" width=\"410\">\u00a0Presi\u00f3n de aire seco, bar<\/td>\n<td colspan=\"2\" width=\"94\">0.18<\/td>\n<td width=\"82\">0.25<\/td>\n<\/tr>\n<tr>\n<td colspan=\"2\" width=\"410\">\u00a0Temperatura m\u00e1xima de aire seco, \u00b0\u0421<\/td>\n<td colspan=\"2\" width=\"94\">90\u00b115<\/td>\n<td width=\"82\">90\u00b115<\/td>\n<\/tr>\n<tr>\n<td colspan=\"2\" width=\"410\">\u00a0Peso de sorbente en un tanque, kg<\/td>\n<td colspan=\"2\" width=\"94\">190<\/td>\n<td width=\"82\">190<\/td>\n<\/tr>\n<tr>\n<td colspan=\"2\" width=\"410\">\u00a0Cantidad de tanques de adsorci\u00f3n, uds.<\/td>\n<td colspan=\"2\" width=\"94\">1<\/td>\n<td width=\"82\">2<\/td>\n<\/tr>\n<tr>\n<td colspan=\"2\" width=\"410\">\u00a0Temperatura de\u00a0 regeneraci\u00f3n de zeolita, \u00b0\u0421<\/td>\n<td colspan=\"2\" width=\"94\">430<\/td>\n<td width=\"82\">430<\/td>\n<\/tr>\n<tr>\n<td colspan=\"2\" width=\"410\">Potencia de calentador de aire, kW<\/td>\n<td colspan=\"2\" width=\"94\">24<\/td>\n<td width=\"82\">24<\/td>\n<\/tr>\n<tr>\n<td rowspan=\"3\" width=\"176\">\u00a0Potencia consumida, kW<\/td>\n<td width=\"234\">Secado de aire (r\u00e9gimen principal)<\/td>\n<td colspan=\"2\" width=\"94\">1<\/td>\n<td width=\"82\">5.5<\/td>\n<\/tr>\n<tr>\n<td width=\"234\">Reactivaci\u00f3n de sorbente en un tanque<\/td>\n<td colspan=\"2\" width=\"94\">25<\/td>\n<td width=\"82\">30<\/td>\n<\/tr>\n<tr>\n<td width=\"234\">Reactivaci\u00f3n de sorbente en dos tanques<\/td>\n<td colspan=\"2\" width=\"94\">&#8211;<\/td>\n<td width=\"82\">55<\/td>\n<\/tr>\n<tr>\n<td colspan=\"2\" width=\"410\">\u00a0Par\u00e1metros de sistema de alimentaci\u00f3n el\u00e9ctrica<\/td>\n<td colspan=\"3\" width=\"176\">Seg\u00fan cliente<\/td>\n<\/tr>\n<tr>\n<td colspan=\"2\" width=\"410\">Temperatura de aire saliente para reactivaci\u00f3n de sorbente en otro equipamiento, \u00b0\u0421<\/td>\n<td width=\"87\">430<\/td>\n<td colspan=\"2\" width=\"89\">430<\/td>\n<\/tr>\n<tr>\n<td colspan=\"2\" width=\"410\">Tiempo m\u00e1ximo de reactivaci\u00f3n de sorbente, horas<\/td>\n<td width=\"87\">4<\/td>\n<td colspan=\"2\" width=\"89\">4<\/td>\n<\/tr>\n<tr>\n<td colspan=\"2\" width=\"410\">\u00a0Fineza de filtraci\u00f3n de aire seco, micron<\/td>\n<td width=\"87\">5<\/td>\n<td colspan=\"2\" width=\"89\">5<\/td>\n<\/tr>\n<tr>\n<td rowspan=\"3\">Dimensiones exteriores, mm<\/td>\n<td width=\"234\">largo<\/td>\n<td width=\"87\">1350<\/td>\n<td colspan=\"2\" width=\"89\">1500<\/td>\n<\/tr>\n<tr>\n<td width=\"234\">ancho<\/td>\n<td width=\"87\">800<\/td>\n<td colspan=\"2\" width=\"89\">1200<\/td>\n<\/tr>\n<tr>\n<td width=\"234\">alto<\/td>\n<td width=\"87\">1700<\/td>\n<td colspan=\"2\" width=\"89\">2100<\/td>\n<\/tr>\n<tr>\n<td colspan=\"2\" width=\"410\">Peso, kg<\/td>\n<td width=\"87\">550<\/td>\n<td colspan=\"2\" width=\"89\">1050<\/td>\n<\/tr>\n<\/tbody>\n<\/table>\n<p><iframe loading=\"lazy\" title=\"Protecci\u00f3n contra la humedad de aislamiento de transformador con MOJAVE HEAT de GlobeCore\" width=\"604\" height=\"340\" src=\"https:\/\/www.youtube.com\/embed\/rzKIG73EOog?feature=oembed\" frameborder=\"0\" allow=\"accelerometer; autoplay; clipboard-write; encrypted-media; gyroscope; picture-in-picture; web-share\" referrerpolicy=\"strict-origin-when-cross-origin\" allowfullscreen><\/iframe><\/p>\n<\/div>\n<\/div>\n<\/div>\n<\/div>\n<\/div>\n<\/div>\n","protected":false},"excerpt":{"rendered":"<p>UOV (control autom\u00e1tico) M\u00e1quinas de secado de aire UOV .entry-content td, .comment-content td { vertical-align: middle !important; } .entry-content table, .comment-content table { margin-bottom: 30px !important; } Los sistemas UOV sirven para el soplado de los tanques de transformadores de potencia con aire seco y caliente para prevenir la humectaci\u00f3n de embobinado durante reparaci\u00f3n o<a class=\"cg-read-more\" href=\"https:\/\/aceite.globecore.com\/purificacion-de-aceite\/secado-de-aire\" target=\"_blank\">Read More <\/a><\/p>\n","protected":false},"author":7,"featured_media":0,"parent":11,"menu_order":9,"comment_status":"closed","ping_status":"closed","template":"","meta":{"footnotes":""},"class_list":["post-2605","page","type-page","status-publish","hentry"],"language":"en","acf":[],"_links":{"self":[{"href":"https:\/\/aceite.globecore.com\/en\/wp-json\/wp\/v2\/pages\/2605","targetHints":{"allow":["GET"]}}],"collection":[{"href":"https:\/\/aceite.globecore.com\/en\/wp-json\/wp\/v2\/pages"}],"about":[{"href":"https:\/\/aceite.globecore.com\/en\/wp-json\/wp\/v2\/types\/page"}],"author":[{"embeddable":true,"href":"https:\/\/aceite.globecore.com\/en\/wp-json\/wp\/v2\/users\/7"}],"replies":[{"embeddable":true,"href":"https:\/\/aceite.globecore.com\/en\/wp-json\/wp\/v2\/comments?post=2605"}],"version-history":[{"count":0,"href":"https:\/\/aceite.globecore.com\/en\/wp-json\/wp\/v2\/pages\/2605\/revisions"}],"up":[{"embeddable":true,"href":"https:\/\/aceite.globecore.com\/en\/wp-json\/wp\/v2\/pages\/11"}],"wp:attachment":[{"href":"https:\/\/aceite.globecore.com\/en\/wp-json\/wp\/v2\/media?parent=2605"}],"curies":[{"name":"wp","href":"https:\/\/api.w.org\/{rel}","templated":true}]}}