{"id":2599,"date":"2016-04-28T10:10:04","date_gmt":"2016-04-28T10:10:04","guid":{"rendered":"http:\/\/aceite.globecore.com\/purificacion-de-aceite\/reactivacion-de-sorbentes.html"},"modified":"2020-04-14T10:47:27","modified_gmt":"2020-04-14T10:47:27","slug":"reactivacion-de-sorbentes","status":"publish","type":"page","link":"https:\/\/aceite.globecore.com\/purificacion-de-aceite\/reactivacion-de-sorbentes","title":{"rendered":"Reactivaci\u00f3n de adsorbentes"},"content":{"rendered":"<h3 class=\"widget-title\">ZP-260\/BRZ- 100<\/h3>\n<p><img loading=\"lazy\" decoding=\"async\" class=\"alignnone wp-image-3584 size-medium\" src=\"http:\/\/aceite.globecore.com\/wp-content\/uploads\/sites\/30\/2020\/04\/\u0426\u041f-260-162x300.jpg\" alt=\"\" width=\"162\" height=\"300\" srcset=\"https:\/\/aceite.globecore.com\/wp-content\/uploads\/sites\/30\/2020\/04\/\u0426\u041f-260-162x300.jpg 162w, https:\/\/aceite.globecore.com\/wp-content\/uploads\/sites\/30\/2020\/04\/\u0426\u041f-260.jpg 540w\" sizes=\"auto, (max-width: 162px) 100vw, 162px\" \/> <img loading=\"lazy\" decoding=\"async\" class=\"alignnone wp-image-3586 size-medium\" src=\"http:\/\/aceite.globecore.com\/wp-content\/uploads\/sites\/30\/2020\/04\/\u0411\u0420\u041f\u0421-155x300.jpg\" alt=\"\" width=\"155\" height=\"300\" srcset=\"https:\/\/aceite.globecore.com\/wp-content\/uploads\/sites\/30\/2020\/04\/\u0411\u0420\u041f\u0421-155x300.jpg 155w, https:\/\/aceite.globecore.com\/wp-content\/uploads\/sites\/30\/2020\/04\/\u0411\u0420\u041f\u0421.jpg 515w\" sizes=\"auto, (max-width: 155px) 100vw, 155px\" \/><\/p>\n<h3 class=\"widget-title\">M\u00e1quinas de regeneraci\u00f3n de zeolita BRZ y BRPS<\/h3>\n<p>Las m\u00e1quinas de regeneraci\u00f3n de zeolita BRZ sirven para restaurar las propiedades tecnol\u00f3gicas iniciales de sorbente aplicado en los cartuchos de sorbente tipo ZP-260.<\/p>\n<p>Mediante el flujo de aire caliente ocurre la eliminaci\u00f3n de humedad acumulada en sorbente y se restauran su habilidad de sorci\u00f3n.<\/p>\n<p>Las m\u00e1quinas se aplican en departamentos energ\u00e9ticos, industriales y de \u00a0mantenimiento que utilizan los cartuchos de sorbente tipo ZP-260 para secado de aceite diel\u00e9ctrico e industrial.<\/p>\n<p>&nbsp;<\/p>\n<p>&nbsp;<\/p>\n<table>\n<tbody>\n<tr>\n<td colspan=\"2\" rowspan=\"2\" width=\"315\">Par\u00e1metro<\/td>\n<td colspan=\"2\" width=\"109\">Valor<\/td>\n<\/tr>\n<tr>\n<td width=\"54\">BRZ<\/td>\n<td width=\"54\">BRPS<\/td>\n<\/tr>\n<tr>\n<td colspan=\"2\" width=\"315\">Potencia de calentador, kW<\/td>\n<td width=\"54\">10,8<\/td>\n<td width=\"54\">10,8<\/td>\n<\/tr>\n<tr>\n<td colspan=\"2\" width=\"315\">Potencia de motor de ventilador de enfriamiento, kW<\/td>\n<td width=\"54\">0,75<\/td>\n<td width=\"54\">0,75<\/td>\n<\/tr>\n<tr>\n<td colspan=\"2\" width=\"315\">Potencia de generador de vapor, kW<\/td>\n<td width=\"54\">&nbsp;<\/td>\n<td width=\"54\">3<\/td>\n<\/tr>\n<tr>\n<td colspan=\"2\" width=\"315\">Potencia consumida, kW<\/td>\n<td width=\"54\">13,2<\/td>\n<td width=\"54\">16.2<\/td>\n<\/tr>\n<tr>\n<td colspan=\"2\" width=\"315\">Par\u00e1metros de r\u00e9gimen de secado de zeolita<\/p>\n<p>&#8211; rendimiento de\u00a0 soplador, m<sup>3<\/sup>\/hora<\/p>\n<p>&#8211; temperatura de aceite caliente, <sup>0<\/sup>\u0421<\/td>\n<td width=\"54\">&nbsp;<\/p>\n<p>2,3<\/p>\n<p>250<\/td>\n<td width=\"54\">&nbsp;<\/p>\n<p>2,3<\/p>\n<p>250<\/td>\n<\/tr>\n<tr>\n<td colspan=\"2\" width=\"315\">Par\u00e1metros de r\u00e9gimen de aplicaci\u00f3n de vac\u00edo<\/p>\n<p>&#8211; capacidad de evacuaci\u00f3n, \u00a0l\/s<\/p>\n<p>&#8211; presi\u00f3n l\u00edmite, mbar<\/td>\n<td width=\"54\">&nbsp;<\/p>\n<p>6,6<\/p>\n<p>250<\/td>\n<td width=\"54\">&nbsp;<\/p>\n<p>6,6<\/p>\n<p>250<\/td>\n<\/tr>\n<tr>\n<td rowspan=\"3\">Dimensiones exteriores, mm<\/td>\n<td width=\"105\">largo<\/td>\n<td width=\"54\">1100<\/td>\n<td width=\"54\">1100<\/td>\n<\/tr>\n<tr>\n<td width=\"105\">ancho<\/td>\n<td width=\"54\">650<\/td>\n<td width=\"54\">650<\/td>\n<\/tr>\n<tr>\n<td width=\"105\">alto<\/td>\n<td width=\"54\">1250<\/td>\n<td width=\"54\">1250<\/td>\n<\/tr>\n<tr>\n<td colspan=\"2\" width=\"315\">Peso, kg<\/td>\n<td width=\"54\">220<\/td>\n<td width=\"54\">250<\/td>\n<\/tr>\n<\/tbody>\n<\/table>\n<p>&nbsp;<\/p>\n","protected":false},"excerpt":{"rendered":"<p>ZP-260\/BRZ- 100 M\u00e1quinas de regeneraci\u00f3n de zeolita BRZ y BRPS Las m\u00e1quinas de regeneraci\u00f3n de zeolita BRZ sirven para restaurar las propiedades tecnol\u00f3gicas iniciales de sorbente aplicado en los cartuchos de sorbente tipo ZP-260. Mediante el flujo de aire caliente ocurre la eliminaci\u00f3n de humedad acumulada en sorbente y se restauran su habilidad de sorci\u00f3n.<a class=\"cg-read-more\" href=\"https:\/\/aceite.globecore.com\/purificacion-de-aceite\/reactivacion-de-sorbentes\" target=\"_blank\">Read More <\/a><\/p>\n","protected":false},"author":7,"featured_media":0,"parent":11,"menu_order":8,"comment_status":"closed","ping_status":"closed","template":"","meta":{"footnotes":""},"class_list":["post-2599","page","type-page","status-publish","hentry"],"acf":[],"language":"en","_links":{"self":[{"href":"https:\/\/aceite.globecore.com\/en\/wp-json\/wp\/v2\/pages\/2599","targetHints":{"allow":["GET"]}}],"collection":[{"href":"https:\/\/aceite.globecore.com\/en\/wp-json\/wp\/v2\/pages"}],"about":[{"href":"https:\/\/aceite.globecore.com\/en\/wp-json\/wp\/v2\/types\/page"}],"author":[{"embeddable":true,"href":"https:\/\/aceite.globecore.com\/en\/wp-json\/wp\/v2\/users\/7"}],"replies":[{"embeddable":true,"href":"https:\/\/aceite.globecore.com\/en\/wp-json\/wp\/v2\/comments?post=2599"}],"version-history":[{"count":0,"href":"https:\/\/aceite.globecore.com\/en\/wp-json\/wp\/v2\/pages\/2599\/revisions"}],"up":[{"embeddable":true,"href":"https:\/\/aceite.globecore.com\/en\/wp-json\/wp\/v2\/pages\/11"}],"wp:attachment":[{"href":"https:\/\/aceite.globecore.com\/en\/wp-json\/wp\/v2\/media?parent=2599"}],"curies":[{"name":"wp","href":"https:\/\/api.w.org\/{rel}","templated":true}]}}