{"id":2591,"date":"2016-04-28T08:17:43","date_gmt":"2016-04-28T08:17:43","guid":{"rendered":"http:\/\/aceite.globecore.com\/purificacion-de-aceite\/aplicacion-de-vacio-al-equipamiento.html"},"modified":"2016-10-21T08:41:18","modified_gmt":"2016-10-21T08:41:18","slug":"aplicacion-de-vacio-al-equipamiento","status":"publish","type":"page","link":"https:\/\/aceite.globecore.com\/purificacion-de-aceite\/aplicacion-de-vacio-al-equipamiento","title":{"rendered":"Equipos de vac\u00edo. Bombas y bloques de vac\u00edo."},"content":{"rendered":"<h3 class=\"widget-title\">BV &#8211; 2000<\/h3>\n<p><img loading=\"lazy\" decoding=\"async\" class=\"alignnone wp-image-2596 size-medium\" src=\"http:\/\/aceite.globecore.com\/wp-content\/uploads\/sites\/30\/2016\/04\/BV-2000-300x198.jpg\" sizes=\"auto, (max-width: 300px) 100vw, 300px\" srcset=\"http:\/\/aceite.globecore.com\/wp-content\/uploads\/sites\/30\/2016\/04\/BV-2000-300x198.jpg 300w, http:\/\/aceite.globecore.com\/wp-content\/uploads\/sites\/30\/2016\/04\/BV-2000-768x508.jpg 768w, http:\/\/aceite.globecore.com\/wp-content\/uploads\/sites\/30\/2016\/04\/BV-2000.jpg 800w\" alt=\"BV 2000 Equipos de vac\u00edo\" width=\"300\" height=\"198\" \/><\/p>\n<h3 class=\"widget-title\">Bloques de vac\u00edo BV<\/h3>\n<p>Equipos de vac\u00edo BV de GlobeCore sirven para crear rarefacci\u00f3n dentro de transformadores y otros equipos el\u00e9ctricos.<\/p>\n<p>Bloques de vac\u00edo se aplican para secado de embobinado de transformador y son necesarios para llenado inicial de transformador con aceite aislante.<\/p>\n<p>Bloque de vac\u00edo BV es un sistema de vac\u00edo de doble etapa. Primera etapa produce el vac\u00edo preliminar hasta 0,5 mbar mediante una bomba de vac\u00edo rotativa de paletas. Segunda etapa produce el alto vac\u00edo hasta 0,01 mbar mediante una bomba de vac\u00edo tipo Roots.<\/p>\n<p>A diferencia de las bombas de vac\u00edo de distribuidor, los sistemas BV no son sensibles a la humedad evaporada de transformador y est\u00e1n equipados con una v\u00e1lvula de lastre de gas que previene la condensaci\u00f3n de humedad dentro de las bombas.<\/p>\n<table>\n<tbody>\n<tr>\n<td colspan=\"2\" rowspan=\"2\">Par\u00e1metro&nbsp;<\/td>\n<td colspan=\"5\" width=\"351\">Valor&nbsp;<\/td>\n<\/tr>\n<tr>\n<td width=\"65\">BV &#8211; 200&nbsp;<\/td>\n<td width=\"65\">BV &#8211; 280&nbsp;<\/td>\n<td width=\"65\">BV &#8211; 500&nbsp;<\/td>\n<td width=\"70\">BV &#8211; 1000&nbsp;<\/td>\n<td width=\"85\">BV &#8211; 2000&nbsp;<\/td>\n<\/tr>\n<tr>\n<td colspan=\"2\">Capacidad, m<sup>3<\/sup>\/h&nbsp;<\/td>\n<td width=\"65\">200&nbsp;<\/td>\n<td width=\"65\">280&nbsp;<\/td>\n<td width=\"65\">500&nbsp;<\/td>\n<td width=\"70\">1000&nbsp;<\/td>\n<td width=\"85\">2000&nbsp;<\/td>\n<\/tr>\n<tr>\n<td colspan=\"2\">Vac\u00edo l\u00edmite, mbar&nbsp;<\/td>\n<td colspan=\"5\" width=\"351\">0.01&nbsp;<\/td>\n<\/tr>\n<tr>\n<td colspan=\"2\">Par\u00e1metros de sistema de alimentaci\u00f3n el\u00e9ctrica&nbsp;<\/td>\n<td colspan=\"5\" width=\"351\"><em>Seg\u00fan cliente<\/em>&nbsp;<\/td>\n<\/tr>\n<tr>\n<td rowspan=\"3\">Dimensiones exteriores, mm&nbsp;<\/td>\n<td>largo&nbsp;<\/td>\n<td width=\"65\">950&nbsp;<\/td>\n<td width=\"65\">950&nbsp;<\/td>\n<td width=\"65\">1200&nbsp;<\/td>\n<td width=\"70\">1400&nbsp;<\/td>\n<td width=\"85\">1500&nbsp;<\/td>\n<\/tr>\n<tr>\n<td>ancho&nbsp;<\/td>\n<td width=\"65\">660&nbsp;<\/td>\n<td width=\"65\">660&nbsp;<\/td>\n<td width=\"65\">890&nbsp;<\/td>\n<td width=\"70\">955&nbsp;<\/td>\n<td width=\"85\">1000&nbsp;<\/td>\n<\/tr>\n<tr>\n<td>alto&nbsp;<\/td>\n<td width=\"65\">1330&nbsp;<\/td>\n<td width=\"65\">1330&nbsp;<\/td>\n<td width=\"65\">1400&nbsp;<\/td>\n<td width=\"70\">1400&nbsp;<\/td>\n<td width=\"85\">1610&nbsp;<\/td>\n<\/tr>\n<tr>\n<td colspan=\"2\">Peso, kg&nbsp;<\/td>\n<td width=\"65\">300&nbsp;<\/td>\n<td width=\"65\">300&nbsp;<\/td>\n<td width=\"65\">650&nbsp;<\/td>\n<td width=\"70\">750&nbsp;<\/td>\n<td width=\"85\">1300&nbsp;<\/td>\n<\/tr>\n<\/tbody>\n<\/table>\n","protected":false},"excerpt":{"rendered":"<p>BV &#8211; 2000 Bloques de vac\u00edo BV Equipos de vac\u00edo BV de GlobeCore sirven para crear rarefacci\u00f3n dentro de transformadores y otros equipos el\u00e9ctricos. Bloques de vac\u00edo se aplican para secado de embobinado de transformador y son necesarios para llenado inicial de transformador con aceite aislante. Bloque de vac\u00edo BV es un sistema de vac\u00edo<a class=\"cg-read-more\" href=\"https:\/\/aceite.globecore.com\/purificacion-de-aceite\/aplicacion-de-vacio-al-equipamiento\" target=\"_blank\">Read More <\/a><\/p>\n","protected":false},"author":7,"featured_media":0,"parent":11,"menu_order":7,"comment_status":"closed","ping_status":"closed","template":"","meta":{"footnotes":""},"class_list":["post-2591","page","type-page","status-publish","hentry"],"acf":[],"language":"en","_links":{"self":[{"href":"https:\/\/aceite.globecore.com\/en\/wp-json\/wp\/v2\/pages\/2591","targetHints":{"allow":["GET"]}}],"collection":[{"href":"https:\/\/aceite.globecore.com\/en\/wp-json\/wp\/v2\/pages"}],"about":[{"href":"https:\/\/aceite.globecore.com\/en\/wp-json\/wp\/v2\/types\/page"}],"author":[{"embeddable":true,"href":"https:\/\/aceite.globecore.com\/en\/wp-json\/wp\/v2\/users\/7"}],"replies":[{"embeddable":true,"href":"https:\/\/aceite.globecore.com\/en\/wp-json\/wp\/v2\/comments?post=2591"}],"version-history":[{"count":0,"href":"https:\/\/aceite.globecore.com\/en\/wp-json\/wp\/v2\/pages\/2591\/revisions"}],"up":[{"embeddable":true,"href":"https:\/\/aceite.globecore.com\/en\/wp-json\/wp\/v2\/pages\/11"}],"wp:attachment":[{"href":"https:\/\/aceite.globecore.com\/en\/wp-json\/wp\/v2\/media?parent=2591"}],"curies":[{"name":"wp","href":"https:\/\/api.w.org\/{rel}","templated":true}]}}