{"id":2585,"date":"2016-04-28T08:04:54","date_gmt":"2016-04-28T08:04:54","guid":{"rendered":"http:\/\/aceite.globecore.com\/purificacion-de-aceite\/calentamiento-de-aceite.html"},"modified":"2020-04-14T10:49:30","modified_gmt":"2020-04-14T10:49:30","slug":"calentamiento-de-aceite","status":"publish","type":"page","link":"https:\/\/aceite.globecore.com\/purificacion-de-aceite\/calentamiento-de-aceite","title":{"rendered":"Calentamiento de aceite"},"content":{"rendered":"<h3 class=\"widget-title\">PPM-70<\/h3>\n<p><img loading=\"lazy\" decoding=\"async\" class=\"alignnone wp-image-3588 size-medium\" src=\"http:\/\/aceite.globecore.com\/wp-content\/uploads\/sites\/30\/2020\/04\/\u041f\u041f\u041c-70-1-191x300.jpg\" alt=\"\" width=\"191\" height=\"300\" srcset=\"https:\/\/aceite.globecore.com\/wp-content\/uploads\/sites\/30\/2020\/04\/\u041f\u041f\u041c-70-1-191x300.jpg 191w, https:\/\/aceite.globecore.com\/wp-content\/uploads\/sites\/30\/2020\/04\/\u041f\u041f\u041c-70-1.jpg 635w\" sizes=\"auto, (max-width: 191px) 100vw, 191px\" \/><\/p>\n<h3 class=\"widget-title\">Calentadores lineales de aceite \u0420\u0420\u041c<\/h3>\n<p>Las m\u00e1quinas de calentamiento de aceite PPM sirven para calentar el aceite de transformador durante llenado, sustituci\u00f3n o secado de transformadores. Las m\u00e1quinas son aptas para calentar aceite mineral, industrial, de turbina y otros aceites.<\/p>\n<p>Las m\u00e1quinas se aplican por las empresas dedicadas a reparaci\u00f3n y mantenimiento de transformadores y subestaciones<\/p>\n<p>&nbsp;<\/p>\n<p>&nbsp;<\/p>\n<p>&nbsp;<\/p>\n<table>\n<tbody>\n<tr>\n<td colspan=\"2\" rowspan=\"2\">Par\u00e1metro<\/td>\n<td colspan=\"3\">Valor<\/td>\n<\/tr>\n<tr>\n<td>PPM-18<\/td>\n<td>PPM-50<\/td>\n<td>PPM-70<\/td>\n<\/tr>\n<tr>\n<td colspan=\"2\">Capacidad,\u00a0 m<sup>3<\/sup>\/h<\/td>\n<td>2.2<\/td>\n<td>4<\/td>\n<td>4<\/td>\n<\/tr>\n<tr>\n<td colspan=\"2\">Presi\u00f3n nominal de l\u00edquido en la salida, bar<\/td>\n<td>6<\/td>\n<td>4<\/td>\n<td>2.5<\/td>\n<\/tr>\n<tr>\n<td colspan=\"2\">Potencia consumida, kW<\/td>\n<td>19.5<\/td>\n<td>56<\/td>\n<td>74<\/td>\n<\/tr>\n<tr>\n<td colspan=\"2\">Par\u00e1metros de sistema de alimentaci\u00f3n el\u00e9ctrica<\/td>\n<td colspan=\"3\"><em>Seg\u00fan cliente<\/em><\/td>\n<\/tr>\n<tr>\n<td colspan=\"2\">Temperatura m\u00e1xima de calentamiento <sup>0<\/sup>\u0421,<\/td>\n<td>120<\/td>\n<td>150<\/td>\n<td>150<\/td>\n<\/tr>\n<tr>\n<td rowspan=\"3\">Dimensiones exteriores, mm<\/td>\n<td>&#8211; largo<\/td>\n<td>800<\/td>\n<td>1180<\/td>\n<td>1220<\/td>\n<\/tr>\n<tr>\n<td>&#8211; ancho<\/td>\n<td>660<\/td>\n<td>800<\/td>\n<td>820<\/td>\n<\/tr>\n<tr>\n<td>&#8211; alto<\/td>\n<td>1830<\/td>\n<td>1870<\/td>\n<td>1900<\/td>\n<\/tr>\n<tr>\n<td colspan=\"2\">Peso, kg<\/td>\n<td>180<\/td>\n<td>400<\/td>\n<td>500<\/td>\n<\/tr>\n<\/tbody>\n<\/table>\n<p>&nbsp;<\/p>\n<p>&nbsp;<\/p>\n<p>&nbsp;<\/p>\n","protected":false},"excerpt":{"rendered":"<p>PPM-70 Calentadores lineales de aceite \u0420\u0420\u041c Las m\u00e1quinas de calentamiento de aceite PPM sirven para calentar el aceite de transformador durante llenado, sustituci\u00f3n o secado de transformadores. Las m\u00e1quinas son aptas para calentar aceite mineral, industrial, de turbina y otros aceites. Las m\u00e1quinas se aplican por las empresas dedicadas a reparaci\u00f3n y mantenimiento de transformadores<a class=\"cg-read-more\" href=\"https:\/\/aceite.globecore.com\/purificacion-de-aceite\/calentamiento-de-aceite\" target=\"_blank\">Read More <\/a><\/p>\n","protected":false},"author":7,"featured_media":0,"parent":11,"menu_order":6,"comment_status":"closed","ping_status":"closed","template":"","meta":{"footnotes":""},"class_list":["post-2585","page","type-page","status-publish","hentry"],"acf":[],"language":"en","_links":{"self":[{"href":"https:\/\/aceite.globecore.com\/en\/wp-json\/wp\/v2\/pages\/2585","targetHints":{"allow":["GET"]}}],"collection":[{"href":"https:\/\/aceite.globecore.com\/en\/wp-json\/wp\/v2\/pages"}],"about":[{"href":"https:\/\/aceite.globecore.com\/en\/wp-json\/wp\/v2\/types\/page"}],"author":[{"embeddable":true,"href":"https:\/\/aceite.globecore.com\/en\/wp-json\/wp\/v2\/users\/7"}],"replies":[{"embeddable":true,"href":"https:\/\/aceite.globecore.com\/en\/wp-json\/wp\/v2\/comments?post=2585"}],"version-history":[{"count":0,"href":"https:\/\/aceite.globecore.com\/en\/wp-json\/wp\/v2\/pages\/2585\/revisions"}],"up":[{"embeddable":true,"href":"https:\/\/aceite.globecore.com\/en\/wp-json\/wp\/v2\/pages\/11"}],"wp:attachment":[{"href":"https:\/\/aceite.globecore.com\/en\/wp-json\/wp\/v2\/media?parent=2585"}],"curies":[{"name":"wp","href":"https:\/\/api.w.org\/{rel}","templated":true}]}}