{"id":2578,"date":"2016-04-28T07:48:20","date_gmt":"2016-04-28T07:48:20","guid":{"rendered":"http:\/\/aceite.globecore.com\/purificacion-de-aceite\/adicion-de-aceite.html"},"modified":"2020-04-14T10:50:38","modified_gmt":"2020-04-14T10:50:38","slug":"adicion-de-aceite","status":"publish","type":"page","link":"https:\/\/aceite.globecore.com\/purificacion-de-aceite\/adicion-de-aceite","title":{"rendered":"Adici\u00f3n de aceite"},"content":{"rendered":"<h3 class=\"widget-title\">UVD-4M<\/h3>\n<p>&nbsp;<\/p>\n<h3 class=\"widget-title\">M\u00e1quinas de adici\u00f3n de aceite UVD<\/h3>\n<p>Las m\u00e1quinas de adici\u00f3n de aceite por vac\u00edo UVD sirven para preparaci\u00f3n (desgasificaci\u00f3n), almacenamiento, transportaci\u00f3n y adici\u00f3n de aceite de transformador a los aisladores de alta tensi\u00f3n de transformadores e interruptores. Las m\u00e1quinas se aplican en las centrales el\u00e9ctricas y subestaciones por las empresas del sector energ\u00e9tico.<\/p>\n<p>&nbsp;<\/p>\n<p>&nbsp;<\/p>\n<table width=\"100%\">\n<tbody>\n<tr>\n<td colspan=\"2\" width=\"60%\"><strong>Par\u00e1metro<\/strong><\/td>\n<td width=\"39%\"><strong>Valor<\/strong><\/td>\n<\/tr>\n<tr>\n<td colspan=\"2\" width=\"60%\">Cantidad de aceite preparado, l<\/td>\n<td width=\"39%\">30<\/td>\n<\/tr>\n<tr>\n<td colspan=\"2\" width=\"60%\">Cantidad de aceite en bloque de adici\u00f3n, l<\/td>\n<td width=\"39%\">4<\/td>\n<\/tr>\n<tr>\n<td colspan=\"2\" width=\"60%\">Presi\u00f3n l\u00edmite en bloque de desgasificaci\u00f3n, mbar<\/td>\n<td width=\"39%\">0.5<\/td>\n<\/tr>\n<tr>\n<td colspan=\"2\" width=\"60%\">Presi\u00f3n de aceite entregado a los aisladores, bar<\/td>\n<td width=\"39%\">4<\/td>\n<\/tr>\n<tr>\n<td colspan=\"2\" width=\"60%\">Potencia consumida, kW<\/td>\n<td width=\"39%\">0.25<\/td>\n<\/tr>\n<tr>\n<td colspan=\"2\" width=\"60%\">Par\u00e1metros de sistema de alimentaci\u00f3n el\u00e9ctrica<\/td>\n<td width=\"39%\">Seg\u00fan cliente<\/td>\n<\/tr>\n<tr>\n<td rowspan=\"3\" width=\"46%\">Dimensiones exteriores, mm<\/td>\n<td width=\"14%\">&#8211; largo<\/td>\n<td width=\"39%\">900<\/td>\n<\/tr>\n<tr>\n<td width=\"14%\">&#8211; ancho<\/td>\n<td width=\"39%\">780<\/td>\n<\/tr>\n<tr>\n<td width=\"14%\">&#8211; alto<\/td>\n<td width=\"39%\">1500<\/td>\n<\/tr>\n<tr>\n<td colspan=\"2\" width=\"60%\">Peso (sin aceite), kg<\/td>\n<td width=\"39%\">80<\/td>\n<\/tr>\n<\/tbody>\n<\/table>\n<p>&nbsp;<\/p>\n<p>&nbsp;<\/p>\n<h3 class=\"widget-title\">UDM-1<\/h3>\n<p><img loading=\"lazy\" decoding=\"async\" class=\"alignnone size-medium wp-image-2583\" src=\"http:\/\/aceite.globecore.com\/wp-content\/uploads\/sites\/30\/2016\/04\/udm-1-300x208.jpg\" alt=\"udm-1\" width=\"300\" height=\"208\" srcset=\"https:\/\/aceite.globecore.com\/wp-content\/uploads\/sites\/30\/2016\/04\/udm-1-300x208.jpg 300w, https:\/\/aceite.globecore.com\/wp-content\/uploads\/sites\/30\/2016\/04\/udm-1.jpg 680w\" sizes=\"auto, (max-width: 300px) 100vw, 300px\" \/><\/p>\n<h3 class=\"widget-title\">M\u00e1quinas de transportaci\u00f3n y adici\u00f3n de aceite UDM<\/h3>\n<p>Las m\u00e1quinas de adici\u00f3n de aceite por vac\u00edo UDM sirven para trasiego, almacenamiento, transportaci\u00f3n y adici\u00f3n de aceite de transformador. Adici\u00f3n de aceite se realiza mediante una bomba manual o el\u00e9ctrica incluidas en el conjunto de suministro.<\/p>\n<p>&nbsp;<\/p>\n<p>&nbsp;<\/p>\n<table width=\"100%\">\n<tbody>\n<tr>\n<td colspan=\"2\" width=\"60%\"><strong>Par\u00e1metro<\/strong><\/td>\n<td width=\"39%\"><strong>Valor<\/strong><\/td>\n<\/tr>\n<tr>\n<td colspan=\"2\" width=\"60%\">Volumen de dep\u00f3sito, l<\/td>\n<td width=\"39%\">1000<\/td>\n<\/tr>\n<tr>\n<td colspan=\"2\" width=\"60%\">Rendimiento de la bomba de entrega, m<sup>3<\/sup>\/h<\/td>\n<td width=\"39%\">1.7<\/td>\n<\/tr>\n<tr>\n<td colspan=\"2\" width=\"60%\">Potencia consumida, kW<\/td>\n<td width=\"39%\">2.2<\/td>\n<\/tr>\n<tr>\n<td colspan=\"2\" width=\"60%\">Par\u00e1metros de sistema de alimentaci\u00f3n el\u00e9ctrica<\/td>\n<td width=\"39%\">Seg\u00fan cliente<\/td>\n<\/tr>\n<tr>\n<td rowspan=\"3\" width=\"46%\">Dimensiones exteriores, mm<\/td>\n<td width=\"14%\">&#8211; largo<\/td>\n<td width=\"39%\">3575<\/td>\n<\/tr>\n<tr>\n<td width=\"14%\">&#8211; ancho<\/td>\n<td width=\"39%\">1705<\/td>\n<\/tr>\n<tr>\n<td width=\"14%\">&#8211; alto<\/td>\n<td width=\"39%\">1800<\/td>\n<\/tr>\n<tr>\n<td colspan=\"2\" width=\"60%\">Peso (sin aceite), kg<\/td>\n<td width=\"39%\">850<\/td>\n<\/tr>\n<\/tbody>\n<\/table>\n<p>&nbsp;<\/p>\n<p>&nbsp;<\/p>\n","protected":false},"excerpt":{"rendered":"<p>UVD-4M &nbsp; M\u00e1quinas de adici\u00f3n de aceite UVD Las m\u00e1quinas de adici\u00f3n de aceite por vac\u00edo UVD sirven para preparaci\u00f3n (desgasificaci\u00f3n), almacenamiento, transportaci\u00f3n y adici\u00f3n de aceite de transformador a los aisladores de alta tensi\u00f3n de transformadores e interruptores. Las m\u00e1quinas se aplican en las centrales el\u00e9ctricas y subestaciones por las empresas del sector energ\u00e9tico.<a class=\"cg-read-more\" href=\"https:\/\/aceite.globecore.com\/purificacion-de-aceite\/adicion-de-aceite\" target=\"_blank\">Read More <\/a><\/p>\n","protected":false},"author":7,"featured_media":3575,"parent":11,"menu_order":5,"comment_status":"closed","ping_status":"closed","template":"","meta":{"footnotes":""},"class_list":["post-2578","page","type-page","status-publish","has-post-thumbnail","hentry"],"acf":[],"language":"en","_links":{"self":[{"href":"https:\/\/aceite.globecore.com\/en\/wp-json\/wp\/v2\/pages\/2578","targetHints":{"allow":["GET"]}}],"collection":[{"href":"https:\/\/aceite.globecore.com\/en\/wp-json\/wp\/v2\/pages"}],"about":[{"href":"https:\/\/aceite.globecore.com\/en\/wp-json\/wp\/v2\/types\/page"}],"author":[{"embeddable":true,"href":"https:\/\/aceite.globecore.com\/en\/wp-json\/wp\/v2\/users\/7"}],"replies":[{"embeddable":true,"href":"https:\/\/aceite.globecore.com\/en\/wp-json\/wp\/v2\/comments?post=2578"}],"version-history":[{"count":0,"href":"https:\/\/aceite.globecore.com\/en\/wp-json\/wp\/v2\/pages\/2578\/revisions"}],"up":[{"embeddable":true,"href":"https:\/\/aceite.globecore.com\/en\/wp-json\/wp\/v2\/pages\/11"}],"wp:featuredmedia":[{"embeddable":true,"href":"https:\/\/aceite.globecore.com\/en\/wp-json\/wp\/v2\/media\/3575"}],"wp:attachment":[{"href":"https:\/\/aceite.globecore.com\/en\/wp-json\/wp\/v2\/media?parent=2578"}],"curies":[{"name":"wp","href":"https:\/\/api.w.org\/{rel}","templated":true}]}}