{"id":2509,"date":"2016-04-25T08:13:25","date_gmt":"2016-04-25T08:13:25","guid":{"rendered":"http:\/\/aceite.globecore.com\/?page_id=2509"},"modified":"2020-10-06T12:44:05","modified_gmt":"2020-10-06T12:44:05","slug":"secado-de-aceite-por-zeolitas","status":"publish","type":"page","link":"https:\/\/aceite.globecore.com\/purificacion-de-aceite\/secado-de-aceite-por-zeolitas","title":{"rendered":"Secado de aceite por zeolitas"},"content":{"rendered":"<h3 class=\"widget-title\">MCU &#8211; 7<\/h3>\n<p><img loading=\"lazy\" decoding=\"async\" class=\"alignnone size-medium wp-image-3566\" src=\"http:\/\/aceite.globecore.com\/wp-content\/uploads\/sites\/30\/2020\/04\/\u0426\u0424\u0423-177x300.jpg\" alt=\"\" width=\"177\" height=\"300\" srcset=\"https:\/\/aceite.globecore.com\/wp-content\/uploads\/sites\/30\/2020\/04\/\u0426\u0424\u0423-177x300.jpg 177w, https:\/\/aceite.globecore.com\/wp-content\/uploads\/sites\/30\/2020\/04\/\u0426\u0424\u0423.jpg 591w\" sizes=\"auto, (max-width: 177px) 100vw, 177px\" \/><\/p>\n<h3 class=\"widget-title\">M\u00e1quinas de secado de aceite por zeolita MCU<\/h3>\n<p>Las m\u00e1quinas de secado de aceite MCU sirven para eliminar agua y part\u00edculas s\u00f3lidas de aceite.<\/p>\n<p>La especialidad de estas m\u00e1quinas est\u00e1 en el uso de sorbente sint\u00e9tico \u2013 zeolita.<\/p>\n<p>La zeolita tiene una capacidad de sorci\u00f3n extra fuerte con respecto al agua. Despu\u00e9s de tratamimiento el aceite de transformador obtiene altas propiedades diel\u00e9ctricas.<\/p>\n<p>Las zeolitas est\u00e1n muy conocidas en las industrias petrolera y qu\u00edmica debido\u00a0 a sus capacidades de sorci\u00f3n.<\/p>\n<p>Las zeolitas son reactivables. Esto permite usar el mismo material durante un tiempo largo.<\/p>\n<p>La otra especialidad de las m\u00e1quinas MCU est\u00e1 en ausencia de necesidad de calentamiento de aceite durante tratamiento con zeolita. Aparte de ahorro de energ\u00eda el\u00e9ctrica es una ventaja para trabajar en el campo o en aquellas zonas que no disponen de una red el\u00e9ctrica potente.<\/p>\n<h3 class=\"widget-title\">ZP-260<\/h3>\n<p><img loading=\"lazy\" decoding=\"async\" class=\"alignnone size-medium wp-image-3584\" src=\"http:\/\/aceite.globecore.com\/wp-content\/uploads\/sites\/30\/2020\/04\/\u0426\u041f-260-162x300.jpg\" alt=\"\" width=\"162\" height=\"300\" srcset=\"https:\/\/aceite.globecore.com\/wp-content\/uploads\/sites\/30\/2020\/04\/\u0426\u041f-260-162x300.jpg 162w, https:\/\/aceite.globecore.com\/wp-content\/uploads\/sites\/30\/2020\/04\/\u0426\u041f-260.jpg 540w\" sizes=\"auto, (max-width: 162px) 100vw, 162px\" \/><\/p>\n<p>&nbsp;<\/p>\n<p>Las m\u00e1quinas MCU est\u00e1n disponibles en versiones de uno y de dos bloques.<\/p>\n<p>Las m\u00e1quinas monobloque se componen de grupo de filtros, calentador, y grupo de cartuchos con sorbente montados sobre un bastidor com\u00fan.<\/p>\n<p>Las m\u00e1quinas de dos bloques se componen de bloque de calentamiento y filtraci\u00f3n de aceite y de bloque de cartuchos, interconectados mediante mangueras.<\/p>\n<p>El bloque de cartuchos con sorbente est\u00e1 equipado con puertas de carga y descarga r\u00e1pida de sorbente. El bloque puede estar recargado tanto como con zeolita como con otro tipo de sorbente, por ejemplo. con Tierra Fuller o con gel de s\u00edlice. De esta forma, el bloque es apto para reducir \u00e1cidez y para regenerar el aceite.<\/p>\n<h3 class=\"widget-title\">M\u00e1quinas de secado de aceite por zeolita MCU<\/h3>\n<table width=\"99%\">\n<tbody>\n<tr>\n<td colspan=\"2\" rowspan=\"2\" width=\"721\">Par\u00e1metro<\/td>\n<td colspan=\"3\" width=\"340\">Valor<\/td>\n<\/tr>\n<tr>\n<td width=\"111\">\u041cCU-1.7<\/td>\n<td width=\"76\">\u041cCU-4.3<\/td>\n<td width=\"154\">\u041cCU-7<\/td>\n<\/tr>\n<tr>\n<td rowspan=\"2\" width=\"335\">Capacidad, m<sup>3<\/sup>\/h<\/td>\n<td width=\"386\">&#8211; r\u00e9gimen de secado y filtraci\u00f3n<\/td>\n<td width=\"111\">1.7<\/td>\n<td width=\"76\">4.3<\/td>\n<td width=\"154\">1.5&#8230;2<\/td>\n<\/tr>\n<tr>\n<td width=\"386\">&#8211; r\u00e9gimen de calentamiento<\/td>\n<td width=\"111\">1.7<\/td>\n<td width=\"76\">4.3<\/td>\n<td width=\"154\">3.6&#8230;4.3<\/td>\n<\/tr>\n<tr>\n<td rowspan=\"2\" width=\"335\">Temperatura m\u00e1xima de aceite en la salida, \u00b0\u0421<\/td>\n<td width=\"386\">&#8211; r\u00e9gimen de secado y filtraci\u00f3n<\/td>\n<td colspan=\"2\" width=\"186\">&#8211;<\/td>\n<td width=\"154\">35<\/td>\n<\/tr>\n<tr>\n<td width=\"386\">&#8211; r\u00e9gimen de calentamiento<\/td>\n<td colspan=\"2\" width=\"186\">60<\/td>\n<td width=\"154\">65<\/td>\n<\/tr>\n<tr>\n<td rowspan=\"6\" width=\"335\">Propiedades de aceite procesado<sup>1)<\/sup><\/td>\n<td width=\"386\">&#8211; clase de pureza industrial conforme a ISO 4406<\/td>\n<td colspan=\"3\" width=\"340\">-\/14\/12<\/td>\n<\/tr>\n<tr>\n<td width=\"386\">&#8211; contenido de part\u00edculas solidas, ppm<\/td>\n<td colspan=\"3\" width=\"340\">10<\/td>\n<\/tr>\n<tr>\n<td width=\"386\">&#8211; fineza de filtraci\u00f3n, micron<\/td>\n<td colspan=\"3\" width=\"340\">5<\/td>\n<\/tr>\n<tr>\n<td width=\"386\">&#8211; contenido de humedad, ppm<\/td>\n<td colspan=\"3\" width=\"340\">10<\/td>\n<\/tr>\n<tr>\n<td width=\"386\">&#8211; tangente delta a los 90<sup>0<\/sup>\u0421<\/td>\n<td colspan=\"3\" width=\"340\">1.5<\/td>\n<\/tr>\n<tr>\n<td width=\"386\">&#8211; tensi\u00f3n disruptiva, kV<\/td>\n<td colspan=\"3\" width=\"340\">65<\/td>\n<\/tr>\n<tr>\n<td colspan=\"2\" width=\"721\">Potencia de calentador, kW<\/td>\n<td colspan=\"3\" width=\"340\">32<\/td>\n<\/tr>\n<tr>\n<td colspan=\"2\" width=\"721\">Potencia consumida, kW<\/td>\n<td colspan=\"3\" width=\"340\">35<\/td>\n<\/tr>\n<tr>\n<td colspan=\"2\" width=\"721\">Par\u00e1metros de sistema de alimentaci\u00f3n el\u00e9ctrica<\/td>\n<td colspan=\"3\" width=\"340\">Seg\u00fan cliente<\/td>\n<\/tr>\n<tr>\n<td rowspan=\"3\" width=\"335\">Dimensiones exteriores, mm<\/td>\n<td width=\"386\">-largo<\/td>\n<td width=\"111\">1270<\/td>\n<td width=\"76\">1270<\/td>\n<td width=\"154\">1500<\/td>\n<\/tr>\n<tr>\n<td width=\"386\">-ancho<\/td>\n<td width=\"111\">700<\/td>\n<td width=\"76\">700<\/td>\n<td width=\"154\">900<\/td>\n<\/tr>\n<tr>\n<td width=\"386\">-alto<\/td>\n<td width=\"111\">1400<\/td>\n<td width=\"76\">1500<\/td>\n<td width=\"154\">1735<\/td>\n<\/tr>\n<tr>\n<td colspan=\"2\" width=\"721\">Peso, kg<\/td>\n<td width=\"111\">500<\/td>\n<td width=\"76\">550<\/td>\n<td width=\"154\">750<\/td>\n<\/tr>\n<\/tbody>\n<\/table>\n<p>Nota:<br \/>\n<sup>1)<\/sup> Se obtienen a condici\u00f3n si las propiedades iniciales de aceite son:<br \/>\n&#8211; contenido de humedad: no m\u00e1s de 0.005% (50 ppm)<br \/>\n&#8211; temperatura: no menos de 0\u00ba\u0421<\/p>\n","protected":false},"excerpt":{"rendered":"<p>MCU &#8211; 7 M\u00e1quinas de secado de aceite por zeolita MCU Las m\u00e1quinas de secado de aceite MCU sirven para eliminar agua y part\u00edculas s\u00f3lidas de aceite. La especialidad de estas m\u00e1quinas est\u00e1 en el uso de sorbente sint\u00e9tico \u2013 zeolita. La zeolita tiene una capacidad de sorci\u00f3n extra fuerte con respecto al agua. Despu\u00e9s<a class=\"cg-read-more\" href=\"https:\/\/aceite.globecore.com\/purificacion-de-aceite\/secado-de-aceite-por-zeolitas\" target=\"_blank\">Read More <\/a><\/p>\n","protected":false},"author":7,"featured_media":0,"parent":11,"menu_order":4,"comment_status":"closed","ping_status":"closed","template":"","meta":{"footnotes":""},"class_list":["post-2509","page","type-page","status-publish","hentry"],"acf":[],"language":"en","_links":{"self":[{"href":"https:\/\/aceite.globecore.com\/en\/wp-json\/wp\/v2\/pages\/2509","targetHints":{"allow":["GET"]}}],"collection":[{"href":"https:\/\/aceite.globecore.com\/en\/wp-json\/wp\/v2\/pages"}],"about":[{"href":"https:\/\/aceite.globecore.com\/en\/wp-json\/wp\/v2\/types\/page"}],"author":[{"embeddable":true,"href":"https:\/\/aceite.globecore.com\/en\/wp-json\/wp\/v2\/users\/7"}],"replies":[{"embeddable":true,"href":"https:\/\/aceite.globecore.com\/en\/wp-json\/wp\/v2\/comments?post=2509"}],"version-history":[{"count":0,"href":"https:\/\/aceite.globecore.com\/en\/wp-json\/wp\/v2\/pages\/2509\/revisions"}],"up":[{"embeddable":true,"href":"https:\/\/aceite.globecore.com\/en\/wp-json\/wp\/v2\/pages\/11"}],"wp:attachment":[{"href":"https:\/\/aceite.globecore.com\/en\/wp-json\/wp\/v2\/media?parent=2509"}],"curies":[{"name":"wp","href":"https:\/\/api.w.org\/{rel}","templated":true}]}}