{"id":2503,"date":"2016-04-22T10:52:00","date_gmt":"2016-04-22T10:52:00","guid":{"rendered":"http:\/\/aceite.globecore.com\/?page_id=2503"},"modified":"2020-04-14T10:40:35","modified_gmt":"2020-04-14T10:40:35","slug":"filtracion-y-trasiego-de-aceite","status":"publish","type":"page","link":"https:\/\/aceite.globecore.com\/purificacion-de-aceite\/filtracion-y-trasiego-de-aceite","title":{"rendered":"Mantenimiento integral de transformadores, bombas de vac\u00edo para transformadores"},"content":{"rendered":"<div id=\"pl-2503\" class=\"panel-layout\">\n<div id=\"pg-2503-0\" class=\"panel-grid panel-no-style\" data-style=\"{&quot;background_display&quot;:&quot;tile&quot;}\">\n<div id=\"pgc-2503-0-0\" class=\"panel-grid-cell\" data-weight=\"1\">\n<div id=\"panel-2503-0-0-0\" class=\"so-panel widget widget_sow-editor panel-first-child panel-last-child\" data-index=\"0\" data-style=\"{&quot;background_display&quot;:&quot;tile&quot;}\">\n<div class=\"so-widget-sow-editor so-widget-sow-editor-base\">\n<h3 class=\"widget-title\">Bloques de vac\u00edo BV<\/h3>\n<div class=\"siteorigin-widget-tinymce textwidget\">\n<p><img loading=\"lazy\" decoding=\"async\" class=\"alignnone wp-image-3546 size-medium\" src=\"http:\/\/aceite.globecore.com\/wp-content\/uploads\/sites\/30\/2020\/04\/\u0411\u0412-2000-241x300.jpg\" alt=\"\" width=\"241\" height=\"300\" srcset=\"https:\/\/aceite.globecore.com\/wp-content\/uploads\/sites\/30\/2020\/04\/\u0411\u0412-2000-241x300.jpg 241w, https:\/\/aceite.globecore.com\/wp-content\/uploads\/sites\/30\/2020\/04\/\u0411\u0412-2000-768x958.jpg 768w, https:\/\/aceite.globecore.com\/wp-content\/uploads\/sites\/30\/2020\/04\/\u0411\u0412-2000.jpg 802w\" sizes=\"auto, (max-width: 241px) 100vw, 241px\" \/><\/p>\n<p>Bloques de vac\u00edo BV de GlobeCore sirven para crear rarefacci\u00f3n dentro de transformadores y otros equipos el\u00e9ctricos.<\/p>\n<p>Bloques de vac\u00edo se aplican para secado de embobinado de transformador y son necesarios para llenado inicial de transformador con aceite aislante.<\/p>\n<p>Bloque de vac\u00edo BV es un sistema de vac\u00edo de doble etapa. Primera etapa produce el vac\u00edo preliminar hasta 0,5 mbar mediante una <span data-sheets-value=\"{&quot;1&quot;:2,&quot;2&quot;:&quot;bombas de vacu00edo para transformadores&quot;}\" data-sheets-userformat=\"{&quot;2&quot;:513,&quot;3&quot;:{&quot;1&quot;:0},&quot;12&quot;:0}\">bombas de vac\u00edo para transformadores<\/span>. Segunda etapa produce el alto vac\u00edo hasta 0,01 mbar mediante una <span data-sheets-value=\"{&quot;1&quot;:2,&quot;2&quot;:&quot;bombas de vacu00edo para transformadores&quot;}\" data-sheets-userformat=\"{&quot;2&quot;:513,&quot;3&quot;:{&quot;1&quot;:0},&quot;12&quot;:0}\">bombas de vac\u00edo para transformadores<\/span> tipo Roots.<\/p>\n<p>A diferencia de las bombas de vac\u00edo de distribuidor, los sistemas BV no son sensibles a la humedad evaporada de transformador y est\u00e1n equipados con una v\u00e1lvula de lastre de gas que previene la condensaci\u00f3n de humedad dentro de las bombas.<\/p>\n<table>\n<tbody>\n<tr>\n<td colspan=\"2\" rowspan=\"2\">Par\u00e1metro<\/td>\n<td colspan=\"5\" width=\"351\">Valor<\/td>\n<\/tr>\n<tr>\n<td width=\"65\">BV &#8211; 200<\/td>\n<td width=\"65\">BV &#8211; 280<\/td>\n<td width=\"65\">BV &#8211; 500<\/td>\n<td width=\"70\">BV &#8211; 1000<\/td>\n<td width=\"85\">BV &#8211; 2000<\/td>\n<\/tr>\n<tr>\n<td colspan=\"2\">Capacidad, m<sup>3<\/sup>\/h<\/td>\n<td width=\"65\">200<\/td>\n<td width=\"65\">280<\/td>\n<td width=\"65\">500<\/td>\n<td width=\"70\">1000<\/td>\n<td width=\"85\">2000<\/td>\n<\/tr>\n<tr>\n<td colspan=\"2\">Vac\u00edo l\u00edmite, mbar<\/td>\n<td colspan=\"5\" width=\"351\">0.01<\/td>\n<\/tr>\n<tr>\n<td colspan=\"2\">Par\u00e1metros de sistema de alimentaci\u00f3n el\u00e9ctrica<\/td>\n<td colspan=\"5\" width=\"351\"><em>Seg\u00fan cliente<\/em><\/td>\n<\/tr>\n<tr>\n<td rowspan=\"3\">Dimensiones exteriores, mm<\/td>\n<td>largo<\/td>\n<td width=\"65\">950<\/td>\n<td width=\"65\">950<\/td>\n<td width=\"65\">1200<\/td>\n<td width=\"70\">1400<\/td>\n<td width=\"85\">1500<\/td>\n<\/tr>\n<tr>\n<td>ancho<\/td>\n<td width=\"65\">660<\/td>\n<td width=\"65\">660<\/td>\n<td width=\"65\">890<\/td>\n<td width=\"70\">955<\/td>\n<td width=\"85\">1000<\/td>\n<\/tr>\n<tr>\n<td>alto<\/td>\n<td width=\"65\">1330<\/td>\n<td width=\"65\">1330<\/td>\n<td width=\"65\">1400<\/td>\n<td width=\"70\">1400<\/td>\n<td width=\"85\">1610<\/td>\n<\/tr>\n<tr>\n<td colspan=\"2\">Peso, kg<\/td>\n<td width=\"65\">300<\/td>\n<td width=\"65\">300<\/td>\n<td width=\"65\">650<\/td>\n<td width=\"70\">750<\/td>\n<td width=\"85\">1300<\/td>\n<\/tr>\n<\/tbody>\n<\/table>\n<\/div>\n<\/div>\n<\/div>\n<\/div>\n<\/div>\n<div id=\"pg-2503-1\" class=\"panel-grid panel-no-style\" data-style=\"{&quot;background_display&quot;:&quot;tile&quot;}\">\n<div id=\"pgc-2503-1-0\" class=\"panel-grid-cell\" data-weight=\"1\">\n<div id=\"panel-2503-1-0-0\" class=\"so-panel widget widget_sow-editor panel-first-child panel-last-child\" data-index=\"1\" data-style=\"{&quot;background_display&quot;:&quot;tile&quot;}\">\n<div class=\"so-widget-sow-editor so-widget-sow-editor-base\">\n<h3 class=\"widget-title\">M\u00e1quina de secado de aire UOV<\/h3>\n<div class=\"siteorigin-widget-tinymce textwidget\">\n<p><img loading=\"lazy\" decoding=\"async\" class=\"alignnone wp-image-3572 size-medium\" src=\"http:\/\/aceite.globecore.com\/wp-content\/uploads\/sites\/30\/2020\/04\/\u0421\u0443\u0445\u043e\u0432\u0435\u0438\u0306-204x300.jpg\" alt=\"\" width=\"204\" height=\"300\" srcset=\"https:\/\/aceite.globecore.com\/wp-content\/uploads\/sites\/30\/2020\/04\/\u0421\u0443\u0445\u043e\u0432\u0435\u0438\u0306-204x300.jpg 204w, https:\/\/aceite.globecore.com\/wp-content\/uploads\/sites\/30\/2020\/04\/\u0421\u0443\u0445\u043e\u0432\u0435\u0438\u0306.jpg 681w\" sizes=\"auto, (max-width: 204px) 100vw, 204px\" \/><\/p>\n<p>Los sistemas UOV sirven para el soplado de los tanques de transformadores de potencia con aire seco y caliente para prevenir la humectaci\u00f3n de embobinado durante reparaci\u00f3n o montaje de los transformadores.<\/p>\n<p>El principio de funcionamiento de la m\u00e1quina est\u00e1 basado en el secado de aire atmosf\u00e9rico dentro de dos tanques de adsorci\u00f3n independientes llenados con la zeolita sint\u00e9tica, la purificaci\u00f3n de aire secado se realiza con el filtro de part\u00edculas.<\/p>\n<p>La m\u00e1quina puede reactivar el sorbente repetidamente por lo cual los costos de mantenimiento y recarga no se contraen.<\/p>\n<table>\n<tbody>\n<tr>\n<td colspan=\"2\" rowspan=\"2\" width=\"410\">Par\u00e1metro<\/td>\n<td colspan=\"3\" width=\"176\">Valor<\/td>\n<\/tr>\n<tr>\n<td colspan=\"2\" width=\"94\">UOV-0.7<\/td>\n<td width=\"82\">UOV -4<\/td>\n<\/tr>\n<tr>\n<td colspan=\"2\" width=\"410\">\u00a0Capacidad (entrega de aire seco), m<sup>3<\/sup>\/min<\/td>\n<td colspan=\"2\" width=\"94\">1.7<\/td>\n<td width=\"82\">2.5<\/td>\n<\/tr>\n<tr>\n<td colspan=\"2\" width=\"410\">\u00a0Punto de roc\u00edo de aire seco, \u00b0\u0421<\/td>\n<td colspan=\"2\" width=\"94\">\u201350<\/td>\n<td width=\"82\">\u201350<\/td>\n<\/tr>\n<tr>\n<td colspan=\"2\" width=\"410\">\u00a0Presi\u00f3n de aire seco, bar<\/td>\n<td colspan=\"2\" width=\"94\">0.18<\/td>\n<td width=\"82\">0.25<\/td>\n<\/tr>\n<tr>\n<td colspan=\"2\" width=\"410\">\u00a0Temperatura m\u00e1xima de aire seco, \u00b0\u0421<\/td>\n<td colspan=\"2\" width=\"94\">90\u00b115<\/td>\n<td width=\"82\">90\u00b115<\/td>\n<\/tr>\n<tr>\n<td colspan=\"2\" width=\"410\">\u00a0Peso de sorbente en un tanque, kg<\/td>\n<td colspan=\"2\" width=\"94\">190<\/td>\n<td width=\"82\">190<\/td>\n<\/tr>\n<tr>\n<td colspan=\"2\" width=\"410\">\u00a0Cantidad de tanques de adsorci\u00f3n, uds.<\/td>\n<td colspan=\"2\" width=\"94\">1<\/td>\n<td width=\"82\">2<\/td>\n<\/tr>\n<tr>\n<td colspan=\"2\" width=\"410\">\u00a0Temperatura de\u00a0 regeneraci\u00f3n de zeolita, \u00b0\u0421<\/td>\n<td colspan=\"2\" width=\"94\">430<\/td>\n<td width=\"82\">430<\/td>\n<\/tr>\n<tr>\n<td colspan=\"2\" width=\"410\">Potencia de calentador de aire, kW<\/td>\n<td colspan=\"2\" width=\"94\">24<\/td>\n<td width=\"82\">24<\/td>\n<\/tr>\n<tr>\n<td rowspan=\"3\" width=\"176\">\u00a0Potencia consumida, kW<\/td>\n<td width=\"234\">Secado de aire (r\u00e9gimen principal)<\/td>\n<td colspan=\"2\" width=\"94\">1<\/td>\n<td width=\"82\">5.5<\/td>\n<\/tr>\n<tr>\n<td width=\"234\">Reactivaci\u00f3n de sorbente en un tanque<\/td>\n<td colspan=\"2\" width=\"94\">25<\/td>\n<td width=\"82\">30<\/td>\n<\/tr>\n<tr>\n<td width=\"234\">Reactivaci\u00f3n de sorbente en dos tanques<\/td>\n<td colspan=\"2\" width=\"94\">&#8211;<\/td>\n<td width=\"82\">55<\/td>\n<\/tr>\n<tr>\n<td colspan=\"2\" width=\"410\">\u00a0Par\u00e1metros de sistema de alimentaci\u00f3n el\u00e9ctrica<\/td>\n<td colspan=\"3\" width=\"176\">Seg\u00fan cliente<\/td>\n<\/tr>\n<tr>\n<td colspan=\"2\" width=\"410\">Temperatura de aire saliente para reactivaci\u00f3n de sorbente en otro equipamiento, \u00b0\u0421<\/td>\n<td width=\"87\">430<\/td>\n<td colspan=\"2\" width=\"89\">430<\/td>\n<\/tr>\n<tr>\n<td colspan=\"2\" width=\"410\">Tiempo m\u00e1ximo de reactivaci\u00f3n de sorbente, horas<\/td>\n<td width=\"87\">4<\/td>\n<td colspan=\"2\" width=\"89\">4<\/td>\n<\/tr>\n<tr>\n<td colspan=\"2\" width=\"410\">\u00a0Fineza de filtraci\u00f3n de aire seco, micron<\/td>\n<td width=\"87\">5<\/td>\n<td colspan=\"2\" width=\"89\">5<\/td>\n<\/tr>\n<tr>\n<td rowspan=\"3\">Dimensiones exteriores, mm<\/td>\n<td width=\"234\">largo<\/td>\n<td width=\"87\">1350<\/td>\n<td colspan=\"2\" width=\"89\">1500<\/td>\n<\/tr>\n<tr>\n<td width=\"234\">ancho<\/td>\n<td width=\"87\">800<\/td>\n<td colspan=\"2\" width=\"89\">1200<\/td>\n<\/tr>\n<tr>\n<td width=\"234\">alto<\/td>\n<td width=\"87\">1700<\/td>\n<td colspan=\"2\" width=\"89\">2100<\/td>\n<\/tr>\n<tr>\n<td colspan=\"2\" width=\"410\">Peso, kg<\/td>\n<td width=\"87\">550<\/td>\n<td colspan=\"2\" width=\"89\">1050<\/td>\n<\/tr>\n<\/tbody>\n<\/table>\n<\/div>\n<\/div>\n<\/div>\n<\/div>\n<\/div>\n<div id=\"pg-2503-2\" class=\"panel-grid panel-no-style\" data-style=\"{&quot;background_display&quot;:&quot;tile&quot;}\">\n<div id=\"pgc-2503-2-0\" class=\"panel-grid-cell\" data-weight=\"1\">\n<div id=\"panel-2503-2-0-0\" class=\"so-panel widget widget_sow-editor panel-first-child panel-last-child\" data-index=\"2\" data-style=\"{&quot;background_display&quot;:&quot;tile&quot;}\">\n<div class=\"so-widget-sow-editor so-widget-sow-editor-base\">\n<h3 class=\"widget-title\">M\u00e1quina de enfriamiento por vac\u00edo UVV<\/h3>\n<div class=\"siteorigin-widget-tinymce textwidget\">\n<p><img loading=\"lazy\" decoding=\"async\" class=\"alignnone wp-image-3573 size-medium\" src=\"http:\/\/aceite.globecore.com\/wp-content\/uploads\/sites\/30\/2020\/04\/UVV-221x300.jpg\" alt=\"\" width=\"221\" height=\"300\" srcset=\"https:\/\/aceite.globecore.com\/wp-content\/uploads\/sites\/30\/2020\/04\/UVV-221x300.jpg 221w, https:\/\/aceite.globecore.com\/wp-content\/uploads\/sites\/30\/2020\/04\/UVV.jpg 735w\" sizes=\"auto, (max-width: 221px) 100vw, 221px\" \/><\/p>\n<p>Las m\u00e1quinas de enfriamiento por vac\u00edo sirven para aplicaci\u00f3n de vac\u00edo y pre-secado de aislamiento s\u00f3lido de transformadores de potencia.<\/p>\n<p>Debido a dise\u00f1o exclusivo estas m\u00e1quinas alcanzan temperatura hasta -70\u00b0\u0421. Con esta temperatura el agua acumulada en el embobinado de transformador se condensa en la m\u00e1quina, lo que permite incrementar el nivel de alto vac\u00edo en el transformador y reducir la presi\u00f3n parcial de agua, mejorando as\u00ed la eficiencia de secado de embobinado de transformador.<\/p>\n<p>Estas m\u00e1quinas tambi\u00e9n permiten definir precisamente el momento cuando el embobinando y el tanque de transformador est\u00e1n suficientemente secados.<\/p>\n<table>\n<tbody>\n<tr>\n<td colspan=\"2\" rowspan=\"2\" width=\"439\">Par\u00e1metro<\/td>\n<td colspan=\"3\" width=\"180\">Valor<\/td>\n<\/tr>\n<tr>\n<td width=\"62\">UVV<\/td>\n<td width=\"67\">UVV-1<\/td>\n<td width=\"52\">UH-70<\/td>\n<\/tr>\n<tr>\n<td colspan=\"2\" width=\"439\">Velocidad de evacuaci\u00f3n<\/td>\n<td colspan=\"3\" width=\"180\">2000<\/td>\n<\/tr>\n<tr>\n<td colspan=\"2\" width=\"439\">Temperatura de la superficie de condensaci\u00f3n de vapores de agua, \u00b0\u0421<\/td>\n<td colspan=\"3\" width=\"180\">\u201370<\/td>\n<\/tr>\n<tr>\n<td colspan=\"2\" width=\"439\">Contenido de humedad en el aislamiento s\u00f3lido despu\u00e9s de tratamiento, %<\/td>\n<td colspan=\"3\" width=\"180\">1.0<\/td>\n<\/tr>\n<tr>\n<td colspan=\"2\" width=\"439\">Potencia de producci\u00f3n de frio (a \u201370\u00b0\u0421), W<\/td>\n<td colspan=\"3\" width=\"180\">600<\/td>\n<\/tr>\n<tr>\n<td colspan=\"2\" width=\"439\">Tama\u00f1o de la superficie de condensaci\u00f3n, m<sup>2<\/sup><\/td>\n<td colspan=\"3\" width=\"180\">6.1<\/td>\n<\/tr>\n<tr>\n<td colspan=\"2\" width=\"439\">Potencia consumida por el sistema de deshielo, kW<\/td>\n<td colspan=\"3\" width=\"180\">2.1<\/td>\n<\/tr>\n<tr>\n<td colspan=\"2\" width=\"439\">Potencia consumida, kW<\/td>\n<td width=\"62\">21<\/td>\n<td width=\"67\">21<\/td>\n<td width=\"52\">3,5<\/td>\n<\/tr>\n<tr>\n<td colspan=\"2\" width=\"439\">\u00a0Par\u00e1metros de sistema de alimentaci\u00f3n el\u00e9ctrica<\/td>\n<td colspan=\"3\" width=\"180\">Seg\u00fan cliente<\/td>\n<\/tr>\n<tr>\n<td rowspan=\"3\">Dimensiones exteriores, mm<\/td>\n<td width=\"266\">largo<\/td>\n<td width=\"62\">1700<\/td>\n<td width=\"67\">1700<\/td>\n<td width=\"52\">1550<\/td>\n<\/tr>\n<tr>\n<td width=\"266\">ancho<\/td>\n<td width=\"62\">1600<\/td>\n<td width=\"67\">1600<\/td>\n<td width=\"52\">1350<\/td>\n<\/tr>\n<tr>\n<td width=\"266\">\u00a0alto<\/td>\n<td width=\"62\">1950<\/td>\n<td width=\"67\">1950<\/td>\n<td width=\"52\">1850<\/td>\n<\/tr>\n<tr>\n<td colspan=\"2\" width=\"439\">Peso, kg<\/td>\n<td width=\"62\">2100<\/td>\n<td width=\"67\">1900<\/td>\n<td width=\"52\">650<\/td>\n<\/tr>\n<\/tbody>\n<\/table>\n<\/div>\n<\/div>\n<\/div>\n<\/div>\n<\/div>\n<div id=\"pg-2503-3\" class=\"panel-grid panel-no-style\" data-style=\"{&quot;background_display&quot;:&quot;tile&quot;}\">\n<div id=\"pgc-2503-3-0\" class=\"panel-grid-cell\" data-weight=\"1\">\n<div id=\"panel-2503-3-0-0\" class=\"so-panel widget widget_sow-editor panel-first-child panel-last-child\" data-index=\"3\" data-style=\"{&quot;background_display&quot;:&quot;tile&quot;}\">\n<div class=\"so-widget-sow-editor so-widget-sow-editor-base\">\n<h3 class=\"widget-title\">M\u00e1quina de adici\u00f3n de aceite UVD<\/h3>\n<div class=\"siteorigin-widget-tinymce textwidget\">\n<p><img loading=\"lazy\" decoding=\"async\" class=\"alignnone wp-image-3575 size-medium\" src=\"http:\/\/aceite.globecore.com\/wp-content\/uploads\/sites\/30\/2020\/04\/\u0423\u0412\u0414-4\u041c-159x300.jpg\" alt=\"\" width=\"159\" height=\"300\" srcset=\"https:\/\/aceite.globecore.com\/wp-content\/uploads\/sites\/30\/2020\/04\/\u0423\u0412\u0414-4\u041c-159x300.jpg 159w, https:\/\/aceite.globecore.com\/wp-content\/uploads\/sites\/30\/2020\/04\/\u0423\u0412\u0414-4\u041c.jpg 529w\" sizes=\"auto, (max-width: 159px) 100vw, 159px\" \/><\/p>\n<p>&nbsp;<\/p>\n<p>Las m\u00e1quinas de adici\u00f3n de aceite por vac\u00edo UVD sirven para preparaci\u00f3n (desgasificaci\u00f3n), almacenamiento, transportaci\u00f3n y adici\u00f3n de aceite de transformador a los aisladores de alta tensi\u00f3n de transformadores e interruptores. Las m\u00e1quinas se aplican en las centrales el\u00e9ctricas y subestaciones por las empresas del sector energ\u00e9tico.<\/p>\n<table width=\"100%\">\n<tbody>\n<tr>\n<td colspan=\"2\" width=\"60%\"><strong>Par\u00e1metro<\/strong><\/td>\n<td width=\"39%\"><strong>Valor<\/strong><\/td>\n<\/tr>\n<tr>\n<td colspan=\"2\" width=\"60%\">Cantidad de aceite preparado, l<\/td>\n<td width=\"39%\">30<\/td>\n<\/tr>\n<tr>\n<td colspan=\"2\" width=\"60%\">Cantidad de aceite en bloque de adici\u00f3n, l<\/td>\n<td width=\"39%\">4<\/td>\n<\/tr>\n<tr>\n<td colspan=\"2\" width=\"60%\">Presi\u00f3n l\u00edmite en bloque de desgasificaci\u00f3n, mbar<\/td>\n<td width=\"39%\">0.5<\/td>\n<\/tr>\n<tr>\n<td colspan=\"2\" width=\"60%\">Presi\u00f3n de aceite entregado a los aisladores, bar<\/td>\n<td width=\"39%\">4<\/td>\n<\/tr>\n<tr>\n<td colspan=\"2\" width=\"60%\">Potencia consumida, kW<\/td>\n<td width=\"39%\">0.25<\/td>\n<\/tr>\n<tr>\n<td colspan=\"2\" width=\"60%\">Par\u00e1metros de sistema de alimentaci\u00f3n el\u00e9ctrica<\/td>\n<td width=\"39%\">Seg\u00fan cliente<\/td>\n<\/tr>\n<tr>\n<td rowspan=\"3\" width=\"46%\">Dimensiones exteriores, mm<\/td>\n<td width=\"14%\">&#8211; largo<\/td>\n<td width=\"39%\">900<\/td>\n<\/tr>\n<tr>\n<td width=\"14%\">&#8211; ancho<\/td>\n<td width=\"39%\">780<\/td>\n<\/tr>\n<tr>\n<td width=\"14%\">&#8211; alto<\/td>\n<td width=\"39%\">1500<\/td>\n<\/tr>\n<tr>\n<td colspan=\"2\" width=\"60%\">Peso (sin aceite), kg<\/td>\n<td width=\"39%\">80<\/td>\n<\/tr>\n<\/tbody>\n<\/table>\n<\/div>\n<\/div>\n<\/div>\n<\/div>\n<\/div>\n<div id=\"pg-2503-4\" class=\"panel-grid panel-no-style\" data-style=\"{&quot;background_display&quot;:&quot;tile&quot;}\">\n<div id=\"pgc-2503-4-0\" class=\"panel-grid-cell\" data-weight=\"1\">\n<div id=\"panel-2503-4-0-0\" class=\"so-panel widget widget_sow-editor panel-first-child panel-last-child\" data-index=\"4\" data-style=\"{&quot;background_display&quot;:&quot;tile&quot;}\">\n<div class=\"so-widget-sow-editor so-widget-sow-editor-base\">\n<h3 class=\"widget-title\">M\u00e1quina de transportaci\u00f3n y adici\u00f3n de aceite UDM<\/h3>\n<div class=\"siteorigin-widget-tinymce textwidget\"><img loading=\"lazy\" decoding=\"async\" class=\"wp-image-2583 alignleft\" src=\"http:\/\/aceite.globecore.com\/wp-content\/uploads\/sites\/30\/2016\/04\/udm-1.jpg\" alt=\"udm-1\" width=\"789\" height=\"477\" \/>Las m\u00e1quinas de adici\u00f3n de aceite por vac\u00edo UDM sirven para trasiego, almacenamiento, transportaci\u00f3n y adici\u00f3n de aceite de transformador. Adici\u00f3n de aceite se realiza mediante una bomba manual o el\u00e9ctrica incluidas en el conjunto de suministro.<\/p>\n<table width=\"100%\">\n<tbody>\n<tr>\n<td colspan=\"2\" width=\"60%\"><strong>Par\u00e1metro<\/strong><\/td>\n<td width=\"39%\"><strong>Valor<\/strong><\/td>\n<\/tr>\n<tr>\n<td colspan=\"2\" width=\"60%\">Volumen de dep\u00f3sito, l<\/td>\n<td width=\"39%\">1000<\/td>\n<\/tr>\n<tr>\n<td colspan=\"2\" width=\"60%\">Rendimiento de la bomba de entrega, m<sup>3<\/sup>\/h<\/td>\n<td width=\"39%\">1.7<\/td>\n<\/tr>\n<tr>\n<td colspan=\"2\" width=\"60%\">Potencia consumida, kW<\/td>\n<td width=\"39%\">2.2<\/td>\n<\/tr>\n<tr>\n<td colspan=\"2\" width=\"60%\">Par\u00e1metros de sistema de alimentaci\u00f3n el\u00e9ctrica<\/td>\n<td width=\"39%\">Seg\u00fan cliente<\/td>\n<\/tr>\n<tr>\n<td rowspan=\"3\" width=\"46%\">Dimensiones exteriores, mm<\/td>\n<td width=\"14%\">&#8211; largo<\/td>\n<td width=\"39%\">3575<\/td>\n<\/tr>\n<tr>\n<td width=\"14%\">&#8211; ancho<\/td>\n<td width=\"39%\">1705<\/td>\n<\/tr>\n<tr>\n<td width=\"14%\">&#8211; alto<\/td>\n<td width=\"39%\">1800<\/td>\n<\/tr>\n<tr>\n<td colspan=\"2\" width=\"60%\">Peso (sin aceite), kg<\/td>\n<td width=\"39%\">850<\/td>\n<\/tr>\n<\/tbody>\n<\/table>\n<\/div>\n<\/div>\n<\/div>\n<\/div>\n<\/div>\n<div id=\"pg-2503-5\" class=\"panel-grid panel-no-style\" data-style=\"{&quot;background_display&quot;:&quot;tile&quot;}\">\n<div id=\"pgc-2503-5-0\" class=\"panel-grid-cell\" data-weight=\"1\">\n<div id=\"panel-2503-5-0-0\" class=\"so-panel widget widget_sow-editor panel-first-child panel-last-child\" data-index=\"5\" data-style=\"{&quot;background_display&quot;:&quot;tile&quot;}\">\n<div class=\"so-widget-sow-editor so-widget-sow-editor-base\">\n<h3 class=\"widget-title\">Calentador lineal PPM<\/h3>\n<div class=\"siteorigin-widget-tinymce textwidget\">\n<p><img loading=\"lazy\" decoding=\"async\" class=\"alignnone wp-image-3576 size-medium\" src=\"http:\/\/aceite.globecore.com\/wp-content\/uploads\/sites\/30\/2020\/04\/\u041f\u041f\u041c-70-191x300.jpg\" alt=\"\" width=\"191\" height=\"300\" srcset=\"https:\/\/aceite.globecore.com\/wp-content\/uploads\/sites\/30\/2020\/04\/\u041f\u041f\u041c-70-191x300.jpg 191w, https:\/\/aceite.globecore.com\/wp-content\/uploads\/sites\/30\/2020\/04\/\u041f\u041f\u041c-70.jpg 635w\" sizes=\"auto, (max-width: 191px) 100vw, 191px\" \/><\/p>\n<p>Las m\u00e1quinas de calentamiento de aceite PPM sirven para calentar el aceite de transformador durante llenado, sustituci\u00f3n o secado de transformadores. Las m\u00e1quinas son aptas para calentar aceite mineral, industrial, de turbina y otros aceites.<\/p>\n<p>Las m\u00e1quinas se aplican por las empresas dedicadas a reparaci\u00f3n y mantenimiento de transformadores y subestaciones<\/p>\n<table>\n<tbody>\n<tr>\n<td colspan=\"2\" rowspan=\"2\">Par\u00e1metro<\/td>\n<td colspan=\"3\">Valor<\/td>\n<\/tr>\n<tr>\n<td>PPM-18<\/td>\n<td>PPM-50<\/td>\n<td>PPM-70<\/td>\n<\/tr>\n<tr>\n<td colspan=\"2\">Capacidad,\u00a0 m<sup>3<\/sup>\/h<\/td>\n<td>2.2<\/td>\n<td>4<\/td>\n<td>4<\/td>\n<\/tr>\n<tr>\n<td colspan=\"2\">Presi\u00f3n nominal de l\u00edquido en la salida, bar<\/td>\n<td>6<\/td>\n<td>4<\/td>\n<td>2.5<\/td>\n<\/tr>\n<tr>\n<td colspan=\"2\">Potencia consumida, kW<\/td>\n<td>19.5<\/td>\n<td>56<\/td>\n<td>74<\/td>\n<\/tr>\n<tr>\n<td colspan=\"2\">Par\u00e1metros de sistema de alimentaci\u00f3n el\u00e9ctrica<\/td>\n<td colspan=\"3\"><em>Seg\u00fan cliente<\/em><\/td>\n<\/tr>\n<tr>\n<td colspan=\"2\">Temperatura m\u00e1xima de calentamiento <sup>0<\/sup>\u0421,<\/td>\n<td>120<\/td>\n<td>150<\/td>\n<td>150<\/td>\n<\/tr>\n<tr>\n<td rowspan=\"3\">Dimensiones exteriores, mm<\/td>\n<td>&#8211; largo<\/td>\n<td>800<\/td>\n<td>1180<\/td>\n<td>1220<\/td>\n<\/tr>\n<tr>\n<td>&#8211; ancho<\/td>\n<td>660<\/td>\n<td>800<\/td>\n<td>820<\/td>\n<\/tr>\n<tr>\n<td>&#8211; alto<\/td>\n<td>1830<\/td>\n<td>1870<\/td>\n<td>1900<\/td>\n<\/tr>\n<tr>\n<td colspan=\"2\">Peso, kg<\/td>\n<td>180<\/td>\n<td>400<\/td>\n<td>500<\/td>\n<\/tr>\n<\/tbody>\n<\/table>\n<p><iframe loading=\"lazy\" title=\"Mantenimiento de transformadores de alta potencia con CMM-4\/7 y BV-100 de GlobeCore\" width=\"604\" height=\"340\" src=\"https:\/\/www.youtube.com\/embed\/TNVLna35I4Y?feature=oembed\" frameborder=\"0\" allow=\"accelerometer; autoplay; clipboard-write; encrypted-media; gyroscope; picture-in-picture; web-share\" referrerpolicy=\"strict-origin-when-cross-origin\" allowfullscreen><\/iframe><\/p>\n<\/div>\n<\/div>\n<\/div>\n<\/div>\n<\/div>\n<\/div>\n","protected":false},"excerpt":{"rendered":"<p>Bloques de vac\u00edo BV Bloques de vac\u00edo BV de GlobeCore sirven para crear rarefacci\u00f3n dentro de transformadores y otros equipos el\u00e9ctricos. Bloques de vac\u00edo se aplican para secado de embobinado de transformador y son necesarios para llenado inicial de transformador con aceite aislante. Bloque de vac\u00edo BV es un sistema de vac\u00edo de doble etapa.<a class=\"cg-read-more\" href=\"https:\/\/aceite.globecore.com\/purificacion-de-aceite\/filtracion-y-trasiego-de-aceite\" target=\"_blank\">Read More <\/a><\/p>\n","protected":false},"author":7,"featured_media":0,"parent":11,"menu_order":3,"comment_status":"closed","ping_status":"closed","template":"page-templates\/page-single-products.php","meta":{"footnotes":""},"class_list":["post-2503","page","type-page","status-publish","hentry"],"acf":[],"language":"en","_links":{"self":[{"href":"https:\/\/aceite.globecore.com\/en\/wp-json\/wp\/v2\/pages\/2503","targetHints":{"allow":["GET"]}}],"collection":[{"href":"https:\/\/aceite.globecore.com\/en\/wp-json\/wp\/v2\/pages"}],"about":[{"href":"https:\/\/aceite.globecore.com\/en\/wp-json\/wp\/v2\/types\/page"}],"author":[{"embeddable":true,"href":"https:\/\/aceite.globecore.com\/en\/wp-json\/wp\/v2\/users\/7"}],"replies":[{"embeddable":true,"href":"https:\/\/aceite.globecore.com\/en\/wp-json\/wp\/v2\/comments?post=2503"}],"version-history":[{"count":0,"href":"https:\/\/aceite.globecore.com\/en\/wp-json\/wp\/v2\/pages\/2503\/revisions"}],"up":[{"embeddable":true,"href":"https:\/\/aceite.globecore.com\/en\/wp-json\/wp\/v2\/pages\/11"}],"wp:attachment":[{"href":"https:\/\/aceite.globecore.com\/en\/wp-json\/wp\/v2\/media?parent=2503"}],"curies":[{"name":"wp","href":"https:\/\/api.w.org\/{rel}","templated":true}]}}