{"id":2494,"date":"2016-04-22T08:43:59","date_gmt":"2016-04-22T08:43:59","guid":{"rendered":"http:\/\/aceite.globecore.com\/?page_id=2494"},"modified":"2020-04-14T10:52:08","modified_gmt":"2020-04-14T10:52:08","slug":"secado-de-aceite-por-termovacio","status":"publish","type":"page","link":"https:\/\/aceite.globecore.com\/purificacion-de-aceite\/secado-de-aceite-por-termovacio","title":{"rendered":"Secado de aceite por termovac\u00edo"},"content":{"rendered":"<div id=\"pl-2494\" class=\"panel-layout\">\n<div id=\"pg-2494-0\" class=\"panel-grid panel-no-style\">\n<div id=\"pgc-2494-0-0\" class=\"panel-grid-cell\">\n<div id=\"panel-2494-0-0-0\" class=\"so-panel widget widget_sow-editor panel-first-child panel-last-child\">\n<div class=\"so-widget-sow-editor so-widget-sow-editor-base\">\n<h3 class=\"widget-title\">\u0421\u041c\u041c-0.6<\/h3>\n<div class=\"siteorigin-widget-tinymce textwidget\">\n<p>&nbsp;<\/p>\n<\/div>\n<\/div>\n<\/div>\n<\/div>\n<div id=\"pgc-2494-0-1\" class=\"panel-grid-cell\">\n<div id=\"panel-2494-0-1-0\" class=\"so-panel widget widget_sow-editor panel-first-child panel-last-child\">\n<div class=\"so-widget-sow-editor so-widget-sow-editor-base\">\n<h3 class=\"widget-title\">M\u00e1quinas de secado de aceite por termovac\u00edo CMM<\/h3>\n<div class=\"siteorigin-widget-tinymce textwidget\">\n<p>Las m\u00e1quinas CMM sirven para eliminar agua y part\u00edculas s\u00f3lidas de aceite aislante y lubricante.<\/p>\n<p>Las m\u00e1quinas CMM se aplican durante montaje y reparaci\u00f3n de transformadores de potencia y para lavado y llenado de sistemas hidr\u00e1ulicos.<\/p>\n<p>Las m\u00e1quinas CMM son aptas para la purificaci\u00f3n de aceite de transformador, de turbina, hidr\u00e1ulico e industrial.<\/p>\n<p>Las m\u00e1quinas CMM tienen dise\u00f1o simple que garantiza f\u00e1cil explotaci\u00f3n y mantenimiento.<\/p>\n<p>Junto con alta seguridad de funcionamiento las m\u00e1quinas son compactas y garantizan alto nivel de movilidad.<\/p>\n<\/div>\n<\/div>\n<\/div>\n<\/div>\n<\/div>\n<div id=\"pg-2494-1\" class=\"panel-grid panel-no-style\">\n<div id=\"pgc-2494-1-0\" class=\"panel-grid-cell\">\n<div id=\"panel-2494-1-0-0\" class=\"so-panel widget widget_sow-editor panel-first-child\">\n<div class=\"so-widget-sow-editor so-widget-sow-editor-base\">\n<h3 class=\"widget-title\">\u0421MM-2H<\/h3>\n<div class=\"siteorigin-widget-tinymce textwidget\">\n<p><a href=\"https:\/\/aceite.globecore.com\/purificacion-de-aceite\/secado-de-aceite-por-termovacio\/planta-movil-purificacion-aceite-cmm-2h.html\"><img loading=\"lazy\" decoding=\"async\" class=\"alignnone wp-image-3297 size-medium\" src=\"https:\/\/aceite.globecore.com\/wp-content\/uploads\/sites\/30\/2017\/09\/CMM-2H-248x300.jpg\" alt=\"\" width=\"248\" height=\"300\" srcset=\"https:\/\/aceite.globecore.com\/wp-content\/uploads\/sites\/30\/2017\/09\/CMM-2H-248x300.jpg 248w, https:\/\/aceite.globecore.com\/wp-content\/uploads\/sites\/30\/2017\/09\/CMM-2H.jpg 308w\" sizes=\"auto, (max-width: 248px) 100vw, 248px\" \/><\/a><\/p>\n<\/div>\n<\/div>\n<\/div>\n<div id=\"panel-2494-1-0-1\" class=\"so-panel widget widget_sow-editor panel-last-child\">\n<div class=\"so-widget-sow-editor so-widget-sow-editor-base\">\n<h3 class=\"widget-title\">\u0421MM-4<\/h3>\n<div class=\"siteorigin-widget-tinymce textwidget\">\n<p><img loading=\"lazy\" decoding=\"async\" class=\"alignnone wp-image-3565 size-medium\" src=\"http:\/\/aceite.globecore.com\/wp-content\/uploads\/sites\/30\/2020\/04\/\u0423\u0412\u041c-47-300x261.jpg\" alt=\"\" width=\"300\" height=\"261\" srcset=\"https:\/\/aceite.globecore.com\/wp-content\/uploads\/sites\/30\/2020\/04\/\u0423\u0412\u041c-47-300x261.jpg 300w, https:\/\/aceite.globecore.com\/wp-content\/uploads\/sites\/30\/2020\/04\/\u0423\u0412\u041c-47-1024x891.jpg 1024w, https:\/\/aceite.globecore.com\/wp-content\/uploads\/sites\/30\/2020\/04\/\u0423\u0412\u041c-47-768x668.jpg 768w, https:\/\/aceite.globecore.com\/wp-content\/uploads\/sites\/30\/2020\/04\/\u0423\u0412\u041c-47.jpg 1149w\" sizes=\"auto, (max-width: 300px) 100vw, 300px\" \/><\/p>\n<\/div>\n<\/div>\n<\/div>\n<\/div>\n<div id=\"pgc-2494-1-1\" class=\"panel-grid-cell\">\n<div id=\"panel-2494-1-1-0\" class=\"so-panel widget widget_sow-editor panel-first-child\">\n<div class=\"so-widget-sow-editor so-widget-sow-editor-base\">\n<div class=\"siteorigin-widget-tinymce textwidget\">\n<h2 class=\"entry-title\"><a href=\"https:\/\/aceite.globecore.com\/purificacion-de-aceite\/secado-de-aceite-por-termovacio\/planta-movil-purificacion-aceite-cmm-2h.html\">PLANTA M\u00d3VIL DE PURIFICACI\u00d3N DE ACEITE CMM-2H<\/a><\/h2>\n<p>Planta m\u00f3vil de tratamiento de aceites CMM-2H est\u00e1 dise\u00f1ada para remover impurezas mec\u00e1nicas de aceites aislantes, as\u00ed como para desgasificaci\u00f3n y secado por termovac\u00edo.<\/p>\n<p>Equipo puede utilizse para calentamiento de los equipos el\u00e9ctricos rellenos de aceite, con el aceite caliente de transformador, para secado por vac\u00edo de transformador y para\u00a0 tratamiento a vac\u00edo.\u00a0 Planta m\u00f3vil se aplica en las empresas de montaje, reparaci\u00f3n y explotaci\u00f3n,que realizan tratamiento de aceite de transformador.<\/p>\n<\/div>\n<\/div>\n<\/div>\n<div id=\"panel-2494-1-1-1\" class=\"so-panel widget widget_sow-editor panel-last-child\">\n<div class=\"so-widget-sow-editor so-widget-sow-editor-base\">\n<div class=\"siteorigin-widget-tinymce textwidget\">\n<p>Las m\u00e1quinas CMM de GlobeCore pueden estar equipadas con una gran cantidad de opciones extra:<\/p>\n<ul>\n<li>sistema de vac\u00edo adicional para secado de transformadores<\/li>\n<li>sensor de humedad de aceite tanto en la salida como en la entrada<\/li>\n<li>control y monitoreo remoto de proceso<\/li>\n<li>montaje dentro de contenedor aislado t\u00e9rmicamente<\/li>\n<li>montaje dentro de contenedor met\u00e1lico<\/li>\n<li>versi\u00f3n a prueba de explosi\u00f3n<\/li>\n<li>versi\u00f3n para plataformas petroleras mar\u00edtimas<\/li>\n<li>montaje sobre ruedas<\/li>\n<li>montaje sobre remolque o semirremolque<\/li>\n<\/ul>\n<\/div>\n<\/div>\n<\/div>\n<\/div>\n<\/div>\n<div id=\"pg-2494-2\" class=\"panel-grid panel-no-style\">\n<div id=\"pgc-2494-2-0\" class=\"panel-grid-cell\">\n<div id=\"panel-2494-2-0-0\" class=\"so-panel widget widget_sow-editor panel-first-child panel-last-child\">\n<div class=\"so-widget-sow-editor so-widget-sow-editor-base\">\n<div class=\"siteorigin-widget-tinymce textwidget\">\n<table>\n<tbody>\n<tr>\n<td colspan=\"2\" rowspan=\"2\" width=\"315\">Par\u00e1metro<\/td>\n<td colspan=\"10\" width=\"633\">\n<p style=\"text-align: center;\">Valor<\/p>\n<\/td>\n<\/tr>\n<tr>\n<td width=\"72\">\u0421\u041c\u041c-0.16<\/td>\n<td width=\"72\">\u0421\u041c\u041c-0.6<\/td>\n<td width=\"68\">\u0421\u041c\u041c-1<\/td>\n<td width=\"67\">\u0421\u041c\u041c-2.2<\/td>\n<td width=\"67\">\u0421\u041c\u041c-4<\/td>\n<td width=\"66\">CMM-2.2D<\/td>\n<td colspan=\"2\" width=\"76\">CMM-2.2D (en remolque)<\/td>\n<td width=\"66\">\u0421\u041c\u041c-4D<\/td>\n<td width=\"80\">\u0421\u041c\u041c-4D<\/p>\n<p>(en remolque)<\/td>\n<\/tr>\n<tr>\n<td colspan=\"2\" width=\"315\">Capacidad, m<sup>3<\/sup>\/h<\/td>\n<td width=\"72\">0.16<\/td>\n<td width=\"72\">0.6<\/td>\n<td width=\"68\">1.0<\/td>\n<td width=\"67\">2.2<\/td>\n<td width=\"67\">4<\/td>\n<td width=\"66\">2.2<\/td>\n<td colspan=\"2\" width=\"76\">2.2<\/td>\n<td width=\"66\">4<\/td>\n<td width=\"80\">4<\/td>\n<\/tr>\n<tr>\n<td rowspan=\"3\" width=\"155\">Propiedades de aceite procesado <sup>1)<\/sup><\/td>\n<td width=\"160\">&#8211; contenido de humedad, ppm, no m\u00e1s de<\/td>\n<td colspan=\"10\" width=\"633\">\n<p style=\"text-align: center;\">10<\/p>\n<\/td>\n<\/tr>\n<tr>\n<td width=\"160\">&#8211; fineza de filtraci\u00f3n, micron<\/td>\n<td colspan=\"10\" width=\"633\">\n<p style=\"text-align: center;\">5<\/p>\n<\/td>\n<\/tr>\n<tr>\n<td width=\"160\">&#8211; clase de pureza industrial conforme a ISO 4406<\/td>\n<td colspan=\"10\" width=\"633\">\n<p style=\"text-align: center;\">-\/14\/12<\/p>\n<\/td>\n<\/tr>\n<tr>\n<td colspan=\"2\" width=\"315\">Potencia de calentador de aceite, kW<\/td>\n<td width=\"72\">\n<p style=\"text-align: center;\">4.8<\/p>\n<\/td>\n<td width=\"72\">\n<p style=\"text-align: center;\">15<\/p>\n<\/td>\n<td width=\"68\">\n<p style=\"text-align: center;\">18<\/p>\n<\/td>\n<td width=\"67\">\n<p style=\"text-align: center;\">36<\/p>\n<\/td>\n<td width=\"67\">\n<p style=\"text-align: center;\">55<\/p>\n<\/td>\n<td colspan=\"2\" width=\"75\">\n<p style=\"text-align: center;\">30<\/p>\n<\/td>\n<td width=\"66\">\n<p style=\"text-align: center;\">30<\/p>\n<\/td>\n<td width=\"66\">\n<p style=\"text-align: center;\">50<\/p>\n<\/td>\n<td width=\"80\">\n<p style=\"text-align: center;\">50<\/p>\n<\/td>\n<\/tr>\n<tr>\n<td colspan=\"2\" width=\"315\">Potencia consumida, kW<\/td>\n<td width=\"72\">\n<p style=\"text-align: center;\">5.8<\/p>\n<\/td>\n<td width=\"72\">\n<p style=\"text-align: center;\">22<\/p>\n<\/td>\n<td width=\"68\">\n<p style=\"text-align: center;\">22<\/p>\n<\/td>\n<td width=\"67\">\n<p style=\"text-align: center;\">42<\/p>\n<\/td>\n<td width=\"67\">\n<p style=\"text-align: center;\">65<\/p>\n<\/td>\n<td colspan=\"2\" width=\"75\">\n<p style=\"text-align: center;\">36<\/p>\n<\/td>\n<td width=\"66\">\n<p style=\"text-align: center;\">36<\/p>\n<\/td>\n<td width=\"66\">\n<p style=\"text-align: center;\">58<\/p>\n<\/td>\n<td width=\"80\">\n<p style=\"text-align: center;\">58<\/p>\n<\/td>\n<\/tr>\n<tr>\n<td colspan=\"2\" width=\"315\">Par\u00e1metros de sistema de alimentaci\u00f3n el\u00e9ctrica<\/td>\n<td width=\"72\"><\/td>\n<td colspan=\"9\" width=\"561\">\n<p style=\"text-align: center;\">Seg\u00fan cliente<\/p>\n<\/td>\n<\/tr>\n<tr>\n<td rowspan=\"3\" width=\"155\">Dimensiones exteriores, mm<\/td>\n<td width=\"160\">&#8211; largo<\/td>\n<td width=\"72\">\n<p style=\"text-align: center;\">980<\/p>\n<\/td>\n<td width=\"72\">\n<p style=\"text-align: center;\">1300<\/p>\n<\/td>\n<td width=\"68\">\n<p style=\"text-align: center;\">1300<\/p>\n<\/td>\n<td width=\"67\">\n<p style=\"text-align: center;\">1550<\/p>\n<\/td>\n<td width=\"67\">\n<p style=\"text-align: center;\">1650<\/p>\n<\/td>\n<td colspan=\"2\" width=\"75\">\n<p style=\"text-align: center;\">1650<\/p>\n<\/td>\n<td width=\"66\">\n<p style=\"text-align: center;\">3500<\/p>\n<\/td>\n<td width=\"66\">\n<p style=\"text-align: center;\">1650<\/p>\n<\/td>\n<td width=\"80\">\n<p style=\"text-align: center;\">3500<\/p>\n<\/td>\n<\/tr>\n<tr>\n<td width=\"160\">&#8211; ancho<\/td>\n<td width=\"72\">\n<p style=\"text-align: center;\">650<\/p>\n<\/td>\n<td width=\"72\">\n<p style=\"text-align: center;\">700<\/p>\n<\/td>\n<td width=\"68\">\n<p style=\"text-align: center;\">1750<\/p>\n<\/td>\n<td width=\"67\">\n<p style=\"text-align: center;\">1000<\/p>\n<\/td>\n<td width=\"67\">\n<p style=\"text-align: center;\">1600<\/p>\n<\/td>\n<td colspan=\"2\" width=\"75\">\n<p style=\"text-align: center;\">1250<\/p>\n<\/td>\n<td width=\"66\">\n<p style=\"text-align: center;\">1850<\/p>\n<\/td>\n<td width=\"66\">\n<p style=\"text-align: center;\">1250<\/p>\n<\/td>\n<td width=\"80\">\n<p style=\"text-align: center;\">1850<\/p>\n<\/td>\n<\/tr>\n<tr>\n<td width=\"160\">&#8211; alto<\/td>\n<td width=\"72\">\n<p style=\"text-align: center;\">1550<\/p>\n<\/td>\n<td width=\"72\">\n<p style=\"text-align: center;\">1600<\/p>\n<\/td>\n<td width=\"68\">800<\/td>\n<td width=\"67\">1850<\/td>\n<td width=\"67\">1250<\/td>\n<td colspan=\"2\" width=\"75\">1600<\/td>\n<td width=\"66\">2100<\/td>\n<td width=\"66\">1600<\/td>\n<td width=\"80\">2100<\/td>\n<\/tr>\n<tr>\n<td colspan=\"2\" width=\"315\">Peso, kg<\/td>\n<td width=\"72\">220<\/td>\n<td width=\"72\">330<\/td>\n<td width=\"68\">540<\/td>\n<td width=\"67\">720<\/td>\n<td width=\"67\">920<\/td>\n<td colspan=\"2\" width=\"75\">700<\/td>\n<td width=\"66\">1100<\/td>\n<td width=\"66\">800<\/td>\n<td width=\"80\">1200<\/td>\n<\/tr>\n<\/tbody>\n<\/table>\n<p><iframe loading=\"lazy\" title=\"Servicio de transformadores con CMM-4D y MOJAVE HEAT de GlobeCore\" width=\"604\" height=\"340\" src=\"https:\/\/www.youtube.com\/embed\/a3w8Fdf5wEc?feature=oembed\" frameborder=\"0\" allow=\"accelerometer; autoplay; clipboard-write; encrypted-media; gyroscope; picture-in-picture; web-share\" referrerpolicy=\"strict-origin-when-cross-origin\" allowfullscreen><\/iframe><\/p>\n<\/div>\n<\/div>\n<\/div>\n<\/div>\n<\/div>\n<\/div>\n","protected":false},"excerpt":{"rendered":"<p>\u0421\u041c\u041c-0.6 &nbsp; M\u00e1quinas de secado de aceite por termovac\u00edo CMM Las m\u00e1quinas CMM sirven para eliminar agua y part\u00edculas s\u00f3lidas de aceite aislante y lubricante. Las m\u00e1quinas CMM se aplican durante montaje y reparaci\u00f3n de transformadores de potencia y para lavado y llenado de sistemas hidr\u00e1ulicos. Las m\u00e1quinas CMM son aptas para la purificaci\u00f3n de<a class=\"cg-read-more\" href=\"https:\/\/aceite.globecore.com\/purificacion-de-aceite\/secado-de-aceite-por-termovacio\" target=\"_blank\">Read More <\/a><\/p>\n","protected":false},"author":7,"featured_media":3564,"parent":11,"menu_order":2,"comment_status":"closed","ping_status":"closed","template":"","meta":{"footnotes":""},"class_list":["post-2494","page","type-page","status-publish","has-post-thumbnail","hentry"],"acf":[],"language":"en","_links":{"self":[{"href":"https:\/\/aceite.globecore.com\/en\/wp-json\/wp\/v2\/pages\/2494","targetHints":{"allow":["GET"]}}],"collection":[{"href":"https:\/\/aceite.globecore.com\/en\/wp-json\/wp\/v2\/pages"}],"about":[{"href":"https:\/\/aceite.globecore.com\/en\/wp-json\/wp\/v2\/types\/page"}],"author":[{"embeddable":true,"href":"https:\/\/aceite.globecore.com\/en\/wp-json\/wp\/v2\/users\/7"}],"replies":[{"embeddable":true,"href":"https:\/\/aceite.globecore.com\/en\/wp-json\/wp\/v2\/comments?post=2494"}],"version-history":[{"count":0,"href":"https:\/\/aceite.globecore.com\/en\/wp-json\/wp\/v2\/pages\/2494\/revisions"}],"up":[{"embeddable":true,"href":"https:\/\/aceite.globecore.com\/en\/wp-json\/wp\/v2\/pages\/11"}],"wp:featuredmedia":[{"embeddable":true,"href":"https:\/\/aceite.globecore.com\/en\/wp-json\/wp\/v2\/media\/3564"}],"wp:attachment":[{"href":"https:\/\/aceite.globecore.com\/en\/wp-json\/wp\/v2\/media?parent=2494"}],"curies":[{"name":"wp","href":"https:\/\/api.w.org\/{rel}","templated":true}]}}