{"id":2465,"date":"2016-04-21T07:52:12","date_gmt":"2016-04-21T07:52:12","guid":{"rendered":"http:\/\/aceite.globecore.com\/?page_id=2465"},"modified":"2020-04-14T10:53:33","modified_gmt":"2020-04-14T10:53:33","slug":"desgasificacion-de-aceite","status":"publish","type":"page","link":"https:\/\/aceite.globecore.com\/purificacion-de-aceite\/desgasificacion-de-aceite","title":{"rendered":"Desgasificaci\u00f3n de aceite"},"content":{"rendered":"<div id=\"pl-2465\" class=\"panel-layout\">\n<div id=\"pg-2465-0\" class=\"panel-grid panel-no-style\">\n<div id=\"pgc-2465-0-0\" class=\"panel-grid-cell\" data-weight=\"1\">\n<div id=\"panel-2465-0-0-0\" class=\"so-panel widget widget_sow-editor panel-first-child panel-last-child\" data-index=\"0\" data-style=\"{&quot;background_display&quot;:&quot;tile&quot;}\">\n<div class=\"so-widget-sow-editor so-widget-sow-editor-base\">\n<div class=\"siteorigin-widget-tinymce textwidget\">\n<table class=\"homecateg\">\n<tbody>\n<tr>\n<td valign=\"top\"><img loading=\"lazy\" decoding=\"async\" class=\"alignnone wp-image-3594 size-medium\" src=\"http:\/\/aceite.globecore.com\/wp-content\/uploads\/sites\/30\/2020\/04\/\u0423\u0412\u041c-4_7-300x243.jpg\" alt=\"\" width=\"300\" height=\"243\" srcset=\"https:\/\/aceite.globecore.com\/wp-content\/uploads\/sites\/30\/2020\/04\/\u0423\u0412\u041c-4_7-300x243.jpg 300w, https:\/\/aceite.globecore.com\/wp-content\/uploads\/sites\/30\/2020\/04\/\u0423\u0412\u041c-4_7-1024x829.jpg 1024w, https:\/\/aceite.globecore.com\/wp-content\/uploads\/sites\/30\/2020\/04\/\u0423\u0412\u041c-4_7-768x622.jpg 768w, https:\/\/aceite.globecore.com\/wp-content\/uploads\/sites\/30\/2020\/04\/\u0423\u0412\u041c-4_7.jpg 1235w\" sizes=\"auto, (max-width: 300px) 100vw, 300px\" \/><\/td>\n<td style=\"text-align: left;\" valign=\"top\">\n<h3 class=\"widget-title\"><a href=\"https:\/\/aceite.globecore.com\/purificacion-de-aceite\/desgasificacion-de-aceite\/maquina-tratamiento-aceites-dielectricos-cmm-capacidad-4-000-lhora.html\">CMM 4\/7<\/a><\/h3>\n<div id=\"pgc-2465-0-1\" class=\"panel-grid-cell\">\n<div id=\"panel-2465-0-1-0\" class=\"so-panel widget widget_sow-editor panel-first-child panel-last-child\">\n<div class=\"so-widget-sow-editor so-widget-sow-editor-base\">\n<div class=\"siteorigin-widget-tinymce textwidget\">\n<p>Las m\u00e1quinas CMM sirven para eliminar de aceite los gases disueltos, agua libre y disuelta, part\u00edculas s\u00f3lidas, para calentar aceite diel\u00e9ctrico a ingresar a los transformadores de potencia y otro equipamiento el\u00e9ctrico.<\/p>\n<p>Las m\u00e1quinas CMM se aplican durante montaje y reparaci\u00f3n de transformadores de potencia.<\/p>\n<p>CMM es la soluci\u00f3n integral para las empresas fabricantes de transformadores y empresas de mantenimiento.<\/p>\n<p>Secreto de alta eficiencia de los equipos GlobeCore est\u00e1 en los activadores que garantizan una evaporaci\u00f3n instant\u00e1nea de gases y agua de aceite.<\/p>\n<p>Las m\u00e1quinas CMM est\u00e1n equipadas con el calentador especial de aceite que exluye el quemado de aceite debido a baja potencia espec\u00edfica superficial, tambi\u00e9n est\u00e1 excluido el sobrecalentamiento de aceite despu\u00e9s de parada de la m\u00e1quina.<\/p>\n<p>Junto con alta seguridad de funcionamiento las m\u00e1quinas est\u00e1n compactas y garantizan alto nivel de movilidad.<\/p>\n<\/div>\n<\/div>\n<\/div>\n<\/div>\n<\/td>\n<\/tr>\n<tr>\n<td style=\"text-align: center;\" valign=\"top\"><img loading=\"lazy\" decoding=\"async\" class=\"alignnone wp-image-3555 size-medium\" src=\"http:\/\/aceite.globecore.com\/wp-content\/uploads\/sites\/30\/2020\/04\/\u0423\u0412\u041c-10\u0410-285x300.jpg\" alt=\"\" width=\"285\" height=\"300\" srcset=\"https:\/\/aceite.globecore.com\/wp-content\/uploads\/sites\/30\/2020\/04\/\u0423\u0412\u041c-10\u0410-285x300.jpg 285w, https:\/\/aceite.globecore.com\/wp-content\/uploads\/sites\/30\/2020\/04\/\u0423\u0412\u041c-10\u0410-768x808.jpg 768w, https:\/\/aceite.globecore.com\/wp-content\/uploads\/sites\/30\/2020\/04\/\u0423\u0412\u041c-10\u0410.jpg 951w\" sizes=\"auto, (max-width: 285px) 100vw, 285px\" \/><\/td>\n<td valign=\"top\">\n<h3 class=\"widget-title\"><a href=\"https:\/\/aceite.globecore.com\/purificacion-de-aceite\/desgasificacion-de-aceite\/maquina-movil-tratamiento-aceite-globecore-cmm-100-a.html\">CMM 10-10 A<\/a><\/h3>\n<div>\n<div>\n<div id=\"pgc-2465-1-1\" class=\"panel-grid-cell\">\n<div id=\"panel-2465-1-1-0\" class=\"so-panel widget widget_sow-editor panel-first-child panel-last-child\">\n<div class=\"so-widget-sow-editor so-widget-sow-editor-base\">\n<div class=\"siteorigin-widget-tinymce textwidget\">\n<p>Las m\u00e1quinas CMM de GlobeCore pueden estar equipadas con una gran cantidad de opciones extra:<\/p>\n<ul>\n<li>sistema de vac\u00edo adicional para secado de transformadores<\/li>\n<li>sistema de enfriamiento de doble etapa para incrementar la eficiencia del sistema de vac\u00edo<\/li>\n<li>sensor de humedad de aceite tanto en la salida como en la entrada<\/li>\n<li>control y monitoreo remoto de proceso<\/li>\n<li>habit\u00e1culo de operario<\/li>\n<li>aire acondicionado en habit\u00e1culo<\/li>\n<li>montaje dentro de contenedor aislado t\u00e9rmicamente<\/li>\n<li>montaje dentro de contenedor met\u00e1lico<\/li>\n<li>versi\u00f3n a prueba de explosi\u00f3n<\/li>\n<li>versi\u00f3n para plataformas petroleras mar\u00edtimas<\/li>\n<li>montaje sobre ruedas<\/li>\n<li>montaje sobre remolque o semirremolque<\/li>\n<\/ul>\n<\/div>\n<\/div>\n<\/div>\n<\/div>\n<\/div>\n<\/div>\n<div><\/div>\n<\/td>\n<\/tr>\n<\/tbody>\n<\/table>\n<\/div>\n<\/div>\n<\/div>\n<\/div>\n<\/div>\n<div id=\"pg-2465-1\" class=\"panel-grid panel-no-style\">\n<div id=\"pgc-2465-1-0\" class=\"panel-grid-cell\" data-weight=\"1\">\n<div id=\"panel-2465-1-0-0\" class=\"so-panel widget widget_sow-editor panel-first-child panel-last-child\" data-index=\"1\" data-style=\"{&quot;background_image_attachment&quot;:false,&quot;background_display&quot;:&quot;tile&quot;}\">\n<div class=\"so-widget-sow-editor so-widget-sow-editor-base\">\n<div class=\"siteorigin-widget-tinymce textwidget\">\n<table>\n<tbody>\n<tr>\n<td style=\"text-align: center;\" colspan=\"2\" rowspan=\"2\" width=\"225\"><strong>Par\u00e1metro<\/strong><\/td>\n<td style=\"text-align: center;\" colspan=\"16\" width=\"609\"><strong>Valor<\/strong><\/td>\n<td colspan=\"9\" width=\"189\"><\/td>\n<\/tr>\n<tr>\n<td width=\"61\">CMM-1<\/td>\n<td colspan=\"3\" width=\"75\">\n<p style=\"text-align: center;\">CMM-1<\/p>\n<p style=\"text-align: center;\">(en remolque)<\/p>\n<\/td>\n<td style=\"text-align: center;\" width=\"74\">CMM-4\/7<\/td>\n<td style=\"text-align: center;\" width=\"93\">CMM-4\/7 (en remolque)<\/td>\n<td colspan=\"2\" width=\"95\">\u0421\u041c\u041c-6D<\/td>\n<td style=\"text-align: center;\" colspan=\"2\" width=\"90\">CMM-6D\u041c<\/td>\n<td style=\"text-align: center;\" colspan=\"3\" width=\"69\">CMM-6\/14<\/td>\n<td colspan=\"6\" width=\"92\">\n<p style=\"text-align: center;\">CMM-10T<\/p>\n<p style=\"text-align: center;\">(en remolque)<\/p>\n<\/td>\n<td style=\"text-align: center;\" width=\"76\">CMM-10\/15<\/td>\n<td style=\"text-align: center;\" colspan=\"3\" width=\"68\">CMM-10A<\/td>\n<td colspan=\"2\" width=\"6\"><\/td>\n<\/tr>\n<tr>\n<td rowspan=\"2\" width=\"100\">Capacidad, m<sup>3<\/sup>\/h<\/td>\n<td width=\"126\">&#8211; en r\u00e9gimen de desgasificaci\u00f3n, nitruraci\u00f3n, secado y filtraci\u00f3n<\/td>\n<td width=\"61\">1<\/td>\n<td colspan=\"3\" width=\"75\">1<\/td>\n<td width=\"74\">4<\/td>\n<td width=\"93\">4<\/td>\n<td colspan=\"2\" width=\"95\">6<\/td>\n<td colspan=\"2\" width=\"90\">6<\/td>\n<td colspan=\"3\" width=\"69\">6<\/td>\n<td colspan=\"6\" width=\"92\">10<\/td>\n<td width=\"76\">10<\/td>\n<td colspan=\"3\" width=\"68\">10<\/td>\n<td colspan=\"2\" width=\"6\"><\/td>\n<\/tr>\n<tr>\n<td width=\"126\">&#8211; en r\u00e9gimen de calentamiento y filtraci\u00f3n<\/td>\n<td width=\"61\">4<\/td>\n<td colspan=\"3\" width=\"75\">4<\/td>\n<td width=\"74\">7<\/td>\n<td width=\"93\">7<\/td>\n<td colspan=\"2\" width=\"95\">6<\/td>\n<td colspan=\"2\" width=\"90\">6<\/td>\n<td colspan=\"13\" width=\"305\">15<\/td>\n<td colspan=\"2\" width=\"6\"><\/td>\n<\/tr>\n<tr>\n<td rowspan=\"5\" width=\"100\">Propiedades de aceite procesado<sup>1)<\/sup><\/td>\n<td width=\"126\">&#8211; contenido de gas, %, no m\u00e1s de<\/td>\n<td width=\"61\">0.5<\/td>\n<td colspan=\"3\" width=\"75\">0.5<\/td>\n<td width=\"74\">0.1<\/td>\n<td width=\"93\">0.1<\/td>\n<td colspan=\"2\" width=\"95\">0.5<\/td>\n<td colspan=\"2\" width=\"90\">0.5<\/td>\n<td colspan=\"13\" width=\"305\">0.1<\/td>\n<td colspan=\"2\" width=\"6\"><\/td>\n<\/tr>\n<tr>\n<td width=\"126\">&#8211; contenido de humedad, ppm, no m\u00e1s de<\/td>\n<td style=\"text-align: center;\" colspan=\"23\" width=\"792\">5<\/td>\n<td colspan=\"2\" width=\"6\"><\/td>\n<\/tr>\n<tr>\n<td width=\"126\">&#8211; clase de pureza industrial conforme a ISO 4406<\/td>\n<td style=\"text-align: center;\" colspan=\"23\" width=\"792\">-\/14\/12<\/td>\n<td colspan=\"2\" width=\"6\"><\/td>\n<\/tr>\n<tr>\n<td width=\"126\">&#8211; fineza de filtraci\u00f3n, micron<\/td>\n<td style=\"text-align: center;\" colspan=\"23\" width=\"792\">5 (1 micron a petici\u00f3n de cliente)<\/td>\n<td colspan=\"2\" width=\"6\"><\/td>\n<\/tr>\n<tr>\n<td width=\"126\">&#8211; tensi\u00f3n disruptiva, kV, no menos de<\/td>\n<td style=\"text-align: center;\" colspan=\"23\" width=\"792\">70<\/td>\n<td colspan=\"2\" width=\"6\"><\/td>\n<\/tr>\n<tr>\n<td colspan=\"2\" width=\"225\">Potencia de calentador de aceite, kW<\/td>\n<td width=\"61\">50<\/td>\n<td colspan=\"3\" width=\"75\">50<\/td>\n<td width=\"74\">50<\/td>\n<td width=\"93\">50<\/td>\n<td colspan=\"2\" width=\"95\">142<\/td>\n<td colspan=\"3\" width=\"95\">142<\/td>\n<td colspan=\"3\" width=\"67\">150<\/td>\n<td colspan=\"3\" width=\"61\">150<\/td>\n<td colspan=\"4\" width=\"105\">150<\/td>\n<td colspan=\"3\" width=\"70\">150<\/td>\n<td width=\"3\"><\/td>\n<\/tr>\n<tr>\n<td colspan=\"2\" width=\"225\">Potencia m\u00e1xima consumida, kW<\/td>\n<td width=\"61\">58<\/td>\n<td colspan=\"3\" width=\"75\">60<\/td>\n<td width=\"74\">60<\/td>\n<td width=\"93\">60<\/td>\n<td colspan=\"2\" width=\"95\">150<\/td>\n<td colspan=\"3\" width=\"95\">150<\/td>\n<td colspan=\"3\" width=\"67\">188.5<\/td>\n<td colspan=\"3\" width=\"61\">190<\/td>\n<td colspan=\"4\" width=\"105\">190<\/td>\n<td colspan=\"3\" width=\"70\">190<\/td>\n<td width=\"3\"><\/td>\n<\/tr>\n<tr>\n<td colspan=\"2\" width=\"225\">Par\u00e1metros de sistema de alimentaci\u00f3n el\u00e9ctrica<\/td>\n<td colspan=\"16\" width=\"609\">Seg\u00fan cliente<\/td>\n<td colspan=\"9\" width=\"189\"><\/td>\n<\/tr>\n<tr>\n<td rowspan=\"3\" width=\"100\">Dimensiones exteriores, mm<\/td>\n<td width=\"126\">&#8211; largo<\/td>\n<td colspan=\"2\" width=\"64\">1650<\/td>\n<td width=\"67\">3500<\/td>\n<td colspan=\"2\" width=\"79\">1650<\/td>\n<td colspan=\"2\" width=\"98\">3500<\/td>\n<td colspan=\"2\" width=\"95\">2570<\/td>\n<td colspan=\"3\" width=\"96\">3700<\/td>\n<td colspan=\"3\" width=\"67\">2400<\/td>\n<td colspan=\"3\" width=\"64\">4700<\/td>\n<td colspan=\"4\" width=\"106\">3300<\/td>\n<td colspan=\"3\" width=\"65\">2300<\/td>\n<\/tr>\n<tr>\n<td width=\"126\">&#8211; ancho<\/td>\n<td colspan=\"2\" width=\"64\">1250<\/td>\n<td width=\"67\">2150<\/td>\n<td colspan=\"2\" width=\"79\">1250<\/td>\n<td colspan=\"2\" width=\"98\">2150<\/td>\n<td colspan=\"2\" width=\"95\">1750<\/td>\n<td colspan=\"3\" width=\"96\">1750<\/td>\n<td colspan=\"3\" width=\"67\">2100<\/td>\n<td colspan=\"3\" width=\"64\">2150<\/td>\n<td colspan=\"4\" width=\"106\">2100<\/td>\n<td colspan=\"3\" width=\"65\">1600<\/td>\n<\/tr>\n<tr>\n<td width=\"126\">&#8211; alto<\/td>\n<td colspan=\"2\" width=\"64\">1600<\/td>\n<td width=\"67\">2100<\/td>\n<td colspan=\"2\" width=\"79\">1600<\/td>\n<td colspan=\"2\" width=\"98\">\u00a0\u00a0\u00a0\u00a0\u00a0\u00a0 2100<\/td>\n<td colspan=\"2\" width=\"95\">2100<\/td>\n<td colspan=\"3\" width=\"96\">2320<\/td>\n<td colspan=\"3\" width=\"67\">2170<\/td>\n<td colspan=\"3\" width=\"64\">2320<\/td>\n<td colspan=\"4\" width=\"106\">2170<\/td>\n<td colspan=\"3\" width=\"65\">1600<\/td>\n<\/tr>\n<tr>\n<td colspan=\"2\" width=\"225\">Peso, kg<\/td>\n<td colspan=\"2\" width=\"64\">700<\/td>\n<td width=\"67\">1200<\/td>\n<td colspan=\"2\" width=\"79\">800<\/td>\n<td colspan=\"2\" width=\"98\">\u00a0\u00a0\u00a0\u00a0\u00a0\u00a0 1270<\/td>\n<td colspan=\"2\" width=\"95\">1500<\/td>\n<td colspan=\"3\" width=\"96\">2600<\/td>\n<td colspan=\"3\" width=\"67\">3000<\/td>\n<td colspan=\"3\" width=\"64\">3300<\/td>\n<td colspan=\"4\" width=\"106\">3300<\/td>\n<td colspan=\"3\" width=\"65\">2100<\/td>\n<\/tr>\n<\/tbody>\n<\/table>\n<p>Nota:<br \/>\n1) Se obtienen si las propiedades iniciales de aceite son:<br \/>\n&#8211; contenido de gas: no m\u00e1s de 10.5%<br \/>\n&#8211; contenido de humedad: no m\u00e1s de 0.005% (50 ppm)<br \/>\n&#8211; temperatura: no menos de 0\u00ba\u0421<br \/>\n&#8211; clase de pureza industrial conforme a ISO 4406: -\/18\/16<\/p>\n<p><iframe loading=\"lazy\" title=\"Purificaci\u00f3n de aceite de turbina en las centrales hidroel\u00e9ctricas\" width=\"604\" height=\"340\" src=\"https:\/\/www.youtube.com\/embed\/JNWLFEV4mmg?feature=oembed\" frameborder=\"0\" allow=\"accelerometer; autoplay; clipboard-write; encrypted-media; gyroscope; picture-in-picture; web-share\" referrerpolicy=\"strict-origin-when-cross-origin\" allowfullscreen><\/iframe><\/p>\n<\/div>\n<\/div>\n<\/div>\n<\/div>\n<\/div>\n<\/div>\n","protected":false},"excerpt":{"rendered":"<p>CMM 4\/7 Las m\u00e1quinas CMM sirven para eliminar de aceite los gases disueltos, agua libre y disuelta, part\u00edculas s\u00f3lidas, para calentar aceite diel\u00e9ctrico a ingresar a los transformadores de potencia y otro equipamiento el\u00e9ctrico. Las m\u00e1quinas CMM se aplican durante montaje y reparaci\u00f3n de transformadores de potencia. CMM es la soluci\u00f3n integral para las empresas<a class=\"cg-read-more\" href=\"https:\/\/aceite.globecore.com\/purificacion-de-aceite\/desgasificacion-de-aceite\" target=\"_blank\">Read More <\/a><\/p>\n","protected":false},"author":7,"featured_media":0,"parent":11,"menu_order":1,"comment_status":"closed","ping_status":"closed","template":"","meta":{"footnotes":""},"class_list":["post-2465","page","type-page","status-publish","hentry"],"acf":[],"language":"en","_links":{"self":[{"href":"https:\/\/aceite.globecore.com\/en\/wp-json\/wp\/v2\/pages\/2465","targetHints":{"allow":["GET"]}}],"collection":[{"href":"https:\/\/aceite.globecore.com\/en\/wp-json\/wp\/v2\/pages"}],"about":[{"href":"https:\/\/aceite.globecore.com\/en\/wp-json\/wp\/v2\/types\/page"}],"author":[{"embeddable":true,"href":"https:\/\/aceite.globecore.com\/en\/wp-json\/wp\/v2\/users\/7"}],"replies":[{"embeddable":true,"href":"https:\/\/aceite.globecore.com\/en\/wp-json\/wp\/v2\/comments?post=2465"}],"version-history":[{"count":0,"href":"https:\/\/aceite.globecore.com\/en\/wp-json\/wp\/v2\/pages\/2465\/revisions"}],"up":[{"embeddable":true,"href":"https:\/\/aceite.globecore.com\/en\/wp-json\/wp\/v2\/pages\/11"}],"wp:attachment":[{"href":"https:\/\/aceite.globecore.com\/en\/wp-json\/wp\/v2\/media?parent=2465"}],"curies":[{"name":"wp","href":"https:\/\/api.w.org\/{rel}","templated":true}]}}