{"id":2446,"date":"2016-04-20T11:24:05","date_gmt":"2016-04-20T11:24:05","guid":{"rendered":"http:\/\/aceite.globecore.com\/?page_id=2446"},"modified":"2020-10-06T12:42:19","modified_gmt":"2020-10-06T12:42:19","slug":"regeneracion-de-aceite","status":"publish","type":"page","link":"https:\/\/aceite.globecore.com\/purificacion-de-aceite\/regeneracion-de-aceite","title":{"rendered":"Regeneraci\u00f3n de aceite"},"content":{"rendered":"<div id=\"pl-2446\" class=\"panel-layout\">\n<div id=\"pg-2446-0\" class=\"panel-grid panel-no-style\" data-style=\"{&quot;background_display&quot;:&quot;tile&quot;}\">\n<div id=\"pgc-2446-0-0\" class=\"panel-grid-cell\" data-weight=\"1\">\n<div id=\"panel-2446-0-0-0\" class=\"so-panel widget widget_sow-editor panel-first-child\" data-index=\"0\" data-style=\"{&quot;background_image_attachment&quot;:false,&quot;background_display&quot;:&quot;tile&quot;}\">\n<div class=\"so-widget-sow-editor so-widget-sow-editor-base\">\n<h3 class=\"widget-title\"><\/h3>\n<div class=\"siteorigin-widget-tinymce textwidget\">\n<p style=\"text-align: justify;\">Dependiendo de las necesidades espec\u00edficas de los clientes <em><strong>GlobeCore<\/strong><\/em> ofrece varias soluciones en el \u00e1rea de tratamiento de los aceites aislantes con su tecnolog\u00eda exclusiva:<\/p>\n<ul>\n<li style=\"text-align: justify;\"><em><strong>Regeneraci\u00f3n de aceite<\/strong><\/em><\/li>\n<li style=\"text-align: justify;\">Desgasificaci\u00f3n de aceite<\/li>\n<li style=\"text-align: justify;\">Secado de aceite por termovac\u00edo<\/li>\n<li style=\"text-align: justify;\">Filtraci\u00f3n y trasiego de aceite<\/li>\n<li style=\"text-align: justify;\">Secado de aceite por zeolitas<\/li>\n<li style=\"text-align: justify;\">Calentamiento de aceite<\/li>\n<li style=\"text-align: justify;\">Adici\u00f3n de aceite<\/li>\n<li style=\"text-align: justify;\">Aplicaci\u00f3n de vac\u00edo al equipamiento<\/li>\n<li style=\"text-align: justify;\">Reactivaci\u00f3n de sorbentes<\/li>\n<li style=\"text-align: justify;\">Secado de aire<\/li>\n<li style=\"text-align: justify;\">Secado de embobinado de transformador a bajas temperaturas.<\/li>\n<\/ul>\n<p style=\"text-align: justify;\"><strong>Existen tres opciones de dise\u00f1o de las m\u00e1quinas:<\/strong><\/p>\n<ul>\n<li style=\"text-align: justify;\">montado sobre una carcasa<\/li>\n<li style=\"text-align: justify;\">montado dentro de un contenedor<\/li>\n<li style=\"text-align: justify;\">a prueba de explosi\u00f3n (contenedor con puertas enrollables)<\/li>\n<\/ul>\n<h3 style=\"text-align: center;\">Recomendaciones generales para comprar regeneradora de aceite:<\/h3>\n<table>\n<tbody>\n<tr>\n<td width=\"328\"><strong>Capacidad de la maquina, l\/h<\/strong><\/td>\n<td width=\"329\"><strong>Volumen de de aceite en transformador, l<\/strong><\/td>\n<\/tr>\n<tr>\n<td width=\"328\"><strong>0-1000<\/strong><\/td>\n<td width=\"329\"><strong>hasta 4000<\/strong><\/td>\n<\/tr>\n<tr>\n<td width=\"328\"><strong>1000-4000<\/strong><\/td>\n<td width=\"329\"><strong>hasta 10000<\/strong><\/td>\n<\/tr>\n<tr>\n<td width=\"328\"><strong>4000 y m\u00e1s<\/strong><\/td>\n<td width=\"329\"><strong>Hasta 30000<\/strong><\/td>\n<\/tr>\n<tr>\n<td width=\"328\"><strong>10000-15000<\/strong><\/td>\n<td width=\"329\"><strong>30000-80000<\/strong><\/td>\n<\/tr>\n<\/tbody>\n<\/table>\n<p style=\"text-align: justify;\"><strong>\u00a0<\/strong>Regeneraci\u00f3n <em><strong>GlobeCore<\/strong><\/em> refina el aceite usado al estado de los par\u00e1metros de aceite nuevo. Esta tecnolog\u00eda permite llenar transformador con el aceite destinado a disposici\u00f3n final as\u00ed como se puede usar el aceite durante toda la vida \u00fatil de transformador sin necesidad de sustituirlo.<\/p>\n<p style=\"text-align: justify;\">Las m\u00e1quinas <strong><em>CMM-R<\/em><\/strong> est\u00e1n dise\u00f1adas para prolongar plazo del servicio de los transformadores por medio de restauraci\u00f3n de la r\u00edgidez diel\u00e9ctrica y composici\u00f3n qu\u00edmica de aceite aislante.<\/p>\n<p style=\"text-align: justify;\">Durante el proceso de regeneraci\u00f3n de aceite, se eliminan los productos de desintegraci\u00f3n de aceite y componentes \u00e1cidos, se realiza la clarificaci\u00f3n de aceite, se incrementa su estabilidad a oxidaci\u00f3n y se reduce la capacidad de disolver los gases.<\/p>\n<p style=\"text-align: justify;\">Para comprar regeneradora de aceite hay que ver las caracter\u00edsticas necesarias de regeneraci\u00f3n.<\/p>\n<p style=\"text-align: justify;\">Caracter\u00edsticas principales de regeneraci\u00f3n <strong><em>GlobeCore<\/em><\/strong>:<\/p>\n<ul>\n<li style=\"text-align: justify;\">regeneraci\u00f3n de aceite sin descargarlo de transformador<\/li>\n<li style=\"text-align: justify;\">posibilidad de regeneraci\u00f3n de aceite sin desenergizar transformador<\/li>\n<li style=\"text-align: justify;\">m\u00faltiple reactivaci\u00f3n de sorbente sin sustituirlo<\/li>\n<li style=\"text-align: justify;\">mejora de seguridad de funcionamiento de transformadores<\/li>\n<li style=\"text-align: justify;\">prolongaci\u00f3n de la vida \u00fatil de transformadores<\/li>\n<li style=\"text-align: justify;\">automatizaci\u00f3n completa de proceso<\/li>\n<li style=\"text-align: justify;\">simplicidad de operaci\u00f3n y mantenimiento<\/li>\n<li style=\"text-align: justify;\">reducci\u00f3n de costos de adquisici\u00f3n de aceite<\/li>\n<li style=\"text-align: justify;\">reducci\u00f3n de costos de transportaci\u00f3n<\/li>\n<li style=\"text-align: justify;\">exclusi\u00f3n de necesidad de disposici\u00f3n final de aceite<\/li>\n<li style=\"text-align: justify;\">protecci\u00f3n del medio ambiente<\/li>\n<\/ul>\n<table width=\"1037\">\n<tbody>\n<tr>\n<td width=\"177\"><strong>Tipo de regeneraci\u00f3n de aceite<\/strong><\/td>\n<td width=\"142\"><strong>Denominaci\u00f3n<\/strong><\/p>\n<p><strong>de equipamiento<\/strong><\/td>\n<td colspan=\"2\" width=\"123\"><strong>Capacidad, m<sup>3<\/sup>\/h<\/strong><\/td>\n<td width=\"321\"><strong>Propiedades de aceite despu\u00e9s de regeneraci\u00f3n<\/strong><sup>1)<\/sup><\/td>\n<td width=\"274\"><strong>Principio de funcionamiento<\/strong><\/td>\n<\/tr>\n<tr>\n<td rowspan=\"4\" width=\"177\">Tierra Fuller, desgasificaci\u00f3n, secado por termovac\u00edo<\/td>\n<td width=\"142\">\u0421\u041c\u041c-R2\/300<\/td>\n<td width=\"123\">0.3 (0.3)<sup>2)<\/sup><\/td>\n<td colspan=\"2\" rowspan=\"4\" width=\"321\">&#8211; clase de pureza industrial conforme a ISO 4406:<\/p>\n<p>no menos de -\/14\/12<\/p>\n<p>&#8211; contenido de humedad, ppm: no m\u00e1s de 5<\/p>\n<p>&#8211; contenido de gases, %: 0.1<\/p>\n<p>&#8211; n\u00famero \u00e1cido, mg KOH\/g: 0.01<\/p>\n<p>&#8211; azufre corrosivo: ausente<\/p>\n<p>&#8211; tensi\u00f3n superficial, N\/m, a los 25<sup>0<\/sup>\u0421: 45<\/p>\n<p>&#8211; \u00a0tensi\u00f3n disruptiva, kV: 70<\/p>\n<p>&#8211; tangente delta a los 90<sup>0<\/sup>\u0421: 0.001<\/td>\n<td rowspan=\"4\" width=\"274\">Mediante la Tierra Fuller se eliminan los productos de desintegraci\u00f3n de aceite y componentes \u00e1cidos, se realiza clarificaci\u00f3n de aceite, se incrementa su estabilidad a oxidaci\u00f3n y se reduce la capacidad de disolver los gases. Luego el aceite pasa por la desgasificaci\u00f3n y secado por termovac\u00edo. Al saturarse, Tierra Fuller se reactiva y se usa nuevamente, hasta 300 veces.<\/td>\n<\/tr>\n<tr>\n<td width=\"142\">\u0421\u041c\u041c-R4\/300<\/td>\n<td width=\"123\">0.6 (0.3)<sup>2)<\/sup><\/td>\n<\/tr>\n<tr>\n<td width=\"142\"><\/td>\n<td width=\"123\"><\/td>\n<\/tr>\n<tr>\n<td width=\"142\">\u0421\u041c\u041c-R12\/4000<\/td>\n<td width=\"123\">1.8 (4)<sup>2)<\/sup><\/td>\n<\/tr>\n<tr>\n<td rowspan=\"4\" width=\"177\">Tierra Fuller<\/td>\n<td width=\"142\">\u0421\u041c\u041c-R2<\/td>\n<td width=\"123\">0.3<\/td>\n<td colspan=\"2\" rowspan=\"4\" width=\"321\">&#8211; clase de pureza industrial conforme a ISO 4406:<\/p>\n<p>no menos de -\/14\/12<\/p>\n<p>&#8211; contenido de humedad, ppm: no m\u00e1s de 30<\/p>\n<p>&#8211; n\u00famero \u00e1cido, mg KOH\/g: 0.01<\/p>\n<p>&#8211; azufre corrosivo: ausente<\/p>\n<p>&#8211; tensi\u00f3n superficial, N\/m, a los 25<sup>0<\/sup>\u0421: 45<\/p>\n<p>&#8211; tangente delta a los 90<sup>0<\/sup>\u0421: 0.001<\/td>\n<td rowspan=\"4\" width=\"274\">Mediante la Tierra Fuller se eliminan los productos de desintegraci\u00f3n de aceite y componentes \u00e1cidos, se realiza clarificaci\u00f3n de aceite, se incrementa su estabilidad a oxidaci\u00f3n y se reduce la capacidad de disolver los gases. Al saturarse, Tierra Fuller se reactiva y se usa nuevamente, hasta 300 veces.<\/td>\n<\/tr>\n<tr>\n<td width=\"142\">\u0421\u041c\u041c-R4<\/td>\n<td width=\"123\">0.6<\/td>\n<\/tr>\n<tr>\n<td width=\"142\"><\/td>\n<td width=\"123\"><\/td>\n<\/tr>\n<tr>\n<td width=\"142\">\u0421\u041c\u041c-R12<\/td>\n<td width=\"123\">1.8<\/td>\n<\/tr>\n<tr>\n<td rowspan=\"4\" width=\"177\">Arcilla blanqueadora<\/td>\n<td width=\"142\">UVR-450\/6<\/td>\n<td width=\"123\">0.08<\/td>\n<td colspan=\"2\" rowspan=\"4\" width=\"321\">&#8211; clase de pureza industrial conforme a ISO 4406:<\/p>\n<p>no menos de -\/14\/12<\/p>\n<p>&#8211; contenido de humedad, ppm: no m\u00e1s de 30<\/p>\n<p>&#8211; n\u00famero \u00e1cido, mg KOH\/g: 0.01<\/p>\n<p>&#8211; azufre corrosivo: ausente<\/p>\n<p>&#8211; tensi\u00f3n superficial, N\/m, a los 25<sup>0<\/sup>\u0421: 45<\/p>\n<p>&#8211; tangente delta a los 90<sup>0<\/sup>\u0421: 0.001<\/td>\n<td rowspan=\"4\" width=\"274\">Mediante la arcilla blanqueadora se eliminan los productos de desintegraci\u00f3n de aceite y componentes \u00e1cidos, se realiza clarificaci\u00f3n de aceite, se incrementa su estabilidad a oxidaci\u00f3n y se reduce la capacidad de disolver los gases.<\/td>\n<\/tr>\n<tr>\n<td width=\"142\">UVR-450\/16<\/td>\n<td width=\"123\">0.2<\/td>\n<\/tr>\n<tr>\n<td width=\"142\">UVR-450\/16\u041a<\/td>\n<td width=\"123\">0.2<\/td>\n<\/tr>\n<tr>\n<td width=\"142\">UVR-450\/16\u0412<\/td>\n<td width=\"123\">0.2<\/td>\n<\/tr>\n<tr>\n<td width=\"177\"><\/td>\n<td width=\"142\"><\/td>\n<td width=\"123\"><\/td>\n<td width=\"0\"><\/td>\n<td width=\"321\"><\/td>\n<td width=\"274\"><\/td>\n<\/tr>\n<\/tbody>\n<\/table>\n<p style=\"text-align: justify;\"><strong>Notas:<\/strong><\/p>\n<p style=\"text-align: justify;\"><sup>1)<\/sup> Se obtienen s\u00ed las propiedades iniciales de aceite son:<\/p>\n<ul>\n<li style=\"text-align: justify;\">contenido de humedad: no m\u00e1s de 0.02% (200 ppm)<\/li>\n<li style=\"text-align: justify;\">temperatura: no menos de 0\u00ba\u0421<\/li>\n<li style=\"text-align: justify;\">clase de pureza industrial conforme a ISO 4406: -\/18\/16<\/li>\n<li style=\"text-align: justify;\"><em>n\u00famero \u00e1cido, mg KOH\/g: no m\u00e1s de 0.2<\/em><\/li>\n<\/ul>\n<p style=\"text-align: justify;\"><sup>2)\u00a0 <\/sup>Entre par\u00e9ntesis est\u00e1 indicada la capacidad en\u00a0 modo de desgasificaci\u00f3n y secado por termovac\u00edo.<\/p>\n<\/div>\n<\/div>\n<\/div>\n<div id=\"panel-2446-0-0-1\" class=\"so-panel widget widget_sow-editor panel-last-child\" data-index=\"1\" data-style=\"{&quot;background_image_attachment&quot;:false,&quot;background_display&quot;:&quot;tile&quot;}\">\n<div class=\"so-widget-sow-editor so-widget-sow-editor-base\">\n<div class=\"siteorigin-widget-tinymce textwidget\">\n<table class=\"homecateg\">\n<tbody>\n<tr>\n<td style=\"text-align: left;\" valign=\"top\"><img loading=\"lazy\" decoding=\"async\" class=\"alignnone wp-image-2459 size-full\" src=\"http:\/\/aceite.globecore.com\/wp-content\/uploads\/sites\/30\/2016\/04\/CMM-R2.jpg\" alt=\"CMM-R2 comprar regeneradora de aceite\" width=\"868\" height=\"1260\" srcset=\"https:\/\/aceite.globecore.com\/wp-content\/uploads\/sites\/30\/2016\/04\/CMM-R2.jpg 868w, https:\/\/aceite.globecore.com\/wp-content\/uploads\/sites\/30\/2016\/04\/CMM-R2-207x300.jpg 207w, https:\/\/aceite.globecore.com\/wp-content\/uploads\/sites\/30\/2016\/04\/CMM-R2-768x1115.jpg 768w, https:\/\/aceite.globecore.com\/wp-content\/uploads\/sites\/30\/2016\/04\/CMM-R2-705x1024.jpg 705w\" sizes=\"auto, (max-width: 868px) 100vw, 868px\" \/><\/td>\n<td style=\"text-align: left;\" valign=\"top\">\n<h3 class=\"entry-title\"><a href=\"http:\/\/aceite.globecore.com\/purificacion-de-aceite\/regeneracion-de-aceite\/cmm-r2-2.html\">GlobeCore CMM-R2 de regeneraci\u00f3n de aceite diel\u00e9ctrico<\/a><\/h3>\n<p>GlobeCore produce las m\u00e1quinas de regeneraci\u00f3n de aceite que cubren los intereses tanto de fabricantes de transformadores como de empresas de mantenimiento.<\/p>\n<p>Las m\u00e1quinas GlobeCore contienen el sorbente que adsorbe todos los productos de desintegraci\u00f3n de aceite.<\/p>\n<p>Regeneraci\u00f3n GlobeCore permite usar el sorbente hasta 3 a\u00f1os, antes de la primera sustituci\u00f3n. Ya no existe necesidad en materiales consumibles y en mano de obra para sustituci\u00f3n de sorbente usado.<\/p>\n<p>M\u00e1quinas de regeneraci\u00f3n se suministran tanto en conjunto con el bloque de desgasificaci\u00f3n como aparte.<\/p>\n<p>M\u00e1quinas de regeneraci\u00f3n pueden estar acopladas sin costos adicionales a sistemas disponibles de desgasificaci\u00f3n o secado de aceite.<\/td>\n<\/tr>\n<tr>\n<td style=\"text-align: left;\" valign=\"top\"><img loading=\"lazy\" decoding=\"async\" class=\"alignnone wp-image-3559 size-medium\" src=\"http:\/\/aceite.globecore.com\/wp-content\/uploads\/sites\/30\/2020\/04\/12\u0420-300x245.jpg\" alt=\"\" width=\"300\" height=\"245\" srcset=\"https:\/\/aceite.globecore.com\/wp-content\/uploads\/sites\/30\/2020\/04\/12\u0420-300x245.jpg 300w, https:\/\/aceite.globecore.com\/wp-content\/uploads\/sites\/30\/2020\/04\/12\u0420-1024x836.jpg 1024w, https:\/\/aceite.globecore.com\/wp-content\/uploads\/sites\/30\/2020\/04\/12\u0420-768x627.jpg 768w, https:\/\/aceite.globecore.com\/wp-content\/uploads\/sites\/30\/2020\/04\/12\u0420.jpg 1225w\" sizes=\"auto, (max-width: 300px) 100vw, 300px\" \/><\/td>\n<td style=\"text-align: left;\" valign=\"top\">\n<h3 class=\"entry-title\"><a href=\"https:\/\/aceite.globecore.com\/purificacion-de-aceite\/regeneracion-de-aceite\/planta-regeneracion-aceite-sistema-reactivacion-tierra-fuller-cmm-r121000.html\">Planta de regeneraci\u00f3n de aceite con el sistema de reactivaci\u00f3n de Tierra Fuller \u0421\u041c\u041c-R12\/1000<\/a><\/h3>\n<p>La planta se usa durante la instalaci\u00f3n, mantenimiento y operaci\u00f3n del equipamiento de alto voltaje con el contenido de aceite (transformadores de potencia, equipamiento de conmutaci\u00f3n, etc.).<\/p>\n<p>La planta est\u00e1 dise\u00f1ada para el procesamiento de los aceites aislantes diel\u00e9ctricos y para el mantenimiento de los transformadores.<\/p>\n<p>El proceso de tratamiento del aceite diel\u00e9ctrico incluye lo siguiente:<\/p>\n<ul>\n<li>Removida de los gases disueltos en el aceite.<\/li>\n<li>Removida de agua libre y disuelta.<\/li>\n<li>Removida de las particulas s\u00f3lidas.<\/li>\n<li>Removida de los productos de decomposici\u00f3n del aceite.<\/li>\n<li>Mantenimiento de los transfrormadores incluye:<\/li>\n<li>Tratamiento por vac\u00edo del transfrormador.<\/li>\n<li>Calentamiento con el aceite caliente del transformador y de la parte activa de los devanados.<\/li>\n<li>Removida de lodos de los devanados.<\/li>\n<\/ul>\n<\/td>\n<\/tr>\n<tr>\n<td style=\"text-align: center;\" valign=\"top\"><\/td>\n<td valign=\"top\"><\/td>\n<\/tr>\n<tr>\n<td style=\"text-align: center;\" valign=\"top\"><img loading=\"lazy\" decoding=\"async\" class=\"alignnone wp-image-3560 size-medium\" src=\"http:\/\/aceite.globecore.com\/wp-content\/uploads\/sites\/30\/2020\/04\/\u0423\u0412\u0420-450.16-300x294.jpg\" alt=\"\" width=\"300\" height=\"294\" srcset=\"https:\/\/aceite.globecore.com\/wp-content\/uploads\/sites\/30\/2020\/04\/\u0423\u0412\u0420-450.16-300x294.jpg 300w, https:\/\/aceite.globecore.com\/wp-content\/uploads\/sites\/30\/2020\/04\/\u0423\u0412\u0420-450.16-768x753.jpg 768w, https:\/\/aceite.globecore.com\/wp-content\/uploads\/sites\/30\/2020\/04\/\u0423\u0412\u0420-450.16.jpg 1020w\" sizes=\"auto, (max-width: 300px) 100vw, 300px\" \/><\/td>\n<td valign=\"top\">\n<h3 class=\"entry-title\"><a href=\"http:\/\/aceite.globecore.com\/globecore-uvr-45016-regeneracion-aceites-industriales-en-base-mineral.html\">GlobeCore UVR-450\/16\u00a0de regeneraci\u00f3n de aceites industriales base mineral<\/a><\/h3>\n<p style=\"text-align: left;\">Las m\u00e1quinas de regeneraci\u00f3n operan exitosamente con aceites de transformador, aceites de turbina, aceites industriales, combustibles diesel y aceites combustibles en decenas de las\u00a0 empresas en todas partes del mundo.<\/p>\n<p style=\"text-align: left;\">La m\u00e1quina se aplica en las empresas de cualquier rubro, no requiere colocaci\u00f3n especial, se transporta f\u00e1cilmente y es silenciosa.<\/p>\n<p style=\"text-align: left;\">En las m\u00e1quinas UVR se aplica el sorbente especial cual une en s\u00ed un costo econ\u00f3mico y altas propiedades de sorci\u00f3n cuales permiten despu\u00e9s de regeneraci\u00f3n obtener el producto con caracter\u00edsticas que superan las del producto nuevo.<\/p>\n<p style=\"text-align: left;\"><span style=\"color: #00ccff;\">Nota<\/span>: Con \u00e9ste sistema se puede regenerar el aceite industrial solamente desp\u00faes de remover el agua, fluidos, oxiacidos, carbenos y asf\u00e1ltenos.<\/p>\n<\/td>\n<\/tr>\n<\/tbody>\n<\/table>\n<\/div>\n<\/div>\n<\/div>\n<\/div>\n<\/div>\n<\/div>\n","protected":false},"excerpt":{"rendered":"<p>Dependiendo de las necesidades espec\u00edficas de los clientes GlobeCore ofrece varias soluciones en el \u00e1rea de tratamiento de los aceites aislantes con su tecnolog\u00eda exclusiva: Regeneraci\u00f3n de aceite Desgasificaci\u00f3n de aceite Secado de aceite por termovac\u00edo Filtraci\u00f3n y trasiego de aceite Secado de aceite por zeolitas Calentamiento de aceite Adici\u00f3n de aceite Aplicaci\u00f3n de vac\u00edo<a class=\"cg-read-more\" href=\"https:\/\/aceite.globecore.com\/purificacion-de-aceite\/regeneracion-de-aceite\" target=\"_blank\">Read More <\/a><\/p>\n","protected":false},"author":7,"featured_media":0,"parent":11,"menu_order":0,"comment_status":"closed","ping_status":"closed","template":"","meta":{"footnotes":""},"class_list":["post-2446","page","type-page","status-publish","hentry"],"acf":[],"language":"en","_links":{"self":[{"href":"https:\/\/aceite.globecore.com\/en\/wp-json\/wp\/v2\/pages\/2446","targetHints":{"allow":["GET"]}}],"collection":[{"href":"https:\/\/aceite.globecore.com\/en\/wp-json\/wp\/v2\/pages"}],"about":[{"href":"https:\/\/aceite.globecore.com\/en\/wp-json\/wp\/v2\/types\/page"}],"author":[{"embeddable":true,"href":"https:\/\/aceite.globecore.com\/en\/wp-json\/wp\/v2\/users\/7"}],"replies":[{"embeddable":true,"href":"https:\/\/aceite.globecore.com\/en\/wp-json\/wp\/v2\/comments?post=2446"}],"version-history":[{"count":0,"href":"https:\/\/aceite.globecore.com\/en\/wp-json\/wp\/v2\/pages\/2446\/revisions"}],"up":[{"embeddable":true,"href":"https:\/\/aceite.globecore.com\/en\/wp-json\/wp\/v2\/pages\/11"}],"wp:attachment":[{"href":"https:\/\/aceite.globecore.com\/en\/wp-json\/wp\/v2\/media?parent=2446"}],"curies":[{"name":"wp","href":"https:\/\/api.w.org\/{rel}","templated":true}]}}