{"id":2401,"date":"2016-04-05T14:10:00","date_gmt":"2016-04-05T14:10:00","guid":{"rendered":"http:\/\/aceite.globecore.com\/?page_id=2401"},"modified":"2025-09-23T12:56:34","modified_gmt":"2025-09-23T12:56:34","slug":"sobre-nosotros","status":"publish","type":"page","link":"https:\/\/aceite.globecore.com\/sobre-nosotros","title":{"rendered":"Sobre Nosotros"},"content":{"rendered":"<div id=\"pl-2401\" class=\"panel-layout\">\n<div id=\"pg-2401-0\" class=\"panel-grid panel-no-style\">\n<div id=\"pgc-2401-0-0\" class=\"panel-grid-cell\">\n<div id=\"panel-2401-0-0-0\" class=\"so-panel widget widget_sow-editor panel-first-child panel-last-child\">\n<div class=\"so-widget-sow-editor so-widget-sow-editor-base\">\n<div class=\"siteorigin-widget-tinymce textwidget\">\n<div class=\"entry-content\">\n<p><em><strong>GlobeCore<\/strong><\/em> es uno de los l\u00edderes mundiales en la producci\u00f3n de equipos industriales. Los productos de <em><strong>GlobeCore<\/strong><\/em> se aplican en la producci\u00f3n de emulsiones bituminosas, regeneraci\u00f3n y purificaci\u00f3n de aceite de transformadores, mezcla de combustibles, producci\u00f3n de biodi\u00e9sel y emulsificaci\u00f3n de pr\u00e1cticamente cualquier tipo de material.<\/p>\n<p>Nuestra sede y las instalaciones de producci\u00f3n se encuentran en <strong>Poltava, Ucrania<\/strong>. Nuestros sistemas han sido suministrados y operados con \u00e9xito en m\u00e1s de 100 pa\u00edses. Una red global de m\u00e1s de <strong>100 distribuidores<\/strong> respalda las ventas y los servicios a nivel mundial.<\/p>\n<p><img loading=\"lazy\" decoding=\"async\" class=\"wp-image-1477 size-large aligncenter\" src=\"https:\/\/globecore.com\/wp-content\/uploads\/2013\/10\/GlobeCore-Oldenburg-Germany-1200x333.jpg\" alt=\"GlobeCore production facility\" width=\"625\" height=\"173\" \/><\/p>\n<p><em><strong>GlobeCore<\/strong><\/em> ha establecido oficinas representativas en Estados Unidos, Sud\u00e1frica y Emiratos \u00c1rabes Unidos para ampliar su alcance y mejorar la eficiencia. Estamos expandiendo activamente la producci\u00f3n y los territorios de venta, desarrollando la infraestructura y ofreciendo nuevos servicios adicionales.<\/p>\n<p style=\"text-align: center;\"><img loading=\"lazy\" decoding=\"async\" class=\"aligncenter wp-image-3281 size-large\" src=\"https:\/\/aceite.globecore.com\/wp-content\/uploads\/sites\/30\/2016\/04\/OFICINAS-GLOBECORE-992x1024.jpg\" alt=\"GlobeCore offices\" width=\"604\" height=\"623\" srcset=\"https:\/\/aceite.globecore.com\/wp-content\/uploads\/sites\/30\/2016\/04\/OFICINAS-GLOBECORE-992x1024.jpg 992w, https:\/\/aceite.globecore.com\/wp-content\/uploads\/sites\/30\/2016\/04\/OFICINAS-GLOBECORE-291x300.jpg 291w, https:\/\/aceite.globecore.com\/wp-content\/uploads\/sites\/30\/2016\/04\/OFICINAS-GLOBECORE-768x793.jpg 768w, https:\/\/aceite.globecore.com\/wp-content\/uploads\/sites\/30\/2016\/04\/OFICINAS-GLOBECORE.jpg 1200w\" sizes=\"auto, (max-width: 604px) 100vw, 604px\" \/><\/p>\n<p>Las instalaciones de producci\u00f3n est\u00e1n equipadas conforme a los est\u00e1ndares internacionales de la industria, incluyendo corte de metal por plasma rob\u00f3tico, sistemas de soldadura automatizados y maquinaria moderna controlada por PLC.<\/p>\n<p>El equipo de ingenieros desarrolla sistem\u00e1ticamente nuevos equipos y mejora las l\u00edneas de productos existentes. <em><strong>GlobeCore<\/strong><\/em> fabrica cientos de unidades anualmente, y cada producto es probado cuidadosamente en los laboratorios de ensayo de la compa\u00f1\u00eda.<\/p>\n<p style=\"text-align: center;\"><img loading=\"lazy\" decoding=\"async\" class=\"wp-image-1478 size-full aligncenter\" src=\"https:\/\/globecore.com\/wp-content\/uploads\/2013\/10\/globecore-office.jpg\" alt=\"GlobeCore manufacturing facility\" width=\"800\" height=\"299\" \/><\/p>\n<p>Cientos de cartas y comentarios positivos de nuestros clientes confirman que estamos avanzando en la direcci\u00f3n correcta. A lo largo de los a\u00f1os, hemos establecido numerosos contactos y creado una amplia red de clientes recurrentes. Y no nos detenemos. <em><strong>GlobeCore<\/strong><\/em> est\u00e1 abierta a nuevos clientes y extiende una cordial invitaci\u00f3n a todos para visitar nuestras instalaciones en Poltava.<\/p>\n<p>&nbsp;<\/p>\n<\/div>\n<\/div>\n<\/div>\n<\/div>\n<\/div>\n<\/div>\n<\/div>\n","protected":false},"excerpt":{"rendered":"<p>GlobeCore es uno de los l\u00edderes mundiales en la producci\u00f3n de equipos industriales. Los productos de GlobeCore se aplican en la producci\u00f3n de emulsiones bituminosas, regeneraci\u00f3n y purificaci\u00f3n de aceite de transformadores, mezcla de combustibles, producci\u00f3n de biodi\u00e9sel y emulsificaci\u00f3n de pr\u00e1cticamente cualquier tipo de material. Nuestra sede y las instalaciones de producci\u00f3n se encuentran<a class=\"cg-read-more\" href=\"https:\/\/aceite.globecore.com\/sobre-nosotros\" target=\"_blank\">Read More <\/a><\/p>\n","protected":false},"author":1,"featured_media":0,"parent":0,"menu_order":2,"comment_status":"closed","ping_status":"closed","template":"","meta":{"footnotes":""},"class_list":["post-2401","page","type-page","status-publish","hentry"],"acf":[],"language":"en","_links":{"self":[{"href":"https:\/\/aceite.globecore.com\/en\/wp-json\/wp\/v2\/pages\/2401","targetHints":{"allow":["GET"]}}],"collection":[{"href":"https:\/\/aceite.globecore.com\/en\/wp-json\/wp\/v2\/pages"}],"about":[{"href":"https:\/\/aceite.globecore.com\/en\/wp-json\/wp\/v2\/types\/page"}],"author":[{"embeddable":true,"href":"https:\/\/aceite.globecore.com\/en\/wp-json\/wp\/v2\/users\/1"}],"replies":[{"embeddable":true,"href":"https:\/\/aceite.globecore.com\/en\/wp-json\/wp\/v2\/comments?post=2401"}],"version-history":[{"count":2,"href":"https:\/\/aceite.globecore.com\/en\/wp-json\/wp\/v2\/pages\/2401\/revisions"}],"predecessor-version":[{"id":3645,"href":"https:\/\/aceite.globecore.com\/en\/wp-json\/wp\/v2\/pages\/2401\/revisions\/3645"}],"wp:attachment":[{"href":"https:\/\/aceite.globecore.com\/en\/wp-json\/wp\/v2\/media?parent=2401"}],"curies":[{"name":"wp","href":"https:\/\/api.w.org\/{rel}","templated":true}]}}