{"id":11,"date":"2016-04-04T15:46:03","date_gmt":"2016-04-04T15:46:03","guid":{"rendered":"http:\/\/aceite.globecore.com\/?page_id=11"},"modified":"2021-03-22T08:50:33","modified_gmt":"2021-03-22T08:50:33","slug":"purificacion-de-aceite","status":"publish","type":"page","link":"https:\/\/aceite.globecore.com\/purificacion-de-aceite","title":{"rendered":"Productos"},"content":{"rendered":"<div id=\"pl-11\" class=\"panel-layout\">\n<div id=\"pg-11-0\" class=\"panel-grid panel-no-style\">\n<div id=\"pgc-11-0-0\" class=\"panel-grid-cell\" data-weight=\"1\">\n<div id=\"panel-11-0-0-0\" class=\"so-panel widget widget_sow-editor panel-first-child panel-last-child\" data-index=\"0\" data-style=\"{&quot;background_display&quot;:&quot;tile&quot;}\">\n<div class=\"so-widget-sow-editor so-widget-sow-editor-base\">\n<div class=\"siteorigin-widget-tinymce textwidget\">\n<p>Dependiendo de las necesidades espec\u00edficas de los clientes GlobeCore ofrece varias soluciones en el \u00e1rea de tratamiento de los aceites aislantes con su tecnolog\u00eda exclusiva:<\/p>\n<ul>\n<li>Regeneraci\u00f3n de aceite<\/li>\n<li>Desgasificaci\u00f3n de aceite<\/li>\n<li>Secado de aceite por termovac\u00edo<\/li>\n<li>Filtraci\u00f3n y trasiego de aceite<\/li>\n<li>Secado de aceite por zeolitas<\/li>\n<li>Calentamiento de aceite<\/li>\n<li>Adici\u00f3n de aceite<\/li>\n<li>Aplicaci\u00f3n de vac\u00edo al equipamiento<\/li>\n<li>Reactivaci\u00f3n de sorbentes<\/li>\n<li>Secado de aire<\/li>\n<li>Secado de embobinado de transformador a bajas temperaturas.<\/li>\n<\/ul>\n<p>Existen siguientes\u00a0opciones de presentaci\u00f3n\u00a0de las m\u00e1quinas:<\/p>\n<ul>\n<li>montado sobre una carcasa<\/li>\n<li>montado sobr eun remolque<\/li>\n<li>montado dentro de un contenedor<\/li>\n<li>a prueba de explosi\u00f3n (contenedor con puertas enrollables)<\/li>\n<\/ul>\n<p><strong>\u00a0<\/strong><\/p>\n<p><strong>\u00a0\u00a0\u00a0\u00a0\u00a0\u00a0\u00a0\u00a0\u00a0 <\/strong>Recomendaciones generales para seleccionar el equipo:<\/p>\n<table>\n<tbody>\n<tr>\n<td width=\"328\">Capacidad de la maquina, l\/h<\/td>\n<td width=\"329\">Volumen de de aceite en transformador, l<\/td>\n<\/tr>\n<tr>\n<td width=\"328\">0-1000<\/td>\n<td width=\"329\">hasta 4000<\/td>\n<\/tr>\n<tr>\n<td width=\"328\">1000-4000<\/td>\n<td width=\"329\">hasta 10000<\/td>\n<\/tr>\n<tr>\n<td width=\"328\">4000 y m\u00e1s<\/td>\n<td width=\"329\">Hasta 30000<\/td>\n<\/tr>\n<tr>\n<td width=\"328\">10000-15000<\/td>\n<td width=\"329\">30000-80000<\/td>\n<\/tr>\n<\/tbody>\n<\/table>\n<\/div>\n<\/div>\n<\/div>\n<\/div>\n<\/div>\n<div id=\"pg-11-1\" class=\"panel-grid panel-no-style\">\n<div id=\"pgc-11-1-0\" class=\"panel-grid-cell\" data-weight=\"1\">\n<div id=\"panel-11-1-0-0\" class=\"so-panel widget widget_sow-editor panel-first-child\" data-index=\"1\" data-style=\"{&quot;background_image_attachment&quot;:false,&quot;background_display&quot;:&quot;tile&quot;}\">\n<div class=\"so-widget-sow-editor so-widget-sow-editor-base\">\n<h3 class=\"widget-title\">Breves caracter\u00edsticas de las m\u00e1quinas de tratamiento de aceite GlobeCore<\/h3>\n<div class=\"siteorigin-widget-tinymce textwidget\">\n<table>\n<tbody>\n<tr>\n<td colspan=\"2\" width=\"177\">Tipo de tratamiento de aceite<\/td>\n<td width=\"113\">Denominaci\u00f3n de equipamiento<\/td>\n<td width=\"123\">Capacidad, m<sup>3<\/sup>\/h<\/td>\n<td width=\"333\">Propiedades de aceite despu\u00e9s de tratamiento <sup>1)<\/sup><\/td>\n<td width=\"284\">Principio de funcionamiento<\/td>\n<\/tr>\n<tr>\n<td colspan=\"2\" rowspan=\"8\" width=\"177\">Desgasificaci\u00f3n, secado por termovac\u00edo<\/td>\n<td width=\"113\">UVM-1<\/td>\n<td width=\"123\">1<\/td>\n<td rowspan=\"8\" width=\"333\">&#8211; contenido de gas, %: no m\u00e1s de 0,1<\/p>\n<p>&#8211; contenido de humedad, ppm: no m\u00e1s de 5<\/p>\n<p>&#8211; clase de pureza industrial conforme a ISO 4406: no menos de -\/14\/12<\/p>\n<p>&#8211; tensi\u00f3n disruptiva, kV: hasta 70<\/td>\n<td rowspan=\"8\" width=\"284\">Mediante alto vac\u00edo en la c\u00e1mara de vac\u00edo se eliminan agua y gases de aceite calentado<\/td>\n<\/tr>\n<tr>\n<td width=\"113\">UVM-4\/7<\/td>\n<td width=\"123\">4<\/td>\n<\/tr>\n<tr>\n<td width=\"113\">CMM-6D<\/td>\n<td width=\"123\">6<\/td>\n<\/tr>\n<tr>\n<td width=\"113\">CMM-6DM<\/td>\n<td width=\"123\">6<\/td>\n<\/tr>\n<tr>\n<td width=\"113\">UVM-6\/14<\/td>\n<td width=\"123\">6<\/td>\n<\/tr>\n<tr>\n<td width=\"113\">UVM-10 T<\/td>\n<td width=\"123\">10<\/td>\n<\/tr>\n<tr>\n<td width=\"113\">UVM-10\/15T<\/td>\n<td width=\"123\">10<\/td>\n<\/tr>\n<tr>\n<td width=\"113\">UVM-10A<\/td>\n<td width=\"123\">10<\/td>\n<\/tr>\n<tr>\n<td colspan=\"2\" rowspan=\"7\" width=\"177\">Secado por termovac\u00edo<\/td>\n<td width=\"113\">\u0421\u041c\u041c-0.16<\/td>\n<td width=\"123\">0.16<\/td>\n<td rowspan=\"7\" width=\"333\">&#8211; contenido de humedad, ppm: no m\u00e1s de 10<\/p>\n<p>&#8211; clase de pureza industrial conforme a ISO 4406: no menos de -\/14\/12<\/p>\n<p>&#8211; tensi\u00f3n disruptiva, kV: hasta 65<\/td>\n<td rowspan=\"7\" width=\"284\">Mediante vac\u00edo en la c\u00e1mara de vac\u00edo se eliminan agua y gases de aceite calentado<\/td>\n<\/tr>\n<tr>\n<td width=\"113\">\u0421\u041c\u041c-0.6<\/td>\n<td width=\"123\">0.6<\/td>\n<\/tr>\n<tr>\n<td width=\"113\">\u0421\u041c\u041c-1.0<\/td>\n<td width=\"123\">1.0<\/td>\n<\/tr>\n<tr>\n<td width=\"113\">\u0421\u041c\u041c-2.2<\/td>\n<td width=\"123\">2,2<\/td>\n<\/tr>\n<tr>\n<td width=\"113\">\u0421\u041c\u041c-2.2D<\/td>\n<td width=\"123\">2.2<\/td>\n<\/tr>\n<tr>\n<td width=\"113\">\u0421\u041c\u041c-4<\/td>\n<td width=\"123\">4<\/td>\n<\/tr>\n<tr>\n<td width=\"113\">\u0421\u041c\u041c-4D<\/td>\n<td width=\"123\">4<\/td>\n<\/tr>\n<tr>\n<td rowspan=\"6\" width=\"64\">Filtraci\u00f3n y trasiego<\/td>\n<td rowspan=\"3\" width=\"113\">Eliminaci\u00f3n de part\u00edculas s\u00f3lidas y agua<\/td>\n<td width=\"113\">CFU-0.5F<\/td>\n<td width=\"123\">0.5<\/td>\n<td rowspan=\"3\" width=\"333\">&#8211; clase de pureza industrial conforme a ISO 4406: no menos de -\/14\/12<\/td>\n<td rowspan=\"3\" width=\"284\">Eliminaci\u00f3n de part\u00edculas s\u00f3lidas, agua disuelta (parcialmente), \u00e1cidos y \u00e1lcalis hidrosolubles mediante los filtros coagulantes<\/td>\n<\/tr>\n<tr>\n<td width=\"113\">CFU-0.8F<\/td>\n<td width=\"123\">0.8<\/td>\n<\/tr>\n<tr>\n<td width=\"113\">\u0421\u041c\u041c-4F<\/td>\n<td width=\"123\">4<\/td>\n<\/tr>\n<tr>\n<td rowspan=\"3\" width=\"113\">Eliminaci\u00f3n de part\u00edculas s\u00f3lidas<\/td>\n<td width=\"113\">CFU-1.7<\/td>\n<td width=\"123\">1.7<\/td>\n<td rowspan=\"3\" width=\"333\">&#8211; clase de pureza industrial conforme a ISO 4406: no menos de -\/14\/12<\/p>\n<p>&#8211; contenido de humedad, ppm: no m\u00e1s de 30<\/td>\n<td rowspan=\"3\" width=\"284\">Eliminaci\u00f3n de part\u00edculas s\u00f3lidas mediante los filtros reemplazables<\/td>\n<\/tr>\n<tr>\n<td width=\"113\">CFU-4<\/td>\n<td width=\"123\">4<\/td>\n<\/tr>\n<tr>\n<td width=\"113\">CFU-7<\/td>\n<td width=\"123\">7<\/td>\n<\/tr>\n<tr>\n<td colspan=\"2\" rowspan=\"3\" width=\"177\">Eliminaci\u00f3n de agua<\/td>\n<td width=\"113\">MCU-1.7<\/td>\n<td width=\"123\">1.7<\/td>\n<td rowspan=\"3\" width=\"333\">&#8211; clase de pureza industrial conforme a ISO 4406: no menos de -\/14\/12<\/p>\n<p>&#8211; contenido de humedad, ppm: no m\u00e1s de 10<\/td>\n<td rowspan=\"3\" width=\"284\">Eliminaci\u00f3n de part\u00edculas s\u00f3lidas, agua disuelta, \u00e1cidos hidrosolubles de aceite calentado mediante zeolita<\/td>\n<\/tr>\n<tr>\n<td width=\"113\">MCU-4.3<\/td>\n<td width=\"123\">4.3<\/td>\n<\/tr>\n<tr>\n<td width=\"113\">MCU-7<\/td>\n<td width=\"123\">2<\/td>\n<\/tr>\n<tr>\n<td colspan=\"2\" rowspan=\"3\" width=\"177\">Calentamiento<\/td>\n<td width=\"113\">\u0420\u0420\u041c-18<\/td>\n<td width=\"123\">2.2<\/td>\n<td width=\"333\"><em>&#8211; temperatura de calentamiento: no m\u00e1s de 120<sup>0<\/sup><\/em><em>\u0421<\/em><\/td>\n<td rowspan=\"3\" width=\"284\">Calentamiento de aceite mediante los calentadores tubulares el\u00e9ctricos<\/td>\n<\/tr>\n<tr>\n<td width=\"113\">\u0420\u0420\u041c-50<\/td>\n<td width=\"123\">4<\/td>\n<td rowspan=\"2\" width=\"333\"><em>&#8211; temperatura de calentamiento: no m\u00e1s de 150<sup>0<\/sup><\/em><em>\u0421<\/em><em><sup>2)<\/sup><\/em><\/td>\n<\/tr>\n<tr>\n<td width=\"113\">\u0420\u0420\u041c-70<\/td>\n<td width=\"123\">4<\/td>\n<\/tr>\n<\/tbody>\n<\/table>\n<p>Notas:<br \/>\n<sup>1)<\/sup> Se obtienen si las propiedades iniciales de aceite son:<br \/>\n&#8211; contenido de gas: no m\u00e1s de 10.5%<br \/>\n&#8211; contenido de humedad: no m\u00e1s de 0.005% (50 ppm)<br \/>\n&#8211; temperatura: no menos de 0\u00ba\u0421<br \/>\n<em>&#8211; <\/em>\u00a0clase de pureza industrial conforme a ISO 4406: -\/18\/16<br \/>\n<sup>2)\u00a0 <\/sup>Puede ser incrementada hasta 200\u00b0\u0421 seg\u00fan la petici\u00f3n del cliente.<\/p>\n<p><iframe loading=\"lazy\" title=\"Mantenimiento de transformadores de alta potencia con CMM-4\/7 y BV-100 de GlobeCore\" width=\"604\" height=\"340\" src=\"https:\/\/www.youtube.com\/embed\/TNVLna35I4Y?feature=oembed\" frameborder=\"0\" allow=\"accelerometer; autoplay; clipboard-write; encrypted-media; gyroscope; picture-in-picture; web-share\" referrerpolicy=\"strict-origin-when-cross-origin\" allowfullscreen><\/iframe><\/p>\n<\/div>\n<\/div>\n<\/div>\n<div id=\"panel-11-1-0-1\" class=\"so-panel widget widget_sow-editor panel-last-child\" data-index=\"2\" data-style=\"{&quot;background_display&quot;:&quot;tile&quot;}\">\n<div class=\"so-widget-sow-editor so-widget-sow-editor-base\">\n<div class=\"siteorigin-widget-tinymce textwidget\"><\/div>\n<\/div>\n<\/div>\n<\/div>\n<\/div>\n<\/div>\n","protected":false},"excerpt":{"rendered":"<p>Dependiendo de las necesidades espec\u00edficas de los clientes GlobeCore ofrece varias soluciones en el \u00e1rea de tratamiento de los aceites aislantes con su tecnolog\u00eda exclusiva: Regeneraci\u00f3n de aceite Desgasificaci\u00f3n de aceite Secado de aceite por termovac\u00edo Filtraci\u00f3n y trasiego de aceite Secado de aceite por zeolitas Calentamiento de aceite Adici\u00f3n de aceite Aplicaci\u00f3n de vac\u00edo<a class=\"cg-read-more\" href=\"https:\/\/aceite.globecore.com\/purificacion-de-aceite\" target=\"_blank\">Read More <\/a><\/p>\n","protected":false},"author":1,"featured_media":0,"parent":0,"menu_order":1,"comment_status":"closed","ping_status":"closed","template":"page-templates\/page-single-products.php","meta":{"footnotes":""},"class_list":["post-11","page","type-page","status-publish","hentry"],"acf":[],"language":"en","_links":{"self":[{"href":"https:\/\/aceite.globecore.com\/en\/wp-json\/wp\/v2\/pages\/11","targetHints":{"allow":["GET"]}}],"collection":[{"href":"https:\/\/aceite.globecore.com\/en\/wp-json\/wp\/v2\/pages"}],"about":[{"href":"https:\/\/aceite.globecore.com\/en\/wp-json\/wp\/v2\/types\/page"}],"author":[{"embeddable":true,"href":"https:\/\/aceite.globecore.com\/en\/wp-json\/wp\/v2\/users\/1"}],"replies":[{"embeddable":true,"href":"https:\/\/aceite.globecore.com\/en\/wp-json\/wp\/v2\/comments?post=11"}],"version-history":[{"count":0,"href":"https:\/\/aceite.globecore.com\/en\/wp-json\/wp\/v2\/pages\/11\/revisions"}],"wp:attachment":[{"href":"https:\/\/aceite.globecore.com\/en\/wp-json\/wp\/v2\/media?parent=11"}],"curies":[{"name":"wp","href":"https:\/\/api.w.org\/{rel}","templated":true}]}}